{"id":6960,"date":"2024-09-03T18:38:38","date_gmt":"2024-09-03T18:38:38","guid":{"rendered":"https:\/\/lmaccareercentre.com\/free-service\/"},"modified":"2026-02-03T20:13:08","modified_gmt":"2026-02-03T20:13:08","slug":"demande-de-service","status":"publish","type":"page","link":"https:\/\/lmaccareercentre.com\/fr\/demande-de-service\/","title":{"rendered":"Demande de service"},"content":{"rendered":"<p>[vc_row wrap_class=&#8221;yes&#8221; css=&#8221;.vc_custom_1725389335427{padding-top: 120px !important;padding-bottom: 50px !important;background-color: #383838 !important;background-position: center !important;background-repeat: no-repeat !important;background-size: cover !important;}&#8221;][vc_column][vc_column_text css_animation=&#8221;fadeIn&#8221; css=&#8221;.vc_custom_1763404426763{padding-top: 30px !important;padding-right: 30px !important;padding-bottom: 30px !important;padding-left: 30px !important;}&#8221;]<\/p>\n<h1 class=\"text-center\" style=\"margin-bottom: 25px;\">DEMANDE DE SERVICE<\/h1>\n<p style=\"font-size: 16px; color: lightgray; text-align: center;\">Veuillez remplir le formulaire ci-dessous pour faire une demande sur un de nos\u00a0 services. Une confirmation vous sera envoy\u00e9e directement avec la date et l&#8217;heure.<\/p>\n<p>[\/vc_column_text][vc_row_inner][vc_column_inner][vc_btn title=&#8221;VOIR NOS SERVICES GRATUITS&#8221; style=&#8221;flat&#8221; color=&#8221;black&#8221; size=&#8221;lg&#8221; align=&#8221;center&#8221; link=&#8221;url:https%3A%2F%2Flmaccareercentre.com%2Ffr%2Fservice-gratuit%2F|title:Service%20gratuit||&#8221;][\/vc_column_inner][\/vc_row_inner][\/vc_column][\/vc_row][vc_row][vc_column]\n<div class=\"wpcf7 no-js\" id=\"wpcf7-f6962-o1\" lang=\"fr-FR\" dir=\"ltr\" data-wpcf7-id=\"6962\">\n<div class=\"screen-reader-response\"><p role=\"status\" aria-live=\"polite\" aria-atomic=\"true\"><\/p> <ul><\/ul><\/div>\n<form action=\"\/fr\/wp-json\/wp\/v2\/pages\/6960#wpcf7-f6962-o1\" method=\"post\" class=\"wpcf7-form init\" aria-label=\"Formulaire de contact\" novalidate=\"novalidate\" data-status=\"init\">\n<fieldset class=\"hidden-fields-container\"><input type=\"hidden\" name=\"_wpcf7\" value=\"6962\" \/><input type=\"hidden\" name=\"_wpcf7_version\" value=\"6.1.1\" \/><input type=\"hidden\" name=\"_wpcf7_locale\" value=\"fr_FR\" \/><input type=\"hidden\" name=\"_wpcf7_unit_tag\" value=\"wpcf7-f6962-o1\" \/><input type=\"hidden\" name=\"_wpcf7_container_post\" value=\"0\" \/><input type=\"hidden\" name=\"_wpcf7_posted_data_hash\" value=\"\" \/><input type=\"hidden\" name=\"_wpcf7_recaptcha_response\" value=\"\" \/>\n<\/fieldset>\n<input class=\"wpcf7-form-control wpcf7-hidden\" value=\"\" type=\"hidden\" name=\"laser-teachers\" \/>\n<input class=\"wpcf7-form-control wpcf7-hidden\" value=\"\" type=\"hidden\" name=\"aesthetics-teachers\" \/>\n<input class=\"wpcf7-form-control wpcf7-hidden\" value=\"\" type=\"hidden\" name=\"hair-teachers\" \/>\n<input class=\"wpcf7-form-control wpcf7-hidden\" value=\"\" type=\"hidden\" name=\"all-service-teachers\" \/>\n<input class=\"wpcf7-form-control wpcf7-hidden\" value=\"\" type=\"hidden\" name=\"service-choice-hidden\" \/>\n<input class=\"wpcf7-form-control wpcf7-hidden\" value=\"\" type=\"hidden\" name=\"forfait-option-hidden\" \/>\n<div id=\"services-form\" class=\"novalidate service-form\">\n\t<div class=\"input-wrapper\">\n\t\t<div class=\"input-ctn\">\n\t\t\t<p><label for=\"name\">Pr\u00e9nom: * <\/label><span class=\"wpcf7-form-control-wrap\" data-name=\"your-firstname\"><input size=\"40\" maxlength=\"400\" class=\"wpcf7-form-control wpcf7-text wpcf7-validates-as-required\" id=\"name\" aria-required=\"true\" aria-invalid=\"false\" value=\"\" type=\"text\" name=\"your-firstname\" \/><\/span>\n\t\t\t<\/p>\n\t\t<\/div>\n\t\t<div class=\"input-ctn\">\n\t\t\t<p><label for=\"lastname\">Nom: * <\/label><span class=\"wpcf7-form-control-wrap\" data-name=\"your-lastname\"><input size=\"40\" maxlength=\"400\" class=\"wpcf7-form-control wpcf7-text wpcf7-validates-as-required\" id=\"lastname\" aria-required=\"true\" aria-invalid=\"false\" value=\"\" type=\"text\" name=\"your-lastname\" \/><\/span>\n\t\t\t<\/p>\n\t\t<\/div>\n\t<\/div>\n\t<div class=\"input-wrapper\">\n\t\t<div class=\"input-ctn\">\n\t\t\t<p><label for=\"email\">Courriel: * <\/label><span class=\"wpcf7-form-control-wrap\" data-name=\"your-email\"><input size=\"40\" maxlength=\"400\" class=\"wpcf7-form-control wpcf7-email wpcf7-validates-as-required wpcf7-text wpcf7-validates-as-email\" id=\"email\" aria-required=\"true\" aria-invalid=\"false\" value=\"\" type=\"email\" name=\"your-email\" \/><\/span>\n\t\t\t<\/p>\n\t\t<\/div>\n\t\t<div class=\"input-ctn\">\n\t\t\t<p><label for=\"telephone\">Votre t\u00e9l\u00e9phone: * <\/label><span class=\"wpcf7-form-control-wrap\" data-name=\"your-phone\"><input size=\"40\" maxlength=\"400\" class=\"wpcf7-form-control wpcf7-tel wpcf7-validates-as-required wpcf7-text wpcf7-validates-as-tel\" aria-required=\"true\" aria-invalid=\"false\" value=\"\" type=\"tel\" name=\"your-phone\" \/><\/span>\n\t\t\t<\/p>\n\t\t<\/div>\n\t<\/div>\n\t<div class=\"input-wrapper\">\n\t\t<div class=\"input-ctn\">\n\t\t\t<p><label for=\"interested-service\">Service int\u00e9ress\u00e9: <\/label><span class=\"wpcf7-form-control-wrap\" data-name=\"interested-service\"><select class=\"wpcf7-form-control wpcf7-select\" id=\"interested-service\" aria-invalid=\"false\" name=\"interested-service\"><option value=\"\"><\/option><option value=\"Service esth\u00e9tique\">Service esth\u00e9tique<\/option><option value=\"Service capillaire\">Service capillaire<\/option><option value=\"Service laser\">Service laser<\/option><\/select><\/span>\n\t\t\t<\/p>\n\t\t<\/div>\n\t\t<div class=\"input-ctn aesthetics-service service-esth\u00e9tique hiding-class d-none\">\n\t\t\t<p><label for=\"service-choice\">Choisir une option: <\/label><span class=\"wpcf7-form-control-wrap\" data-name=\"service-choice\"><select class=\"wpcf7-form-control wpcf7-select service-choice\" aria-invalid=\"false\" name=\"service-choice\"><option value=\"\"><\/option><option value=\"Manucure et p\u00e9dicure\">Manucure et p\u00e9dicure<\/option><option value=\"Soins du visage\">Soins du visage<\/option><\/select><\/span>\n\t\t\t<\/p>\n\t\t<\/div>\n\t\t<div class=\"input-ctn hairdressing-service service-capillaire hiding-class d-none\">\n\t\t\t<p><label for=\"service-choice\">Choisir une option: <\/label><span class=\"wpcf7-form-control-wrap\" data-name=\"service-choice\"><select class=\"wpcf7-form-control wpcf7-select service-choice\" aria-invalid=\"false\" name=\"service-choice\"><option value=\"\"><\/option><option value=\"Services de couleurs\">Services de couleurs<\/option><option value=\"Services de coiffure\">Services de coiffure<\/option><\/select><\/span>\n\t\t\t<\/p>\n\t\t<\/div>\n\t\t<div class=\"input-ctn laser-service service-laser hiding-class d-none\">\n\t\t\t<p><label for=\"service-choice\">Choisir une option: <\/label><span class=\"wpcf7-form-control-wrap\" data-name=\"service-choice\"><select class=\"wpcf7-form-control wpcf7-select service-choice\" aria-invalid=\"false\" name=\"service-choice\"><option value=\"\"><\/option><option value=\"Zones corporelles\">Zones corporelles<\/option><option value=\"Bikini\">Bikini<\/option><option value=\"Jambes\">Jambes<\/option><\/select><\/span>\n\t\t\t<\/p>\n\t\t<\/div>\n\t\t<div class=\"input-ctn manicure-and-pedicure manucure-et-p\u00e9dicure second-hiding-class d-none\">\n\t\t\t<p><label for=\"option-choice\">Choisir un fortait: <\/label><span class=\"wpcf7-form-control-wrap\" data-name=\"option-choice\"><select class=\"wpcf7-form-control wpcf7-select option-choice\" aria-invalid=\"false\" name=\"option-choice\"><option value=\"\"><\/option><option value=\"Manucure\">Manucure<\/option><option value=\"Shellac manucure\">Shellac manucure<\/option><option value=\"Spa \n                                                                                                      p\u00e9dicure\">Spa \n                                                                                                      p\u00e9dicure<\/option><option value=\"Shellac p\u00e9dicure\">Shellac p\u00e9dicure<\/option><option value=\"Enl\u00e8vement de vernis shellac\">Enl\u00e8vement de vernis shellac<\/option><option value=\"Soin paraffine\">Soin paraffine<\/option><\/select><\/span>\n\t\t\t<\/p>\n\t\t<\/div>\n\t\t<div class=\"input-ctn facial-treatments soins-du-visage second-hiding-class d-none\">\n\t\t\t<p><label for=\"option-choice\">Choisir un fortait: <\/label><span class=\"wpcf7-form-control-wrap\" data-name=\"option-choice\"><select class=\"wpcf7-form-control wpcf7-select option-choice\" aria-invalid=\"false\" name=\"option-choice\"><option value=\"\"><\/option><option value=\"Facial de base\">Facial de base<\/option><option value=\"Traitement sp\u00e9cifique\">Traitement sp\u00e9cifique<\/option><option value=\"Traitement microdermabrasion\">Traitement microdermabrasion<\/option><option value=\"Oxygeneo\">Oxygeneo<\/option><option value=\"Masque hydrajelly\">Masque hydrajelly<\/option><\/select><\/span>\n\t\t\t<\/p>\n\t\t<\/div>\n\t\t<div class=\"input-ctn colour-services services-de-couleurs second-hiding-class d-none\">\n\t\t\t<p><label for=\"option-choice\">Choisir un fortait: <\/label><span class=\"wpcf7-form-control-wrap\" data-name=\"option-choice\"><select class=\"wpcf7-form-control wpcf7-select option-choice\" aria-invalid=\"false\" name=\"option-choice\"><option value=\"\"><\/option><option value=\"Application de couleur pour la repousse\">Application de couleur pour la repousse<\/option><option value=\"Gloss\">Gloss<\/option><option value=\"M\u00e8ches au chapeau\">M\u00e8ches au chapeau<\/option><option value=\"M\u00e8ches partielles\">M\u00e8ches partielles<\/option><option value=\"M\u00e8ches t\u00eate compl\u00e8te\">M\u00e8ches t\u00eate compl\u00e8te<\/option><option value=\"Balayage\/Ombr\u00e9\">Balayage\/Ombr\u00e9<\/option><option value=\"Pr\u00e9-\u00e9claircissement\">Pr\u00e9-\u00e9claircissement<\/option><option value=\"Effets sp\u00e9ciaux de couleur\">Effets sp\u00e9ciaux de couleur<\/option><\/select><\/span>\n\t\t\t<\/p>\n\t\t<\/div>\n\t\t<div class=\"input-ctn hair-services services-de-coiffure second-hiding-class d-none\">\n\t\t\t<p><label for=\"option-choice\">Choisir un fortait: <\/label><span class=\"wpcf7-form-control-wrap\" data-name=\"option-choice\"><select class=\"wpcf7-form-control wpcf7-select option-choice\" aria-invalid=\"false\" name=\"option-choice\"><option value=\"\"><\/option><option value=\"Soins pour cheveux boucl\u00e9s\">Soins pour cheveux boucl\u00e9s<\/option><option value=\"Traitement du cuir chevelu\">Traitement du cuir chevelu<\/option><option value=\"Mise en plis\">Mise en plis<\/option><\/select><\/span>\n\t\t\t<\/p>\n\t\t<\/div>\n\t\t<div class=\"input-ctn body-areas zones-corporelles second-hiding-class d-none\">\n\t\t\t<p><label for=\"option-choice\">Choisir un fortait: <\/label><span class=\"wpcf7-form-control-wrap\" data-name=\"option-choice\"><select class=\"wpcf7-form-control wpcf7-select option-choice\" aria-invalid=\"false\" name=\"option-choice\"><option value=\"\"><\/option><option value=\"Aisselles\">Aisselles<\/option><option value=\"1\/2 Bras\">1\/2 Bras<\/option><option value=\"Bras complet\">Bras complet<\/option><option value=\"1\/2 Dos\">1\/2 Dos<\/option><option value=\"Dos complet\">Dos complet<\/option><\/select><\/span>\n\t\t\t<\/p>\n\t\t<\/div>\n\t\t<div class=\"input-ctn bikini second-hiding-class d-none\">\n\t\t\t<p><label for=\"option-choice\">Choisir un fortait: <\/label><span class=\"wpcf7-form-control-wrap\" data-name=\"option-choice\"><select class=\"wpcf7-form-control wpcf7-select option-choice\" aria-invalid=\"false\" name=\"option-choice\"><option value=\"\"><\/option><option value=\"Bikini r\u00e9gulier\">Bikini r\u00e9gulier<\/option><option value=\"Semi-bikini\">Semi-bikini<\/option><option value=\"Br\u00e9zilien\">Br\u00e9zilien<\/option><option value=\"Ligne du ventre\">Ligne du ventre<\/option><option value=\"Fesses int\u00e9rieures\">Fesses int\u00e9rieures<\/option><option value=\"Fesses\">Fesses<\/option><\/select><\/span>\n\t\t\t<\/p>\n\t\t<\/div>\n\t\t<div class=\"input-ctn legs jambes second-hiding-class d-none\">\n\t\t\t<p><label for=\"option-choice\">Choisir un fortait: <\/label><span class=\"wpcf7-form-control-wrap\" data-name=\"option-choice\"><select class=\"wpcf7-form-control wpcf7-select option-choice\" aria-invalid=\"false\" name=\"option-choice\"><option value=\"\"><\/option><option value=\"1\/2 Jambe\">1\/2 Jambe<\/option><option value=\"Haut des cuisses\">Haut des cuisses<\/option><option value=\"Jambe compl\u00e8te\">Jambe compl\u00e8te<\/option><\/select><\/span>\n\t\t\t<\/p>\n\t\t<\/div>\n\t<\/div>\n\t<div class=\"input-wrapper\">\n\t\t<div class=\"input-ctn\">\n\t\t\t<p><label for=\"day\">Day: * <\/label><span class=\"wpcf7-form-control-wrap\" data-name=\"your-date\"><input size=\"40\" maxlength=\"400\" class=\"wpcf7-form-control wpcf7-text wpcf7-validates-as-required custom-datepicker\" readonly=\"readonly\" aria-required=\"true\" aria-invalid=\"false\" value=\"\" type=\"text\" name=\"your-date\" \/><\/span>\n\t\t\t<\/p>\n\t\t<\/div>\n\t\t<div class=\"input-ctn\">\n\t\t\t<p><label for=\"day\">Heure: * <\/label><span class=\"wpcf7-form-control-wrap\" data-name=\"your-hour\"><select class=\"wpcf7-form-control wpcf7-select wpcf7-validates-as-required\" aria-required=\"true\" aria-invalid=\"false\" name=\"your-hour\"><option value=\"\"><\/option><option value=\"8:30am\">8:30am<\/option><option value=\"10:00am\">10:00am<\/option><option value=\"12:30pm\">12:30pm<\/option><option value=\"2:00pm\">2:00pm<\/option><option value=\"5:30pm\">5:30pm<\/option><option value=\"8:00pm\">8:00pm<\/option><\/select><\/span>\n\t\t\t<\/p>\n\t\t<\/div>\n\t<\/div>\n\t<div class=\"twelve columns\">\n\t\t<div id=\"button-con\">\n\t\t\t<p><input class=\"wpcf7-form-control wpcf7-submit has-spinner send_message\" id=\"send\" type=\"submit\" value=\"Envoyer\" \/>\n\t\t\t<\/p>\n\t\t<\/div>\n\t<\/div>\n<\/div><div class=\"wpcf7-response-output\" aria-hidden=\"true\"><\/div>\n<\/form>\n<\/div>\n[\/vc_column][\/vc_row][vc_row][vc_column width=&#8221;1\/3&#8243;][vc_single_image image=&#8221;6989&#8243; img_size=&#8221;large&#8221; el_class=&#8221;service-img&#8221;][\/vc_column][vc_column width=&#8221;1\/3&#8243;][vc_single_image image=&#8221;6991&#8243; img_size=&#8221;large&#8221; el_class=&#8221;service-img&#8221;][\/vc_column][vc_column width=&#8221;1\/3&#8243;][vc_single_image image=&#8221;6950&#8243; img_size=&#8221;large&#8221; el_class=&#8221;service-img&#8221;][\/vc_column][\/vc_row][vc_row extra_id=&#8221;contact&#8221; ses_title=&#8221;NOUS JOINDRE&#8221; ses_sub_title=&#8221;CONTACTEZ-NOUS D\u00c8S MAINTENANT POUR PLUS D&#8217;INFORMATIONS&#8221; css=&#8221;.vc_custom_1725471652986{padding-top: 50px !important;background-color: #282828 !important;}&#8221;][vc_column width=&#8221;1\/3&#8243; column_effect=&#8221;bottommove&#8221;]\t\n\t<div class=\"contact-wrap\">\n\t\t<p><i class=\"fa fa-phone\"><\/i><span>Contactez-nous<\/span> +1 514-374-4278<br \/>\n<small><em>Monday\u2013Friday | 8am\u20139pm<\/em><\/small><\/p>\t\n\t<\/div>\n\n[\/vc_column][vc_column width=&#8221;1\/3&#8243; column_effect=&#8221;topmove&#8221;]\t\n\t<div class=\"contact-wrap\">\n\t\t<p><i class=\"fa fa-envelope\"><\/i><span>Courriel<\/span> lmacadult@emsb.qc.ca<\/p>\t\n\t<\/div>\n\n[\/vc_column][vc_column width=&#8221;1\/3&#8243; column_effect=&#8221;bottommove&#8221;]\t\n\t<div class=\"contact-wrap\">\n\t\t<p><i class=\"fa fa-map-marker\"><\/i><span>Nous visiter<\/span> 5025 Rue Jean-Talon E,<br \/>\nSt-Leonard, QC H1S 3G6<\/p>\t\n\t<\/div>\n\n[\/vc_column][\/vc_row]<\/p>\n","protected":false},"excerpt":{"rendered":"<p>[vc_row wrap_class=&#8221;yes&#8221; css=&#8221;.vc_custom_1725389335427{padding-top: 120px !important;padding-bottom: 50px !important;background-color: #383838 !important;background-position: center !important;background-repeat: no-repeat !important;background-size: cover !important;}&#8221;][vc_column][vc_column_text css_animation=&#8221;fadeIn&#8221; css=&#8221;.vc_custom_1763404426763{padding-top: 30px !important;padding-right: 30px !important;padding-bottom: 30px !important;padding-left: 30px !important;}&#8221;] DEMANDE DE SERVICE Veuillez remplir le formulaire ci-dessous pour faire une demande sur un de nos\u00a0 services. Une confirmation vous sera envoy\u00e9e directement avec la date et l&#8217;heure. [\/vc_column_text][vc_row_inner][vc_column_inner][vc_btn title=&#8221;VOIR [&hellip;]<\/p>\n","protected":false},"author":6,"featured_media":0,"parent":0,"menu_order":0,"comment_status":"closed","ping_status":"closed","template":"page-templates\/template-canvas.php","meta":{"_bbp_topic_count":0,"_bbp_reply_count":0,"_bbp_total_topic_count":0,"_bbp_total_reply_count":0,"_bbp_voice_count":0,"_bbp_anonymous_reply_count":0,"_bbp_topic_count_hidden":0,"_bbp_reply_count_hidden":0,"_bbp_forum_subforum_count":0,"footnotes":""},"class_list":["post-6960","page","type-page","status-publish","hentry"],"yoast_head":"<!-- This site is optimized with the Yoast SEO plugin v25.8 - https:\/\/yoast.com\/wordpress\/plugins\/seo\/ -->\n<title>Demande de service | Centre Laurier MacDonald<\/title>\n<meta name=\"robots\" content=\"index, follow, max-snippet:-1, max-image-preview:large, max-video-preview:-1\" \/>\n<link rel=\"canonical\" href=\"https:\/\/lmaccareercentre.com\/fr\/demande-de-service\/\" \/>\n<meta property=\"og:locale\" content=\"fr_FR\" \/>\n<meta property=\"og:type\" content=\"article\" \/>\n<meta property=\"og:title\" content=\"Demande de service | Centre Laurier MacDonald\" \/>\n<meta property=\"og:description\" content=\"[vc_row wrap_class=&#8221;yes&#8221; css=&#8221;.vc_custom_1725389335427{padding-top: 120px !important;padding-bottom: 50px !important;background-color: #383838 !important;background-position: center !important;background-repeat: no-repeat !important;background-size: cover !important;}&#8221;][vc_column][vc_column_text css_animation=&#8221;fadeIn&#8221; css=&#8221;.vc_custom_1763404426763{padding-top: 30px !important;padding-right: 30px !important;padding-bottom: 30px !important;padding-left: 30px !important;}&#8221;] DEMANDE DE SERVICE Veuillez remplir le formulaire ci-dessous pour faire une demande sur un de nos\u00a0 services. Une confirmation vous sera envoy\u00e9e directement avec la date et l&#8217;heure. [\/vc_column_text][vc_row_inner][vc_column_inner][vc_btn title=&#8221;VOIR [&hellip;]\" \/>\n<meta property=\"og:url\" content=\"https:\/\/lmaccareercentre.com\/fr\/demande-de-service\/\" \/>\n<meta property=\"og:site_name\" content=\"Centre Laurier MacDonald\" \/>\n<meta property=\"article:publisher\" content=\"https:\/\/www.facebook.com\/LaurierMacdonaldCareerCentre\" \/>\n<meta property=\"article:modified_time\" content=\"2026-02-03T20:13:08+00:00\" \/>\n<meta name=\"twitter:card\" content=\"summary_large_image\" \/>\n<meta name=\"twitter:site\" content=\"@lmaccareer\" \/>\n<meta name=\"twitter:label1\" content=\"Dur\u00e9e de lecture estim\u00e9e\" \/>\n\t<meta name=\"twitter:data1\" content=\"1 minute\" \/>\n<script type=\"application\/ld+json\" class=\"yoast-schema-graph\">{\"@context\":\"https:\/\/schema.org\",\"@graph\":[{\"@type\":\"WebPage\",\"@id\":\"https:\/\/lmaccareercentre.com\/fr\/demande-de-service\/\",\"url\":\"https:\/\/lmaccareercentre.com\/fr\/demande-de-service\/\",\"name\":\"Demande de service | Centre Laurier MacDonald\",\"isPartOf\":{\"@id\":\"https:\/\/lmaccareercentre.com\/fr\/#website\"},\"datePublished\":\"2024-09-03T18:38:38+00:00\",\"dateModified\":\"2026-02-03T20:13:08+00:00\",\"inLanguage\":\"fr-FR\",\"potentialAction\":[{\"@type\":\"ReadAction\",\"target\":[\"https:\/\/lmaccareercentre.com\/fr\/demande-de-service\/\"]}]},{\"@type\":\"WebSite\",\"@id\":\"https:\/\/lmaccareercentre.com\/fr\/#website\",\"url\":\"https:\/\/lmaccareercentre.com\/fr\/\",\"name\":\"Centre Laurier MacDonald\",\"description\":\"Centre de formation professionnelle\",\"publisher\":{\"@id\":\"https:\/\/lmaccareercentre.com\/fr\/#organization\"},\"potentialAction\":[{\"@type\":\"SearchAction\",\"target\":{\"@type\":\"EntryPoint\",\"urlTemplate\":\"https:\/\/lmaccareercentre.com\/fr\/?s={search_term_string}\"},\"query-input\":{\"@type\":\"PropertyValueSpecification\",\"valueRequired\":true,\"valueName\":\"search_term_string\"}}],\"inLanguage\":\"fr-FR\"},{\"@type\":\"Organization\",\"@id\":\"https:\/\/lmaccareercentre.com\/fr\/#organization\",\"name\":\"Centre Laurier MacDonald\",\"url\":\"https:\/\/lmaccareercentre.com\/fr\/\",\"logo\":{\"@type\":\"ImageObject\",\"inLanguage\":\"fr-FR\",\"@id\":\"https:\/\/lmaccareercentre.com\/fr\/#\/schema\/logo\/image\/\",\"url\":\"https:\/\/lmaccareercentre.com\/wp-content\/uploads\/2018\/11\/logo-inv.png\",\"contentUrl\":\"https:\/\/lmaccareercentre.com\/wp-content\/uploads\/2018\/11\/logo-inv.png\",\"width\":606,\"height\":606,\"caption\":\"Centre Laurier MacDonald\"},\"image\":{\"@id\":\"https:\/\/lmaccareercentre.com\/fr\/#\/schema\/logo\/image\/\"},\"sameAs\":[\"https:\/\/www.facebook.com\/LaurierMacdonaldCareerCentre\",\"https:\/\/x.com\/lmaccareer\",\"https:\/\/www.instagram.com\/lauriermaccareercentre\/\"]}]}<\/script>\n<!-- \/ Yoast SEO plugin. -->","yoast_head_json":{"title":"Demande de service | Centre Laurier MacDonald","robots":{"index":"index","follow":"follow","max-snippet":"max-snippet:-1","max-image-preview":"max-image-preview:large","max-video-preview":"max-video-preview:-1"},"canonical":"https:\/\/lmaccareercentre.com\/fr\/demande-de-service\/","og_locale":"fr_FR","og_type":"article","og_title":"Demande de service | Centre Laurier MacDonald","og_description":"[vc_row wrap_class=&#8221;yes&#8221; css=&#8221;.vc_custom_1725389335427{padding-top: 120px !important;padding-bottom: 50px !important;background-color: #383838 !important;background-position: center !important;background-repeat: no-repeat !important;background-size: cover !important;}&#8221;][vc_column][vc_column_text css_animation=&#8221;fadeIn&#8221; css=&#8221;.vc_custom_1763404426763{padding-top: 30px !important;padding-right: 30px !important;padding-bottom: 30px !important;padding-left: 30px !important;}&#8221;] DEMANDE DE SERVICE Veuillez remplir le formulaire ci-dessous pour faire une demande sur un de nos\u00a0 services. Une confirmation vous sera envoy\u00e9e directement avec la date et l&#8217;heure. [\/vc_column_text][vc_row_inner][vc_column_inner][vc_btn title=&#8221;VOIR [&hellip;]","og_url":"https:\/\/lmaccareercentre.com\/fr\/demande-de-service\/","og_site_name":"Centre Laurier MacDonald","article_publisher":"https:\/\/www.facebook.com\/LaurierMacdonaldCareerCentre","article_modified_time":"2026-02-03T20:13:08+00:00","twitter_card":"summary_large_image","twitter_site":"@lmaccareer","twitter_misc":{"Dur\u00e9e de lecture estim\u00e9e":"1 minute"},"schema":{"@context":"https:\/\/schema.org","@graph":[{"@type":"WebPage","@id":"https:\/\/lmaccareercentre.com\/fr\/demande-de-service\/","url":"https:\/\/lmaccareercentre.com\/fr\/demande-de-service\/","name":"Demande de service | Centre Laurier MacDonald","isPartOf":{"@id":"https:\/\/lmaccareercentre.com\/fr\/#website"},"datePublished":"2024-09-03T18:38:38+00:00","dateModified":"2026-02-03T20:13:08+00:00","inLanguage":"fr-FR","potentialAction":[{"@type":"ReadAction","target":["https:\/\/lmaccareercentre.com\/fr\/demande-de-service\/"]}]},{"@type":"WebSite","@id":"https:\/\/lmaccareercentre.com\/fr\/#website","url":"https:\/\/lmaccareercentre.com\/fr\/","name":"Centre Laurier MacDonald","description":"Centre de formation professionnelle","publisher":{"@id":"https:\/\/lmaccareercentre.com\/fr\/#organization"},"potentialAction":[{"@type":"SearchAction","target":{"@type":"EntryPoint","urlTemplate":"https:\/\/lmaccareercentre.com\/fr\/?s={search_term_string}"},"query-input":{"@type":"PropertyValueSpecification","valueRequired":true,"valueName":"search_term_string"}}],"inLanguage":"fr-FR"},{"@type":"Organization","@id":"https:\/\/lmaccareercentre.com\/fr\/#organization","name":"Centre Laurier MacDonald","url":"https:\/\/lmaccareercentre.com\/fr\/","logo":{"@type":"ImageObject","inLanguage":"fr-FR","@id":"https:\/\/lmaccareercentre.com\/fr\/#\/schema\/logo\/image\/","url":"https:\/\/lmaccareercentre.com\/wp-content\/uploads\/2018\/11\/logo-inv.png","contentUrl":"https:\/\/lmaccareercentre.com\/wp-content\/uploads\/2018\/11\/logo-inv.png","width":606,"height":606,"caption":"Centre Laurier MacDonald"},"image":{"@id":"https:\/\/lmaccareercentre.com\/fr\/#\/schema\/logo\/image\/"},"sameAs":["https:\/\/www.facebook.com\/LaurierMacdonaldCareerCentre","https:\/\/x.com\/lmaccareer","https:\/\/www.instagram.com\/lauriermaccareercentre\/"]}]}},"_links":{"self":[{"href":"https:\/\/lmaccareercentre.com\/fr\/wp-json\/wp\/v2\/pages\/6960","targetHints":{"allow":["GET"]}}],"collection":[{"href":"https:\/\/lmaccareercentre.com\/fr\/wp-json\/wp\/v2\/pages"}],"about":[{"href":"https:\/\/lmaccareercentre.com\/fr\/wp-json\/wp\/v2\/types\/page"}],"author":[{"embeddable":true,"href":"https:\/\/lmaccareercentre.com\/fr\/wp-json\/wp\/v2\/users\/6"}],"replies":[{"embeddable":true,"href":"https:\/\/lmaccareercentre.com\/fr\/wp-json\/wp\/v2\/comments?post=6960"}],"version-history":[{"count":19,"href":"https:\/\/lmaccareercentre.com\/fr\/wp-json\/wp\/v2\/pages\/6960\/revisions"}],"predecessor-version":[{"id":6993,"href":"https:\/\/lmaccareercentre.com\/fr\/wp-json\/wp\/v2\/pages\/6960\/revisions\/6993"}],"wp:attachment":[{"href":"https:\/\/lmaccareercentre.com\/fr\/wp-json\/wp\/v2\/media?parent=6960"}],"curies":[{"name":"wp","href":"https:\/\/api.w.org\/{rel}","templated":true}]}}