{"id":6754,"date":"2023-01-13T14:24:35","date_gmt":"2023-01-13T14:24:35","guid":{"rendered":"https:\/\/lmaccareercentre.com\/?page_id=6754"},"modified":"2025-01-03T17:00:49","modified_gmt":"2025-01-03T17:00:49","slug":"barbier","status":"publish","type":"page","link":"https:\/\/lmaccareercentre.com\/fr\/barbier\/","title":{"rendered":"Barbier"},"content":{"rendered":"<p>[vc_row fullwidth=&#8221;yes&#8221;][vc_column]\t\n\t<div class=\"social-top\">\n\t\t<ul class=\"list-social\">\n\t\t\t\t\t\t\t<li class=\"icon-soc tipped\" data-title=\"twitter\"  data-tipper-options='{\"direction\":\"top\",\"follow\":\"true\"}'>\n\t\t\t\t\t<a target=\"_self\" href=\"https:\/\/twitter.com\/lmaccareer\"><i class=\"fa fa-twitter\"><\/i><\/a>\n\t\t\t\t<\/li>\n\t\t\t\t\t\t\t\t\t\t<li class=\"icon-soc tipped\" data-title=\"facebook\"  data-tipper-options='{\"direction\":\"top\",\"follow\":\"true\"}'>\n\t\t\t\t\t<a target=\"_self\" href=\"https:\/\/www.facebook.com\/LaurierMacdonaldCareerCentre\"><i class=\"fa fa-facebook\"><\/i><\/a>\n\t\t\t\t<\/li>\n\t\t\t\t\t\t\t\t\t\t\t\t\t\t<\/ul>\t\n\t<\/div>\n\n[\/vc_column][\/vc_row][vc_row wrap_class=&#8221;yes&#8221; css=&#8221;.vc_custom_1546878620604{padding-top: 160px !important;padding-bottom: 120px !important;background-image: url(http:\/\/lmaccareercentre.ca\/wp-content\/uploads\/2018\/07\/aesthetics.jpg?id=3290) !important;background-position: center !important;background-repeat: no-repeat !important;background-size: cover !important;}&#8221;][vc_column][vc_column_text css_animation=&#8221;fadeInDown&#8221; el_class=&#8221;top_parallax_body_text&#8221;]<\/p>\n<h1 class=\"text-center\">BARBIER- OBJECTIFS DU PROGRAMME<\/h1>\n<p>Acqu\u00e9rir les comp\u00e9tences pour effectuer diverses t\u00e2ches li\u00e9es aux services g\u00e9n\u00e9raux et sp\u00e9ciaux de la coiffure aupr\u00e8s d&#8217;une client\u00e8le principalement masculine. Leur fonction principale est d&#8217;effectuer l&#8217;entretien des cheveux et des poils du visage ainsi que d&#8217;offrir des soins esth\u00e9tiques adapt\u00e9s aux besoins de la client\u00e8le vis\u00e9e.<\/p>\n<table border=\"0\">\n<tbody>\n<tr>\n<td>Code<\/td>\n<td>4758<\/td>\n<\/tr>\n<tr>\n<td>Sanction<\/td>\n<td>STC<\/td>\n<\/tr>\n<tr>\n<td>Secteur<\/td>\n<td>Soins de beaut\u00e9<\/td>\n<\/tr>\n<tr>\n<td>Nombre d\u2019unit\u00e9s<\/td>\n<td>34<\/td>\n<\/tr>\n<tr>\n<td>Dur\u00e9e totale<\/td>\n<td>510 heures<\/td>\n<\/tr>\n<\/tbody>\n<\/table>\n<p>[\/vc_column_text][vc_row_inner][vc_column_inner width=&#8221;1\/2&#8243; css=&#8221;.vc_custom_1549049661402{margin-top: -20px !important;}&#8221;][vc_btn title=&#8221;DEMANDE D&#8217;INFORMATIONS&#8221; style=&#8221;classic&#8221; color=&#8221;black&#8221; align=&#8221;center&#8221; css=&#8221;.vc_custom_1673619615687{padding-right: 30px !important;padding-left: 30px !important;}&#8221; link=&#8221;url:%2Ffr%2Fdemande-dinformations%2F|||&#8221; el_class=&#8221;buttons&#8221;][\/vc_column_inner][vc_column_inner width=&#8221;1\/2&#8243; css=&#8221;.vc_custom_1549049666754{margin-top: -20px !important;}&#8221;][vc_btn title=&#8221;INSCRIVEZ-VOUS D\u00c8S MAINTENANT&#8221; style=&#8221;classic&#8221; color=&#8221;black&#8221; align=&#8221;center&#8221; css=&#8221;.vc_custom_1735923648520{padding-right: 30px !important;padding-left: 30px !important;}&#8221; link=&#8221;url:https%3A%2F%2Fwww.inforoutefpt.org%2Forganismes-niveau-secondaire%2Fcentres-formation-professionnelle%2F887406%2Fgroupes||target:%20_blank|&#8221; el_class=&#8221;buttons&#8221;][\/vc_column_inner][\/vc_row_inner][vc_column_text css_animation=&#8221;fadeInDown&#8221; el_class=&#8221;top_parallax_body_text beauty_body_text admission_body&#8221; css=&#8221;.vc_custom_1673619586600{margin-top: 20px !important;}&#8221;]<\/p>\n<h1 class=\"text-center\">CONDITIONS D&#8217;ADMISSION<\/h1>\n<p>Une personne qui remplit les conditions suivantes est admissible \u00e0 l&#8217;admission \u00e0 un programme d&#8217;\u00e9tudes menant \u00e0 un AEP :<\/p>\n<p>1. Avoir obtenu au moins les unit\u00e9s de 3e secondaire ou l&#8217;\u00e9quivalent dans la langue d&#8217;enseignement, la langue seconde et les math\u00e9matiques ;<\/p>\n<p>OU<\/p>\n<p>Avoir obtenu une attestation d&#8217;\u00e9quivalence d&#8217;\u00e9tudes secondaires (AESS) ;<\/p>\n<p>OU<\/p>\n<p>Avoir r\u00e9ussi le test de d\u00e9veloppement g\u00e9n\u00e9ral (TDG) avec ou sans pr\u00e9alables sp\u00e9cifiques.<\/p>\n<p>2. A interrompu ses \u00e9tudes \u00e0 temps plein pendant au moins 12 mois ;<\/p>\n<p>OU<\/p>\n<p>Est \u00e2g\u00e9 de 18 ans au moment d&#8217;entrer en formation ;<\/p>\n<p>OU<\/p>\n<p>Avoir obtenu un dipl\u00f4me d&#8217;\u00e9tudes secondaires (DES) ou un dipl\u00f4me d&#8217;\u00e9tudes professionnelles (DEP) ou leur \u00e9quivalent ;<\/p>\n<p>OU<\/p>\n<p>R\u00e9pond aux conditions d&#8217;admissibilit\u00e9 de la mesure de formation de la main-d&#8217;\u0153uvre d&#8217;Emploi-Qu\u00e9bec.<\/p>\n<p>(Cette AEP est admissible \u00e0 la passerelle TCST-STC)<\/p>\n<h1>Conditions d&#8217;admission pour la passerelle TCST-STC<\/h1>\n<p>Les conditions d&#8217;admission pour la passerelle TCST-STC sont identiques \u00e0 celles qui s&#8217;appliquent \u00e0 la passerelle TCST-DVS :<\/p>\n<p>D\u00e9tenir un TCST ;<\/p>\n<p>ET<\/p>\n<p>\u00catre \u00e2g\u00e9 de 16 ans au moins au 30 septembre de l&#8217;ann\u00e9e scolaire au cours de laquelle vous commencez la formation professionnelle ;<\/p>\n<p>ET<\/p>\n<p>Avoir obtenu les unit\u00e9s requises en langue d&#8217;enseignement, en langue seconde et en math\u00e9matique au 1er cycle du secondaire en formation g\u00e9n\u00e9rale au secteur des jeunes ou au 2e cycle du secondaire en formation g\u00e9n\u00e9rale des adultes.[\/vc_column_text][vc_row_inner content_placement=&#8221;middle&#8221; css=&#8221;.vc_custom_1546617696713{margin-top: -50px !important;}&#8221;][vc_column_inner width=&#8221;1\/2&#8243;][vc_btn title=&#8221;DEMANDE D&#8217;INFORMATIONS&#8221; style=&#8221;classic&#8221; color=&#8221;black&#8221; align=&#8221;center&#8221; css=&#8221;.vc_custom_1673619692678{padding-right: 30px !important;padding-left: 30px !important;}&#8221; link=&#8221;url:%2Ffr%2Fdemande-dinformations%2F|||&#8221; el_class=&#8221;buttons&#8221;][\/vc_column_inner][vc_column_inner width=&#8221;1\/2&#8243;][vc_btn title=&#8221;INSCRIVEZ-VOUS D\u00c8S MAINTENANT&#8221; style=&#8221;classic&#8221; color=&#8221;black&#8221; align=&#8221;center&#8221; css=&#8221;.vc_custom_1735923639176{padding-right: 30px !important;padding-left: 30px !important;}&#8221; link=&#8221;url:https%3A%2F%2Fwww.inforoutefpt.org%2Forganismes-niveau-secondaire%2Fcentres-formation-professionnelle%2F887406%2Fgroupes||target:%20_blank|&#8221; el_class=&#8221;buttons&#8221;][\/vc_column_inner][\/vc_row_inner][vc_column_text css_animation=&#8221;fadeIn&#8221; el_class=&#8221;top_parallax_body_text beauty_body_text&#8221;]<\/p>\n<h1 class=\"text-center\">Contenu du programme<\/h1>\n<table border=\"1\">\n<tbody align=\"center\">\n<tr>\n<th scope=\"col\"><span style=\"font-weight: 400;\">Code<\/span><\/th>\n<th scope=\"col\"><span style=\"font-weight: 400;\">\u00c9nonc\u00e9 de la comp\u00e9tence<\/span><\/th>\n<th scope=\"col\"><span style=\"font-weight: 400;\">Heures<\/span><\/th>\n<th scope=\"col\"><span style=\"font-weight: 400;\">Unit\u00e9s<\/span><\/th>\n<\/tr>\n<tr>\n<td width=\"60px\">AEP-011<\/td>\n<td>Se situer par rapport au m\u00e9tier et \u00e0 la d\u00e9marche de formation<\/td>\n<td>15<\/td>\n<td>1<\/td>\n<\/tr>\n<tr>\n<td width=\"60px\">AEP-021<\/td>\n<td>Pr\u00e9venir les risques pour la sant\u00e9 et la s\u00e9curit\u00e9<\/td>\n<td>15<\/td>\n<td>1<\/td>\n<\/tr>\n<tr>\n<td>AEP-033<\/td>\n<td>Analyser le cuir chevelu, les cheveux, la peau et les poils du visage<\/td>\n<td>45<\/td>\n<td>3<\/td>\n<\/tr>\n<tr>\n<td>AEP-042<\/td>\n<td>Analyser l&#8217;ajustement personnel et les caract\u00e9ristiques du visage<\/td>\n<td>30<\/td>\n<td>2<\/td>\n<\/tr>\n<tr>\n<td>AEP-053<\/td>\n<td>Offrir des services de conseil aux clients<\/td>\n<td>45<\/td>\n<td>3<\/td>\n<\/tr>\n<tr>\n<td>AEP-062<\/td>\n<td>Effectuer un service de shampooing<\/td>\n<td>30<\/td>\n<td>2<\/td>\n<\/tr>\n<tr>\n<td>AEP-074<\/td>\n<td>Appliquer des techniques de coiffure<\/td>\n<td>60<\/td>\n<td>4<\/td>\n<\/tr>\n<tr>\n<td>AEP-088<\/td>\n<td>Effectuer une coupe de cheveux<\/td>\n<td>120<\/td>\n<td>8<\/td>\n<\/tr>\n<tr>\n<td>AEP-096<\/td>\n<td>Effectuer un soin de la barbe<\/td>\n<td>90<\/td>\n<td>6<\/td>\n<\/tr>\n<tr>\n<td>AEP-104<\/td>\n<td>Effectuer des t\u00e2ches administratives courantes<\/td>\n<td>60<\/td>\n<td>4<\/td>\n<\/tr>\n<tr>\n<td>Total<\/td>\n<td><\/td>\n<td>510<\/td>\n<td>34<\/td>\n<\/tr>\n<\/tbody>\n<\/table>\n<p>[\/vc_column_text][\/vc_column][\/vc_row][vc_row extra_id=&#8221;contact&#8221; ses_title=&#8221;CONTACT&#8221; ses_sub_title=&#8221;Explore the best career opportunities for you.&#8221;][vc_column width=&#8221;1\/3&#8243;]\t\n\t<div class=\"contact-wrap\">\n\t\t<p><i class=\"fa fa-phone\"><\/i><span>Appelez-nous<\/span> +1 514-374-4278<br \/>\n<small><em>Lundi-Vendredi | 8h-21h<\/em><\/small><\/p>\t\n\t<\/div>\n\n[\/vc_column][vc_column width=&#8221;1\/3&#8243;]\t\n\t<div class=\"contact-wrap\">\n\t\t<p><i class=\"fa fa-envelope\"><\/i><span>Courriel<\/span> lmacadult@emsb.qc.ca<\/p>\t\n\t<\/div>\n\n[\/vc_column][vc_column width=&#8221;1\/3&#8243;]\t\n\t<div class=\"contact-wrap\">\n\t\t<p><i class=\"fa fa-map-marker\"><\/i><span>Visitez-nous<\/span> 5025 Rue Jean-Talon E,<br \/>\nSt-Leonard, QC H1S 3G6<\/p>\t\n\t<\/div>\n\n[\/vc_column][\/vc_row][vc_row fullwidth=&#8221;yes&#8221; css=&#8221;.vc_custom_1415971339059{padding-bottom: 60px !important;}&#8221;][vc_column]\t\t\t<div class=\"container\">\n\t\t\t<div class=\"twelve columns\" data-scrollreveal=\"enter bottom and move 150px over 1s\">\t\n\t\t\t\t<a class=\"button-map close-map\"><span>Nous trouver<\/span><\/a>\n\t\t\t<\/div>\n\t\t<\/div>\n\t\t\n\t<div id=\"google_map\"  ><\/div>\n\n\t<script type=\"text\/javascript\">\n\t\t(function($) { \"use strict\"\n\t\t\tvar e=new google.maps.LatLng(45.577207,-73.584957),\n\t\t\to={zoom:14,center:new google.maps.LatLng(45.577207,-73.584957),\n\t\t\tmapTypeId:google.maps.MapTypeId.ROADMAP,\n\t\t\tmapTypeControl:!1,\n\t\t\tscrollwheel:!1,\n\t\t\tdraggable:!0,\n\t\t\tnavigationControl:!1\n\t\t\t},\n\t\t\tn=new google.maps.Map(document.getElementById(\"google_map\"),o);\n\t\t\tgoogle.maps.event.addDomListener(window,\"resize\",function(){var e=n.getCenter();\n\t\t\tgoogle.maps.event.trigger(n,\"resize\"),n.setCenter(e)});\n\t\t\t\n\t\t\tvar g='<div class=\"map-tooltip\"><h6>LMCC<\/h6><\/div>',a=new google.maps.InfoWindow({content:g})\n\t\t\t,t=new google.maps.MarkerImage(\"https:\/\/lmaccareercentre.com\/wp-content\/uploads\/2014\/11\/map-pin.png\",new google.maps.Size(40,70),\n\t\t\tnew google.maps.Point(0,0),new google.maps.Point(20,55)),\n\t\t\ti=new google.maps.LatLng(45.577207,-73.584957),\n\t\t\tp=new google.maps.Marker({position:i,map:n,icon:t,zIndex:3});\n\t\t\tgoogle.maps.event.addListener(p,\"click\",function(){a.open(n,p)});\n\n\t\t\t\t\t\t\n\t\t\t\t$(\".button-map\").click(function(){$(\"#google_map\").slideToggle(300,function(){google.maps.event.trigger(n,\"resize\"),n.setCenter(e)}),\n\t\t\t\t$(this).toggleClass(\"close-map show-map\")});\n\t\t\t\n\t\t})(jQuery);\n\t<\/script>\n\n[\/vc_column][\/vc_row]<\/p>\n","protected":false},"excerpt":{"rendered":"<p>[vc_row fullwidth=&#8221;yes&#8221;][vc_column][\/vc_column][\/vc_row][vc_row wrap_class=&#8221;yes&#8221; css=&#8221;.vc_custom_1546878620604{padding-top: 160px !important;padding-bottom: 120px !important;background-image: url(http:\/\/lmaccareercentre.ca\/wp-content\/uploads\/2018\/07\/aesthetics.jpg?id=3290) !important;background-position: center !important;background-repeat: no-repeat !important;background-size: cover !important;}&#8221;][vc_column][vc_column_text css_animation=&#8221;fadeInDown&#8221; el_class=&#8221;top_parallax_body_text&#8221;] BARBIER- OBJECTIFS DU PROGRAMME Acqu\u00e9rir les comp\u00e9tences pour effectuer diverses t\u00e2ches li\u00e9es aux services g\u00e9n\u00e9raux et sp\u00e9ciaux de la coiffure aupr\u00e8s d&#8217;une client\u00e8le principalement masculine. Leur fonction principale est d&#8217;effectuer l&#8217;entretien des cheveux et des poils du [&hellip;]<\/p>\n","protected":false},"author":6,"featured_media":0,"parent":0,"menu_order":0,"comment_status":"closed","ping_status":"closed","template":"page-templates\/template-canvas.php","meta":{"_bbp_topic_count":0,"_bbp_reply_count":0,"_bbp_total_topic_count":0,"_bbp_total_reply_count":0,"_bbp_voice_count":0,"_bbp_anonymous_reply_count":0,"_bbp_topic_count_hidden":0,"_bbp_reply_count_hidden":0,"_bbp_forum_subforum_count":0,"footnotes":""},"class_list":["post-6754","page","type-page","status-publish","hentry"],"yoast_head":"<!-- This site is optimized with the Yoast SEO plugin v25.8 - https:\/\/yoast.com\/wordpress\/plugins\/seo\/ -->\n<title>Aesthetics Program | Laurier Macdonald Vocational Centre<\/title>\n<meta name=\"description\" content=\"Our Aesthetics Program helps you acquire the knowledge, skills and attitudes required to plan and carry out various electrolysis techniques.\" \/>\n<meta name=\"robots\" content=\"index, follow, max-snippet:-1, max-image-preview:large, max-video-preview:-1\" \/>\n<link rel=\"canonical\" href=\"https:\/\/lmaccareercentre.com\/fr\/barbier\/\" \/>\n<meta property=\"og:locale\" content=\"fr_FR\" \/>\n<meta property=\"og:type\" content=\"article\" \/>\n<meta property=\"og:title\" content=\"Aesthetics Program | Laurier Macdonald Vocational Centre\" \/>\n<meta property=\"og:description\" content=\"Our Aesthetics Program helps you acquire the knowledge, skills and attitudes required to plan and carry out various electrolysis techniques.\" \/>\n<meta property=\"og:url\" content=\"https:\/\/lmaccareercentre.com\/fr\/barbier\/\" \/>\n<meta property=\"og:site_name\" content=\"Centre Laurier MacDonald\" \/>\n<meta property=\"article:publisher\" content=\"https:\/\/www.facebook.com\/LaurierMacdonaldCareerCentre\" \/>\n<meta property=\"article:modified_time\" content=\"2025-01-03T17:00:49+00:00\" \/>\n<meta name=\"twitter:card\" content=\"summary_large_image\" \/>\n<meta name=\"twitter:site\" content=\"@lmaccareer\" \/>\n<meta name=\"twitter:label1\" content=\"Dur\u00e9e de lecture estim\u00e9e\" \/>\n\t<meta name=\"twitter:data1\" content=\"3 minutes\" \/>\n<script type=\"application\/ld+json\" class=\"yoast-schema-graph\">{\"@context\":\"https:\/\/schema.org\",\"@graph\":[{\"@type\":\"WebPage\",\"@id\":\"https:\/\/lmaccareercentre.com\/fr\/barbier\/\",\"url\":\"https:\/\/lmaccareercentre.com\/fr\/barbier\/\",\"name\":\"Aesthetics Program | Laurier Macdonald Vocational Centre\",\"isPartOf\":{\"@id\":\"https:\/\/lmaccareercentre.com\/fr\/#website\"},\"datePublished\":\"2023-01-13T14:24:35+00:00\",\"dateModified\":\"2025-01-03T17:00:49+00:00\",\"description\":\"Our Aesthetics Program helps you acquire the knowledge, skills and attitudes required to plan and carry out various electrolysis techniques.\",\"inLanguage\":\"fr-FR\",\"potentialAction\":[{\"@type\":\"ReadAction\",\"target\":[\"https:\/\/lmaccareercentre.com\/fr\/barbier\/\"]}]},{\"@type\":\"WebSite\",\"@id\":\"https:\/\/lmaccareercentre.com\/fr\/#website\",\"url\":\"https:\/\/lmaccareercentre.com\/fr\/\",\"name\":\"Centre Laurier MacDonald\",\"description\":\"Centre de formation professionnelle\",\"publisher\":{\"@id\":\"https:\/\/lmaccareercentre.com\/fr\/#organization\"},\"potentialAction\":[{\"@type\":\"SearchAction\",\"target\":{\"@type\":\"EntryPoint\",\"urlTemplate\":\"https:\/\/lmaccareercentre.com\/fr\/?s={search_term_string}\"},\"query-input\":{\"@type\":\"PropertyValueSpecification\",\"valueRequired\":true,\"valueName\":\"search_term_string\"}}],\"inLanguage\":\"fr-FR\"},{\"@type\":\"Organization\",\"@id\":\"https:\/\/lmaccareercentre.com\/fr\/#organization\",\"name\":\"Centre Laurier MacDonald\",\"url\":\"https:\/\/lmaccareercentre.com\/fr\/\",\"logo\":{\"@type\":\"ImageObject\",\"inLanguage\":\"fr-FR\",\"@id\":\"https:\/\/lmaccareercentre.com\/fr\/#\/schema\/logo\/image\/\",\"url\":\"https:\/\/lmaccareercentre.com\/wp-content\/uploads\/2018\/11\/logo-inv.png\",\"contentUrl\":\"https:\/\/lmaccareercentre.com\/wp-content\/uploads\/2018\/11\/logo-inv.png\",\"width\":606,\"height\":606,\"caption\":\"Centre Laurier MacDonald\"},\"image\":{\"@id\":\"https:\/\/lmaccareercentre.com\/fr\/#\/schema\/logo\/image\/\"},\"sameAs\":[\"https:\/\/www.facebook.com\/LaurierMacdonaldCareerCentre\",\"https:\/\/x.com\/lmaccareer\",\"https:\/\/www.instagram.com\/lauriermaccareercentre\/\"]}]}<\/script>\n<!-- \/ Yoast SEO plugin. -->","yoast_head_json":{"title":"Aesthetics Program | Laurier Macdonald Vocational Centre","description":"Our Aesthetics Program helps you acquire the knowledge, skills and attitudes required to plan and carry out various electrolysis techniques.","robots":{"index":"index","follow":"follow","max-snippet":"max-snippet:-1","max-image-preview":"max-image-preview:large","max-video-preview":"max-video-preview:-1"},"canonical":"https:\/\/lmaccareercentre.com\/fr\/barbier\/","og_locale":"fr_FR","og_type":"article","og_title":"Aesthetics Program | Laurier Macdonald Vocational Centre","og_description":"Our Aesthetics Program helps you acquire the knowledge, skills and attitudes required to plan and carry out various electrolysis techniques.","og_url":"https:\/\/lmaccareercentre.com\/fr\/barbier\/","og_site_name":"Centre Laurier MacDonald","article_publisher":"https:\/\/www.facebook.com\/LaurierMacdonaldCareerCentre","article_modified_time":"2025-01-03T17:00:49+00:00","twitter_card":"summary_large_image","twitter_site":"@lmaccareer","twitter_misc":{"Dur\u00e9e de lecture estim\u00e9e":"3 minutes"},"schema":{"@context":"https:\/\/schema.org","@graph":[{"@type":"WebPage","@id":"https:\/\/lmaccareercentre.com\/fr\/barbier\/","url":"https:\/\/lmaccareercentre.com\/fr\/barbier\/","name":"Aesthetics Program | Laurier Macdonald Vocational Centre","isPartOf":{"@id":"https:\/\/lmaccareercentre.com\/fr\/#website"},"datePublished":"2023-01-13T14:24:35+00:00","dateModified":"2025-01-03T17:00:49+00:00","description":"Our Aesthetics Program helps you acquire the knowledge, skills and attitudes required to plan and carry out various electrolysis techniques.","inLanguage":"fr-FR","potentialAction":[{"@type":"ReadAction","target":["https:\/\/lmaccareercentre.com\/fr\/barbier\/"]}]},{"@type":"WebSite","@id":"https:\/\/lmaccareercentre.com\/fr\/#website","url":"https:\/\/lmaccareercentre.com\/fr\/","name":"Centre Laurier MacDonald","description":"Centre de formation professionnelle","publisher":{"@id":"https:\/\/lmaccareercentre.com\/fr\/#organization"},"potentialAction":[{"@type":"SearchAction","target":{"@type":"EntryPoint","urlTemplate":"https:\/\/lmaccareercentre.com\/fr\/?s={search_term_string}"},"query-input":{"@type":"PropertyValueSpecification","valueRequired":true,"valueName":"search_term_string"}}],"inLanguage":"fr-FR"},{"@type":"Organization","@id":"https:\/\/lmaccareercentre.com\/fr\/#organization","name":"Centre Laurier MacDonald","url":"https:\/\/lmaccareercentre.com\/fr\/","logo":{"@type":"ImageObject","inLanguage":"fr-FR","@id":"https:\/\/lmaccareercentre.com\/fr\/#\/schema\/logo\/image\/","url":"https:\/\/lmaccareercentre.com\/wp-content\/uploads\/2018\/11\/logo-inv.png","contentUrl":"https:\/\/lmaccareercentre.com\/wp-content\/uploads\/2018\/11\/logo-inv.png","width":606,"height":606,"caption":"Centre Laurier MacDonald"},"image":{"@id":"https:\/\/lmaccareercentre.com\/fr\/#\/schema\/logo\/image\/"},"sameAs":["https:\/\/www.facebook.com\/LaurierMacdonaldCareerCentre","https:\/\/x.com\/lmaccareer","https:\/\/www.instagram.com\/lauriermaccareercentre\/"]}]}},"_links":{"self":[{"href":"https:\/\/lmaccareercentre.com\/fr\/wp-json\/wp\/v2\/pages\/6754","targetHints":{"allow":["GET"]}}],"collection":[{"href":"https:\/\/lmaccareercentre.com\/fr\/wp-json\/wp\/v2\/pages"}],"about":[{"href":"https:\/\/lmaccareercentre.com\/fr\/wp-json\/wp\/v2\/types\/page"}],"author":[{"embeddable":true,"href":"https:\/\/lmaccareercentre.com\/fr\/wp-json\/wp\/v2\/users\/6"}],"replies":[{"embeddable":true,"href":"https:\/\/lmaccareercentre.com\/fr\/wp-json\/wp\/v2\/comments?post=6754"}],"version-history":[{"count":6,"href":"https:\/\/lmaccareercentre.com\/fr\/wp-json\/wp\/v2\/pages\/6754\/revisions"}],"predecessor-version":[{"id":7081,"href":"https:\/\/lmaccareercentre.com\/fr\/wp-json\/wp\/v2\/pages\/6754\/revisions\/7081"}],"wp:attachment":[{"href":"https:\/\/lmaccareercentre.com\/fr\/wp-json\/wp\/v2\/media?parent=6754"}],"curies":[{"name":"wp","href":"https:\/\/api.w.org\/{rel}","templated":true}]}}