{"id":6745,"date":"2021-04-28T18:57:25","date_gmt":"2021-04-28T18:57:25","guid":{"rendered":"https:\/\/lmaccareercentre.com\/our-programs\/"},"modified":"2025-11-24T19:23:51","modified_gmt":"2025-11-24T19:23:51","slug":"nos-programmes","status":"publish","type":"page","link":"https:\/\/lmaccareercentre.com\/fr\/nos-programmes\/","title":{"rendered":"Nos programmes"},"content":{"rendered":"<p>[vc_row fullwidth=&#8221;yes&#8221;][vc_column]\t\n\t<div class=\"social-top\">\n\t\t<ul class=\"list-social\">\n\t\t\t\t\t\t\t<li class=\"icon-soc tipped\" data-title=\"twitter\"  data-tipper-options='{\"direction\":\"top\",\"follow\":\"true\"}'>\n\t\t\t\t\t<a target=\"_self\" href=\"https:\/\/twitter.com\/lmaccareer\"><i class=\"fa fa-twitter\"><\/i><\/a>\n\t\t\t\t<\/li>\n\t\t\t\t\t\t\t\t\t\t<li class=\"icon-soc tipped\" data-title=\"facebook\"  data-tipper-options='{\"direction\":\"top\",\"follow\":\"true\"}'>\n\t\t\t\t\t<a target=\"_self\" href=\"https:\/\/www.facebook.com\/LaurierMacdonaldCareerCentre\"><i class=\"fa fa-facebook\"><\/i><\/a>\n\t\t\t\t<\/li>\n\t\t\t\t\t\t\t\t\t\t\t\t\t\t<\/ul>\t\n\t<\/div>\n\n[\/vc_column][\/vc_row][vc_row wrap_class=&#8221;yes&#8221; css=&#8221;.vc_custom_1546878620604{padding-top: 160px !important;padding-bottom: 120px !important;background-image: url(\/wp-content\/uploads\/2019\/01\/xposter.jpg.pagespeed.ic.DoQ55VuTo2.jpg?id=3290) !important;background-position: center !important;background-repeat: no-repeat !important;background-size: cover !important;}&#8221;][vc_column][vc_row_inner disable_element=&#8221;yes&#8221; el_class=&#8221;three-cols&#8221;][vc_column_inner width=&#8221;1\/3&#8243;][vc_column_text css_animation=&#8221;fadeInDown&#8221; el_class=&#8221;top_parallax_body_text&#8221;]<\/p>\n<div style=\"text-align: center;\">\n<h1>Session 1<\/h1>\n<p>Wednesday, April 6th<br \/>\n1:00-2:00PM<\/p>\n<\/div>\n<div style=\"text-align: center;\"><a class=\"l-btn d-inline-block mt-1\" href=\"https:\/\/can01.safelinks.protection.outlook.com\/ap\/t-59584e83\/?url=https%3A%2F%2Fteams.microsoft.com%2Fl%2Fmeetup-join%2F19%253ameeting_OTRmYzQzZTktZmM1MC00OThkLThlZWQtYTFkZDhjYmQ5NWQ2%2540thread.v2%2F0%3Fcontext%3D%257b%2522Tid%2522%253a%2522682a8edc-3535-447b-8c7a-8431a1d8d1b5%2522%252c%2522Oid%2522%253a%2522ae3107af-ed41-4559-bdab-e3afcdf30270%2522%257d&amp;data=04%7C01%7CTSpiridigliozzi%40emsb.qc.ca%7Cc1d6e36df2384b8da36908d9f7a82972%7C682a8edc3535447b8c7a8431a1d8d1b5%7C0%7C0%7C637813123878096257%7CUnknown%7CTWFpbGZsb3d8eyJWIjoiMC4wLjAwMDAiLCJQIjoiV2luMzIiLCJBTiI6Ik1haWwiLCJXVCI6Mn0%3D%7C3000&amp;sdata=9Bp8T6Pg2U4Kiq7IDCjH%2BySKtklZRZJ3h0VJbE5LKOI%3D&amp;reserved=0\" target=\"_blank\" rel=\"noopener noreferrer\">Join Us<\/a><\/div>\n<div style=\"text-align: center;\"><a class=\"l-btn d-inline-block mt-1\" href=\"https:\/\/forms.office.com\/Pages\/ResponsePage.aspx?id=3I4qaDU1e0SMeoQxodjRta8HMa5B7VlFvavjr83zAnBUOEVFUkdIRUFTNjlWTzc1SUJYRE42NUFZRC4u\" target=\"_blank\" rel=\"noopener noreferrer\">Fill out the form<\/a><\/div>\n<p>[\/vc_column_text][\/vc_column_inner][vc_column_inner width=&#8221;1\/3&#8243;][vc_column_text css_animation=&#8221;fadeInDown&#8221; el_class=&#8221;top_parallax_body_text&#8221;]<\/p>\n<div style=\"text-align: center;\">\n<h1>Session 2<\/h1>\n<p>Wednesday, April 6th<br \/>\n3:30-4:30PM<\/p>\n<\/div>\n<div style=\"text-align: center;\"><a class=\"l-btn d-inline-block mt-1\" href=\"https:\/\/can01.safelinks.protection.outlook.com\/ap\/t-59584e83\/?url=https%3A%2F%2Fteams.microsoft.com%2Fl%2Fmeetup-join%2F19%253ameeting_YTQwYmVmMzEtNmE3Ny00NDc0LTk1MWMtNGUzZWEyOTUzMzVh%2540thread.v2%2F0%3Fcontext%3D%257b%2522Tid%2522%253a%2522682a8edc-3535-447b-8c7a-8431a1d8d1b5%2522%252c%2522Oid%2522%253a%2522ae3107af-ed41-4559-bdab-e3afcdf30270%2522%257d&amp;data=04%7C01%7CTSpiridigliozzi%40emsb.qc.ca%7Cc1d6e36df2384b8da36908d9f7a82972%7C682a8edc3535447b8c7a8431a1d8d1b5%7C0%7C0%7C637813123878096257%7CUnknown%7CTWFpbGZsb3d8eyJWIjoiMC4wLjAwMDAiLCJQIjoiV2luMzIiLCJBTiI6Ik1haWwiLCJXVCI6Mn0%3D%7C3000&amp;sdata=hJsYToq5RumdcrQX2CMYH0bJJQ%2B9Kpqj8ZfYFP3zWlA%3D&amp;reserved=0\" target=\"_blank\" rel=\"noopener noreferrer\">Join Us<\/a><\/div>\n<div style=\"text-align: center;\"><a class=\"l-btn d-inline-block mt-1\" href=\"https:\/\/forms.office.com\/Pages\/ResponsePage.aspx?id=3I4qaDU1e0SMeoQxodjRta8HMa5B7VlFvavjr83zAnBUOEVFUkdIRUFTNjlWTzc1SUJYRE42NUFZRC4u\" target=\"_blank\" rel=\"noopener noreferrer\">Fill out the form<\/a><\/div>\n<p>[\/vc_column_text][\/vc_column_inner][vc_column_inner width=&#8221;1\/3&#8243;][vc_column_text css_animation=&#8221;fadeInDown&#8221; el_class=&#8221;top_parallax_body_text&#8221;]<\/p>\n<div style=\"text-align: center;\">\n<h1>Session 3<\/h1>\n<p>Wednesday, April 6th<br \/>\n7:00-8:00PM<\/p>\n<\/div>\n<div style=\"text-align: center;\"><a class=\"l-btn d-inline-block mt-1\" href=\"https:\/\/can01.safelinks.protection.outlook.com\/ap\/t-59584e83\/?url=https%3A%2F%2Fteams.microsoft.com%2Fl%2Fmeetup-join%2F19%253ameeting_YzBjNmVjMjItYmE5Ni00OGIwLThhODAtNWRkZTdlNTk1MjM2%2540thread.v2%2F0%3Fcontext%3D%257b%2522Tid%2522%253a%2522682a8edc-3535-447b-8c7a-8431a1d8d1b5%2522%252c%2522Oid%2522%253a%2522ae3107af-ed41-4559-bdab-e3afcdf30270%2522%257d&amp;data=04%7C01%7CTSpiridigliozzi%40emsb.qc.ca%7Cc1d6e36df2384b8da36908d9f7a82972%7C682a8edc3535447b8c7a8431a1d8d1b5%7C0%7C0%7C637813123878096257%7CUnknown%7CTWFpbGZsb3d8eyJWIjoiMC4wLjAwMDAiLCJQIjoiV2luMzIiLCJBTiI6Ik1haWwiLCJXVCI6Mn0%3D%7C3000&amp;sdata=Y2TMwthEEUOObNzqaeCgrnFPIcIH%2FdvYR83Vc3UfZ4E%3D&amp;reserved=0\" target=\"_blank\" rel=\"noopener noreferrer\">Join Us<\/a><\/div>\n<div style=\"text-align: center;\"><a class=\"l-btn d-inline-block mt-1\" href=\"https:\/\/forms.office.com\/Pages\/ResponsePage.aspx?id=3I4qaDU1e0SMeoQxodjRta8HMa5B7VlFvavjr83zAnBUOEVFUkdIRUFTNjlWTzc1SUJYRE42NUFZRC4u\" target=\"_blank\" rel=\"noopener noreferrer\">Fill out the form<\/a><\/div>\n<p>[\/vc_column_text][\/vc_column_inner][\/vc_row_inner][vc_column_text css_animation=&#8221;fadeInDown&#8221; el_class=&#8221;top_parallax_body_text&#8221;]<\/p>\n<div class=\"video_box video_2\" style=\"text-align: center;\">\n<div class=\"embed-responsive embed-responsive-16by9\">\n<p><video id=\"exporevideo\" class=\"embed-responsive-item\" autoplay=\"autoplay\" muted=\"\" controls=\"controls\" width=\"auto\" height=\"500\"><source src=\"\/wp-content\/uploads\/2025\/05\/aesthetics-webm.webm\" type=\"video\/webm\" \/><source src=\"\/wp-content\/uploads\/2025\/05\/aesthetics.mp4\" type=\"video\/mp4\" \/>&nbsp;<\/video><\/p>\n<\/div>\n<\/div>\n<p>[\/vc_column_text][vc_row_inner][vc_column_inner width=&#8221;1\/2&#8243;][vc_column_text css_animation=&#8221;fadeInDown&#8221; el_class=&#8221;top_parallax_body_text&#8221;]<\/p>\n<h1 class=\"text-center\">ESTH\u00c9TIQUE<\/h1>\n<div class=\"video_box video_2\" style=\"text-align: center;\">\n<div class=\"embed-responsive embed-responsive-16by9\">\n<p><video id=\"exporevideo\" class=\"embed-responsive-item\" controls=\"controls\" width=\"100%\" height=\"100%\"><source src=\"\/wp-content\/uploads\/2025\/05\/aesthetics.mp4\" type=\"video\/mp4\" \/><\/video><\/p>\n<\/div>\n<\/div>\n<p>[\/vc_column_text][vc_column_text css_animation=&#8221;fadeInDown&#8221; el_class=&#8221;top_parallax_body_text&#8221;]<\/p>\n<h1 class=\"text-center\">\u00c9PILATION<\/h1>\n<div class=\"video_box video_2\" style=\"text-align: center;\">\n<div class=\"embed-responsive embed-responsive-16by9\">\n<p><video id=\"exporevideo\" class=\"embed-responsive-item\" controls=\"controls\" width=\"100%\" height=\"100%\"><source src=\"\/wp-content\/uploads\/2025\/05\/hair-removal-promo.mp4\" type=\"video\/mp4\" \/><\/video><\/p>\n<\/div>\n<\/div>\n<p>[\/vc_column_text][vc_column_text css_animation=&#8221;fadeInDown&#8221; el_class=&#8221;top_parallax_body_text&#8221;]<\/p>\n<h1 class=\"text-center\">SOUDAGE-MONTAGE<\/h1>\n<div class=\"video_box video_2\" style=\"text-align: center;\">\n<div class=\"embed-responsive embed-responsive-16by9\">\n<p><video id=\"exporevideo\" class=\"embed-responsive-item\" controls=\"controls\" width=\"100%\" height=\"100%\"><source src=\"\/wp-content\/uploads\/2025\/05\/welding.mp4\" type=\"video\/mp4\" \/><\/video><\/p>\n<\/div>\n<\/div>\n<p>[\/vc_column_text][vc_column_text css_animation=&#8221;fadeInDown&#8221; el_class=&#8221;top_parallax_body_text&#8221;]<\/p>\n<h1 class=\"text-center\">M\u00c9CANIQUE AUTOMOBILE<\/h1>\n<div class=\"video_box video_2\" style=\"text-align: center;\">\n<div class=\"embed-responsive embed-responsive-16by9\">\n<p><video id=\"exporevideo\" class=\"embed-responsive-item\" controls=\"controls\" width=\"100%\" height=\"100%\"><source src=\"\/wp-content\/uploads\/2025\/05\/automech.mp4\" type=\"video\/mp4\" \/><\/video><\/p>\n<\/div>\n<\/div>\n<p>[\/vc_column_text][\/vc_column_inner][vc_column_inner width=&#8221;1\/2&#8243;][vc_column_text css_animation=&#8221;fadeInDown&#8221; el_class=&#8221;top_parallax_body_text&#8221;]<\/p>\n<h1 class=\"text-center\">SERVICES DE BEAUT\u00c9<\/h1>\n<div class=\"video_box video_2\" style=\"text-align: center;\">\n<div class=\"embed-responsive embed-responsive-16by9\">\n<p><video id=\"exporevideo\" class=\"embed-responsive-item\" controls=\"controls\" width=\"100%\" height=\"100%\"><source src=\"\/wp-content\/uploads\/2025\/05\/aesthetics-promo.mp4\" type=\"video\/mp4\" type=\"video\/mp4\" \/>&nbsp;<\/video><\/p>\n<\/div>\n<\/div>\n<p>[\/vc_column_text][vc_column_text css_animation=&#8221;fadeInDown&#8221; el_class=&#8221;top_parallax_body_text&#8221;]<\/p>\n<h1 class=\"text-center\">COIFFURE<\/h1>\n<div class=\"video_box video_2\" style=\"text-align: center;\">\n<div class=\"embed-responsive embed-responsive-16by9\">\n<p><video id=\"exporevideo\" class=\"embed-responsive-item\" controls=\"controls\" width=\"100%\" height=\"100%\"><source src=\"\/wp-content\/uploads\/2021\/04\/Hairdressing.mp4\" type=\"video\/mp4\" \/><source src=\"\/wp-content\/uploads\/2021\/04\/Hairdressing.ogv\" type=\"video\/ogv\" \/>&nbsp;<\/video><\/p>\n<\/div>\n<\/div>\n<p>[\/vc_column_text][vc_column_text css_animation=&#8221;fadeInDown&#8221; el_class=&#8221;top_parallax_body_text&#8221;]<\/p>\n<h1 class=\"text-center\">M\u00c9CANIQUE DE V\u00c9HICULES \u00c9LECTRIQUES<\/h1>\n<div class=\"video_box video_2\" style=\"text-align: center;\">\n<div class=\"embed-responsive embed-responsive-16by9\">\n<p><video id=\"exporevideo\" class=\"embed-responsive-item\" controls=\"controls\" width=\"100%\" height=\"100%\"><source src=\"\/wp-content\/uploads\/2025\/05\/ev.mp4\" type=\"video\/mp4\" \/><\/video><\/p>\n<\/div>\n<\/div>\n<p>[\/vc_column_text][\/vc_column_inner][\/vc_row_inner][\/vc_column][\/vc_row][vc_row extra_id=&#8221;contact&#8221; ses_title=&#8221;NOUS JOINDRE&#8221; ses_sub_title=&#8221;EXPLOREZ LES MEILLEURS CHOIX DE CARRI\u00c8RE QUI S\u2019OFFRENT \u00c0 VOUS.&#8221;][vc_column width=&#8221;1\/3&#8243;]\t\n\t<div class=\"contact-wrap\">\n\t\t<p><i class=\"fa fa-phone\"><\/i><span>Appelez-nous<\/span> +1 514-374-4278<br \/>\n<small><em>Du lundi au vendredi | 8h\u201321h<\/em><\/small><\/p>\t\n\t<\/div>\n\n[\/vc_column][vc_column width=&#8221;1\/3&#8243;]\t\n\t<div class=\"contact-wrap\">\n\t\t<p><i class=\"fa fa-envelope\"><\/i><span>Courriel<\/span> lmacadult@emsb.qc.ca<\/p>\t\n\t<\/div>\n\n[\/vc_column][vc_column width=&#8221;1\/3&#8243;]\t\n\t<div class=\"contact-wrap\">\n\t\t<p><i class=\"fa fa-map-marker\"><\/i><span>Visitez-nous<\/span> 5025, rue Jean-Talon Est,<br \/>\nSaint-L\u00e9onard (Qu\u00e9bec) H1S 3G6<\/p>\t\n\t<\/div>\n\n[\/vc_column][\/vc_row][vc_row fullwidth=&#8221;yes&#8221; css=&#8221;.vc_custom_1415971339059{padding-bottom: 60px !important;}&#8221;][vc_column]\t\t\t<div class=\"container\">\n\t\t\t<div class=\"twelve columns\" data-scrollreveal=\"enter bottom and move 150px over 1s\">\t\n\t\t\t\t<a class=\"button-map close-map\"><span>Nous Trouver<\/span><\/a>\n\t\t\t<\/div>\n\t\t<\/div>\n\t\t\n\t<div id=\"google_map\"  ><\/div>\n\n\t<script type=\"text\/javascript\">\n\t\t(function($) { \"use strict\"\n\t\t\tvar e=new google.maps.LatLng(45.577207,-73.584957),\n\t\t\to={zoom:14,center:new google.maps.LatLng(45.577207,-73.584957),\n\t\t\tmapTypeId:google.maps.MapTypeId.ROADMAP,\n\t\t\tmapTypeControl:!1,\n\t\t\tscrollwheel:!1,\n\t\t\tdraggable:!0,\n\t\t\tnavigationControl:!1\n\t\t\t},\n\t\t\tn=new google.maps.Map(document.getElementById(\"google_map\"),o);\n\t\t\tgoogle.maps.event.addDomListener(window,\"resize\",function(){var e=n.getCenter();\n\t\t\tgoogle.maps.event.trigger(n,\"resize\"),n.setCenter(e)});\n\t\t\t\n\t\t\tvar g='<div class=\"map-tooltip\"><h6>LMCC<\/h6><\/div>',a=new google.maps.InfoWindow({content:g})\n\t\t\t,t=new google.maps.MarkerImage(\"https:\/\/lmaccareercentre.com\/wp-content\/uploads\/2014\/11\/map-pin.png\",new google.maps.Size(40,70),\n\t\t\tnew google.maps.Point(0,0),new google.maps.Point(20,55)),\n\t\t\ti=new google.maps.LatLng(45.577207,-73.584957),\n\t\t\tp=new google.maps.Marker({position:i,map:n,icon:t,zIndex:3});\n\t\t\tgoogle.maps.event.addListener(p,\"click\",function(){a.open(n,p)});\n\n\t\t\t\t\t\t\n\t\t\t\t$(\".button-map\").click(function(){$(\"#google_map\").slideToggle(300,function(){google.maps.event.trigger(n,\"resize\"),n.setCenter(e)}),\n\t\t\t\t$(this).toggleClass(\"close-map show-map\")});\n\t\t\t\n\t\t})(jQuery);\n\t<\/script>\n\n[\/vc_column][\/vc_row]<\/p>\n","protected":false},"excerpt":{"rendered":"<p>[vc_row fullwidth=&#8221;yes&#8221;][vc_column][\/vc_column][\/vc_row][vc_row wrap_class=&#8221;yes&#8221; css=&#8221;.vc_custom_1546878620604{padding-top: 160px !important;padding-bottom: 120px !important;background-image: url(\/wp-content\/uploads\/2019\/01\/xposter.jpg.pagespeed.ic.DoQ55VuTo2.jpg?id=3290) !important;background-position: center !important;background-repeat: no-repeat !important;background-size: cover !important;}&#8221;][vc_column][vc_row_inner disable_element=&#8221;yes&#8221; el_class=&#8221;three-cols&#8221;][vc_column_inner width=&#8221;1\/3&#8243;][vc_column_text css_animation=&#8221;fadeInDown&#8221; el_class=&#8221;top_parallax_body_text&#8221;] Session 1 Wednesday, April 6th 1:00-2:00PM Join Us Fill out the form [\/vc_column_text][\/vc_column_inner][vc_column_inner width=&#8221;1\/3&#8243;][vc_column_text css_animation=&#8221;fadeInDown&#8221; el_class=&#8221;top_parallax_body_text&#8221;] Session 2 Wednesday, April 6th 3:30-4:30PM Join Us Fill out the form [\/vc_column_text][\/vc_column_inner][vc_column_inner width=&#8221;1\/3&#8243;][vc_column_text css_animation=&#8221;fadeInDown&#8221; el_class=&#8221;top_parallax_body_text&#8221;] Session 3 [&hellip;]<\/p>\n","protected":false},"author":6,"featured_media":0,"parent":0,"menu_order":0,"comment_status":"closed","ping_status":"closed","template":"page-templates\/template-canvas.php","meta":{"_bbp_topic_count":0,"_bbp_reply_count":0,"_bbp_total_topic_count":0,"_bbp_total_reply_count":0,"_bbp_voice_count":0,"_bbp_anonymous_reply_count":0,"_bbp_topic_count_hidden":0,"_bbp_reply_count_hidden":0,"_bbp_forum_subforum_count":0,"footnotes":""},"class_list":["post-6745","page","type-page","status-publish","hentry"],"yoast_head":"<!-- This site is optimized with the Yoast SEO plugin v25.8 - https:\/\/yoast.com\/wordpress\/plugins\/seo\/ -->\n<title>Programmes | Laurier Macdonald Vocational Centre<\/title>\n<meta name=\"robots\" content=\"index, follow, max-snippet:-1, max-image-preview:large, max-video-preview:-1\" \/>\n<link rel=\"canonical\" href=\"https:\/\/lmaccareercentre.com\/fr\/nos-programmes\/\" \/>\n<meta property=\"og:locale\" content=\"fr_FR\" \/>\n<meta property=\"og:type\" content=\"article\" \/>\n<meta property=\"og:title\" content=\"Programmes | Laurier Macdonald Vocational Centre\" \/>\n<meta property=\"og:description\" content=\"[vc_row fullwidth=&#8221;yes&#8221;][vc_column][\/vc_column][\/vc_row][vc_row wrap_class=&#8221;yes&#8221; css=&#8221;.vc_custom_1546878620604{padding-top: 160px !important;padding-bottom: 120px !important;background-image: url(\/wp-content\/uploads\/2019\/01\/xposter.jpg.pagespeed.ic.DoQ55VuTo2.jpg?id=3290) !important;background-position: center !important;background-repeat: no-repeat !important;background-size: cover !important;}&#8221;][vc_column][vc_row_inner disable_element=&#8221;yes&#8221; el_class=&#8221;three-cols&#8221;][vc_column_inner width=&#8221;1\/3&#8243;][vc_column_text css_animation=&#8221;fadeInDown&#8221; el_class=&#8221;top_parallax_body_text&#8221;] Session 1 Wednesday, April 6th 1:00-2:00PM Join Us Fill out the form [\/vc_column_text][\/vc_column_inner][vc_column_inner width=&#8221;1\/3&#8243;][vc_column_text css_animation=&#8221;fadeInDown&#8221; el_class=&#8221;top_parallax_body_text&#8221;] Session 2 Wednesday, April 6th 3:30-4:30PM Join Us Fill out the form [\/vc_column_text][\/vc_column_inner][vc_column_inner width=&#8221;1\/3&#8243;][vc_column_text css_animation=&#8221;fadeInDown&#8221; el_class=&#8221;top_parallax_body_text&#8221;] Session 3 [&hellip;]\" \/>\n<meta property=\"og:url\" content=\"https:\/\/lmaccareercentre.com\/fr\/nos-programmes\/\" \/>\n<meta property=\"og:site_name\" content=\"Centre Laurier MacDonald\" \/>\n<meta property=\"article:publisher\" content=\"https:\/\/www.facebook.com\/LaurierMacdonaldCareerCentre\" \/>\n<meta property=\"article:modified_time\" content=\"2025-11-24T19:23:51+00:00\" \/>\n<meta name=\"twitter:card\" content=\"summary_large_image\" \/>\n<meta name=\"twitter:site\" content=\"@lmaccareer\" \/>\n<meta name=\"twitter:label1\" content=\"Dur\u00e9e de lecture estim\u00e9e\" \/>\n\t<meta name=\"twitter:data1\" content=\"1 minute\" \/>\n<script type=\"application\/ld+json\" class=\"yoast-schema-graph\">{\"@context\":\"https:\/\/schema.org\",\"@graph\":[{\"@type\":\"WebPage\",\"@id\":\"https:\/\/lmaccareercentre.com\/fr\/nos-programmes\/\",\"url\":\"https:\/\/lmaccareercentre.com\/fr\/nos-programmes\/\",\"name\":\"Programmes | Laurier Macdonald Vocational Centre\",\"isPartOf\":{\"@id\":\"https:\/\/lmaccareercentre.com\/fr\/#website\"},\"datePublished\":\"2021-04-28T18:57:25+00:00\",\"dateModified\":\"2025-11-24T19:23:51+00:00\",\"inLanguage\":\"fr-FR\",\"potentialAction\":[{\"@type\":\"ReadAction\",\"target\":[\"https:\/\/lmaccareercentre.com\/fr\/nos-programmes\/\"]}]},{\"@type\":\"WebSite\",\"@id\":\"https:\/\/lmaccareercentre.com\/fr\/#website\",\"url\":\"https:\/\/lmaccareercentre.com\/fr\/\",\"name\":\"Centre Laurier MacDonald\",\"description\":\"Centre de formation professionnelle\",\"publisher\":{\"@id\":\"https:\/\/lmaccareercentre.com\/fr\/#organization\"},\"potentialAction\":[{\"@type\":\"SearchAction\",\"target\":{\"@type\":\"EntryPoint\",\"urlTemplate\":\"https:\/\/lmaccareercentre.com\/fr\/?s={search_term_string}\"},\"query-input\":{\"@type\":\"PropertyValueSpecification\",\"valueRequired\":true,\"valueName\":\"search_term_string\"}}],\"inLanguage\":\"fr-FR\"},{\"@type\":\"Organization\",\"@id\":\"https:\/\/lmaccareercentre.com\/fr\/#organization\",\"name\":\"Centre Laurier MacDonald\",\"url\":\"https:\/\/lmaccareercentre.com\/fr\/\",\"logo\":{\"@type\":\"ImageObject\",\"inLanguage\":\"fr-FR\",\"@id\":\"https:\/\/lmaccareercentre.com\/fr\/#\/schema\/logo\/image\/\",\"url\":\"https:\/\/lmaccareercentre.com\/wp-content\/uploads\/2018\/11\/logo-inv.png\",\"contentUrl\":\"https:\/\/lmaccareercentre.com\/wp-content\/uploads\/2018\/11\/logo-inv.png\",\"width\":606,\"height\":606,\"caption\":\"Centre Laurier MacDonald\"},\"image\":{\"@id\":\"https:\/\/lmaccareercentre.com\/fr\/#\/schema\/logo\/image\/\"},\"sameAs\":[\"https:\/\/www.facebook.com\/LaurierMacdonaldCareerCentre\",\"https:\/\/x.com\/lmaccareer\",\"https:\/\/www.instagram.com\/lauriermaccareercentre\/\"]}]}<\/script>\n<!-- \/ Yoast SEO plugin. -->","yoast_head_json":{"title":"Programmes | Laurier Macdonald Vocational Centre","robots":{"index":"index","follow":"follow","max-snippet":"max-snippet:-1","max-image-preview":"max-image-preview:large","max-video-preview":"max-video-preview:-1"},"canonical":"https:\/\/lmaccareercentre.com\/fr\/nos-programmes\/","og_locale":"fr_FR","og_type":"article","og_title":"Programmes | Laurier Macdonald Vocational Centre","og_description":"[vc_row fullwidth=&#8221;yes&#8221;][vc_column][\/vc_column][\/vc_row][vc_row wrap_class=&#8221;yes&#8221; css=&#8221;.vc_custom_1546878620604{padding-top: 160px !important;padding-bottom: 120px !important;background-image: url(\/wp-content\/uploads\/2019\/01\/xposter.jpg.pagespeed.ic.DoQ55VuTo2.jpg?id=3290) !important;background-position: center !important;background-repeat: no-repeat !important;background-size: cover !important;}&#8221;][vc_column][vc_row_inner disable_element=&#8221;yes&#8221; el_class=&#8221;three-cols&#8221;][vc_column_inner width=&#8221;1\/3&#8243;][vc_column_text css_animation=&#8221;fadeInDown&#8221; el_class=&#8221;top_parallax_body_text&#8221;] Session 1 Wednesday, April 6th 1:00-2:00PM Join Us Fill out the form [\/vc_column_text][\/vc_column_inner][vc_column_inner width=&#8221;1\/3&#8243;][vc_column_text css_animation=&#8221;fadeInDown&#8221; el_class=&#8221;top_parallax_body_text&#8221;] Session 2 Wednesday, April 6th 3:30-4:30PM Join Us Fill out the form [\/vc_column_text][\/vc_column_inner][vc_column_inner width=&#8221;1\/3&#8243;][vc_column_text css_animation=&#8221;fadeInDown&#8221; el_class=&#8221;top_parallax_body_text&#8221;] Session 3 [&hellip;]","og_url":"https:\/\/lmaccareercentre.com\/fr\/nos-programmes\/","og_site_name":"Centre Laurier MacDonald","article_publisher":"https:\/\/www.facebook.com\/LaurierMacdonaldCareerCentre","article_modified_time":"2025-11-24T19:23:51+00:00","twitter_card":"summary_large_image","twitter_site":"@lmaccareer","twitter_misc":{"Dur\u00e9e de lecture estim\u00e9e":"1 minute"},"schema":{"@context":"https:\/\/schema.org","@graph":[{"@type":"WebPage","@id":"https:\/\/lmaccareercentre.com\/fr\/nos-programmes\/","url":"https:\/\/lmaccareercentre.com\/fr\/nos-programmes\/","name":"Programmes | Laurier Macdonald Vocational Centre","isPartOf":{"@id":"https:\/\/lmaccareercentre.com\/fr\/#website"},"datePublished":"2021-04-28T18:57:25+00:00","dateModified":"2025-11-24T19:23:51+00:00","inLanguage":"fr-FR","potentialAction":[{"@type":"ReadAction","target":["https:\/\/lmaccareercentre.com\/fr\/nos-programmes\/"]}]},{"@type":"WebSite","@id":"https:\/\/lmaccareercentre.com\/fr\/#website","url":"https:\/\/lmaccareercentre.com\/fr\/","name":"Centre Laurier MacDonald","description":"Centre de formation professionnelle","publisher":{"@id":"https:\/\/lmaccareercentre.com\/fr\/#organization"},"potentialAction":[{"@type":"SearchAction","target":{"@type":"EntryPoint","urlTemplate":"https:\/\/lmaccareercentre.com\/fr\/?s={search_term_string}"},"query-input":{"@type":"PropertyValueSpecification","valueRequired":true,"valueName":"search_term_string"}}],"inLanguage":"fr-FR"},{"@type":"Organization","@id":"https:\/\/lmaccareercentre.com\/fr\/#organization","name":"Centre Laurier MacDonald","url":"https:\/\/lmaccareercentre.com\/fr\/","logo":{"@type":"ImageObject","inLanguage":"fr-FR","@id":"https:\/\/lmaccareercentre.com\/fr\/#\/schema\/logo\/image\/","url":"https:\/\/lmaccareercentre.com\/wp-content\/uploads\/2018\/11\/logo-inv.png","contentUrl":"https:\/\/lmaccareercentre.com\/wp-content\/uploads\/2018\/11\/logo-inv.png","width":606,"height":606,"caption":"Centre Laurier MacDonald"},"image":{"@id":"https:\/\/lmaccareercentre.com\/fr\/#\/schema\/logo\/image\/"},"sameAs":["https:\/\/www.facebook.com\/LaurierMacdonaldCareerCentre","https:\/\/x.com\/lmaccareer","https:\/\/www.instagram.com\/lauriermaccareercentre\/"]}]}},"_links":{"self":[{"href":"https:\/\/lmaccareercentre.com\/fr\/wp-json\/wp\/v2\/pages\/6745","targetHints":{"allow":["GET"]}}],"collection":[{"href":"https:\/\/lmaccareercentre.com\/fr\/wp-json\/wp\/v2\/pages"}],"about":[{"href":"https:\/\/lmaccareercentre.com\/fr\/wp-json\/wp\/v2\/types\/page"}],"author":[{"embeddable":true,"href":"https:\/\/lmaccareercentre.com\/fr\/wp-json\/wp\/v2\/users\/6"}],"replies":[{"embeddable":true,"href":"https:\/\/lmaccareercentre.com\/fr\/wp-json\/wp\/v2\/comments?post=6745"}],"version-history":[{"count":8,"href":"https:\/\/lmaccareercentre.com\/fr\/wp-json\/wp\/v2\/pages\/6745\/revisions"}],"predecessor-version":[{"id":8296,"href":"https:\/\/lmaccareercentre.com\/fr\/wp-json\/wp\/v2\/pages\/6745\/revisions\/8296"}],"wp:attachment":[{"href":"https:\/\/lmaccareercentre.com\/fr\/wp-json\/wp\/v2\/media?parent=6745"}],"curies":[{"name":"wp","href":"https:\/\/api.w.org\/{rel}","templated":true}]}}