{"id":6627,"date":"2019-01-03T17:56:20","date_gmt":"2019-01-03T17:56:20","guid":{"rendered":"https:\/\/lmaccareercentre.com\/admission-requirements\/"},"modified":"2022-05-05T13:31:49","modified_gmt":"2022-05-05T13:31:49","slug":"conditions-dadmission","status":"publish","type":"page","link":"https:\/\/lmaccareercentre.com\/fr\/conditions-dadmission\/","title":{"rendered":"Conditions d&#8217;admission"},"content":{"rendered":"<p>[vc_row fullwidth=&#8221;yes&#8221;][vc_column]\t\n\t<div class=\"social-top\">\n\t\t<ul class=\"list-social\">\n\t\t\t\t\t\t\t<li class=\"icon-soc tipped\" data-title=\"twitter\"  data-tipper-options='{\"direction\":\"top\",\"follow\":\"true\"}'>\n\t\t\t\t\t<a target=\"_self\" href=\"https:\/\/twitter.com\/lmaccareer\"><i class=\"fa fa-twitter\"><\/i><\/a>\n\t\t\t\t<\/li>\n\t\t\t\t\t\t\t\t\t\t<li class=\"icon-soc tipped\" data-title=\"facebook\"  data-tipper-options='{\"direction\":\"top\",\"follow\":\"true\"}'>\n\t\t\t\t\t<a target=\"_self\" href=\"https:\/\/www.facebook.com\/LaurierMacdonaldCareerCentre\"><i class=\"fa fa-facebook\"><\/i><\/a>\n\t\t\t\t<\/li>\n\t\t\t\t\t\t\t\t\t\t\t\t\t\t<\/ul>\t\n\t<\/div>\n\n[\/vc_column][\/vc_row][vc_row wrap_class=&#8221;yes&#8221; css=&#8221;.vc_custom_1548724976271{padding-top: 160px !important;padding-bottom: 120px !important;background-image: url(http:\/\/lmaccareercentre.ca\/wp-content\/uploads\/2018\/11\/Auto-mechanics.jpg?id=3150) !important;background-position: center !important;background-repeat: no-repeat !important;background-size: cover !important;}&#8221;][vc_column][vc_column_text css_animation=&#8221;fadeInLeft&#8221; el_class=&#8221;top_parallax_body_text&#8221;]<\/p>\n<h1>CONDITIONS D&#8217;ADMISSION<\/h1>\n<p><strong>Pour \u00eatre admis aux programmes, il suffit de satisfaire \u00e0 l&#8217;une des conditions suivantes :<\/strong><\/p>\n<p>La personne est titulaire du dipl\u00f4me d&#8217;\u00e9tudes secondaires ou de son \u00e9quivalent reconnu.<\/p>\n<p>OU<\/p>\n<p>La personne est \u00e2g\u00e9e d&#8217;au moins 16 ans au 30 septembre de l&#8217;ann\u00e9e scolaire au cours de laquelle elle commence sa formation et a obtenu les unit\u00e9s de 4e secondaire en langue d&#8217;enseignement, en langue seconde et en math\u00e9matique dans les programmes d&#8217;\u00e9tudes \u00e9tablis par le ministre, ou a r\u00e9alis\u00e9 des apprentissages reconnus comme \u00e9tant \u00e9quivalents.<\/p>\n<p>OU<\/p>\n<p>La personne est \u00e2g\u00e9e d&#8217;au moins 18 ans au moment d\u2019entreprendre sa formation et poss\u00e8de les pr\u00e9alables fonctionnels, soit la r\u00e9ussite du test de d\u00e9veloppement g\u00e9n\u00e9ral, ou a r\u00e9alis\u00e9 des apprentissages reconnus comme \u00e9tant \u00e9quivalents.<\/p>\n<p>OU<\/p>\n<p>La personne a obtenu les unit\u00e9s de 3e secondaire en langue d&#8217;enseignement, en langue seconde et en math\u00e9matique dans des programmes d&#8217;\u00e9tudes \u00e9tablis par le ministre et poursuivra sa formation g\u00e9n\u00e9rale en concomitance avec sa formation professionnelle pour obtenir les unit\u00e9s de 4e secondaire qui lui manquent en langue d&#8217;enseignement, en langue seconde et en math\u00e9matique dans des programmes d&#8217;\u00e9tudes \u00e9tablis par le ministre.[\/vc_column_text][\/vc_column][\/vc_row][vc_row extra_id=&#8221;contact&#8221; ses_title=&#8221;NOUS JOINDRE&#8221; ses_sub_title=&#8221;EXPLOREZ LES MEILLEURS CHOIX DE CARRI\u00c8RE QUI S\u2019OFFRENT \u00c0 VOUS&#8221;][vc_column width=&#8221;1\/3&#8243;]\t\n\t<div class=\"contact-wrap\">\n\t\t<p><i class=\"fa fa-phone\"><\/i><span>Appelez-nous<\/span> +1 514-374-4278<br \/>\n<small><em>Du lundi au vendredi | 8h\u201321h<\/em><\/small><\/p>\t\n\t<\/div>\n\n[\/vc_column][vc_column width=&#8221;1\/3&#8243;]\t\n\t<div class=\"contact-wrap\">\n\t\t<p><i class=\"fa fa-envelope\"><\/i><span>Courriel<\/span> lmacadult@emsb.qc.ca<\/p>\t\n\t<\/div>\n\n[\/vc_column][vc_column width=&#8221;1\/3&#8243;]\t\n\t<div class=\"contact-wrap\">\n\t\t<p><i class=\"fa fa-map-marker\"><\/i><span>Visitez-nous<\/span> 5025, rue Jean-Talon Est,<br \/>\nSaint-L\u00e9onard (Qu\u00e9bec) H1S 3G6<\/p>\t\n\t<\/div>\n\n[\/vc_column][\/vc_row][vc_row fullwidth=&#8221;yes&#8221; css=&#8221;.vc_custom_1415971339059{padding-bottom: 60px !important;}&#8221;][vc_column]\t\t\t<div class=\"container\">\n\t\t\t<div class=\"twelve columns\" data-scrollreveal=\"enter bottom and move 150px over 1s\">\t\n\t\t\t\t<a class=\"button-map close-map\"><span>Nous trouver<\/span><\/a>\n\t\t\t<\/div>\n\t\t<\/div>\n\t\t\n\t<div id=\"google_map\"  ><\/div>\n\n\t<script type=\"text\/javascript\">\n\t\t(function($) { \"use strict\"\n\t\t\tvar e=new google.maps.LatLng(45.577207,-73.584957),\n\t\t\to={zoom:14,center:new google.maps.LatLng(45.577207,-73.584957),\n\t\t\tmapTypeId:google.maps.MapTypeId.ROADMAP,\n\t\t\tmapTypeControl:!1,\n\t\t\tscrollwheel:!1,\n\t\t\tdraggable:!0,\n\t\t\tnavigationControl:!1\n\t\t\t},\n\t\t\tn=new google.maps.Map(document.getElementById(\"google_map\"),o);\n\t\t\tgoogle.maps.event.addDomListener(window,\"resize\",function(){var e=n.getCenter();\n\t\t\tgoogle.maps.event.trigger(n,\"resize\"),n.setCenter(e)});\n\t\t\t\n\t\t\tvar g='<div class=\"map-tooltip\"><h6>LMCC<\/h6><\/div>',a=new google.maps.InfoWindow({content:g})\n\t\t\t,t=new google.maps.MarkerImage(\"https:\/\/lmaccareercentre.com\/wp-content\/uploads\/2014\/11\/map-pin.png\",new google.maps.Size(40,70),\n\t\t\tnew google.maps.Point(0,0),new google.maps.Point(20,55)),\n\t\t\ti=new google.maps.LatLng(45.577207,-73.584957),\n\t\t\tp=new google.maps.Marker({position:i,map:n,icon:t,zIndex:3});\n\t\t\tgoogle.maps.event.addListener(p,\"click\",function(){a.open(n,p)});\n\n\t\t\t\t\t\t\n\t\t\t\t$(\".button-map\").click(function(){$(\"#google_map\").slideToggle(300,function(){google.maps.event.trigger(n,\"resize\"),n.setCenter(e)}),\n\t\t\t\t$(this).toggleClass(\"close-map show-map\")});\n\t\t\t\n\t\t})(jQuery);\n\t<\/script>\n\n[\/vc_column][\/vc_row]<\/p>\n","protected":false},"excerpt":{"rendered":"<p>[vc_row fullwidth=&#8221;yes&#8221;][vc_column][\/vc_column][\/vc_row][vc_row wrap_class=&#8221;yes&#8221; css=&#8221;.vc_custom_1548724976271{padding-top: 160px !important;padding-bottom: 120px !important;background-image: url(http:\/\/lmaccareercentre.ca\/wp-content\/uploads\/2018\/11\/Auto-mechanics.jpg?id=3150) !important;background-position: center !important;background-repeat: no-repeat !important;background-size: cover !important;}&#8221;][vc_column][vc_column_text css_animation=&#8221;fadeInLeft&#8221; el_class=&#8221;top_parallax_body_text&#8221;] CONDITIONS D&#8217;ADMISSION Pour \u00eatre admis aux programmes, il suffit de satisfaire \u00e0 l&#8217;une des conditions suivantes : La personne est titulaire du dipl\u00f4me d&#8217;\u00e9tudes secondaires ou de son \u00e9quivalent reconnu. OU La personne est \u00e2g\u00e9e d&#8217;au moins [&hellip;]<\/p>\n","protected":false},"author":6,"featured_media":0,"parent":0,"menu_order":0,"comment_status":"closed","ping_status":"closed","template":"page-templates\/template-canvas.php","meta":{"_bbp_topic_count":0,"_bbp_reply_count":0,"_bbp_total_topic_count":0,"_bbp_total_reply_count":0,"_bbp_voice_count":0,"_bbp_anonymous_reply_count":0,"_bbp_topic_count_hidden":0,"_bbp_reply_count_hidden":0,"_bbp_forum_subforum_count":0,"footnotes":""},"class_list":["post-6627","page","type-page","status-publish","hentry"],"yoast_head":"<!-- This site is optimized with the Yoast SEO plugin v25.8 - https:\/\/yoast.com\/wordpress\/plugins\/seo\/ -->\n<title>Conditions d&#039;admission | Centre Laurier MacDonald<\/title>\n<meta name=\"robots\" content=\"index, follow, max-snippet:-1, max-image-preview:large, max-video-preview:-1\" \/>\n<link rel=\"canonical\" href=\"https:\/\/lmaccareercentre.com\/fr\/conditions-dadmission\/\" \/>\n<meta property=\"og:locale\" content=\"fr_FR\" \/>\n<meta property=\"og:type\" content=\"article\" \/>\n<meta property=\"og:title\" content=\"Conditions d&#039;admission | Centre Laurier MacDonald\" \/>\n<meta property=\"og:description\" content=\"[vc_row fullwidth=&#8221;yes&#8221;][vc_column][\/vc_column][\/vc_row][vc_row wrap_class=&#8221;yes&#8221; css=&#8221;.vc_custom_1548724976271{padding-top: 160px !important;padding-bottom: 120px !important;background-image: url(http:\/\/lmaccareercentre.ca\/wp-content\/uploads\/2018\/11\/Auto-mechanics.jpg?id=3150) !important;background-position: center !important;background-repeat: no-repeat !important;background-size: cover !important;}&#8221;][vc_column][vc_column_text css_animation=&#8221;fadeInLeft&#8221; el_class=&#8221;top_parallax_body_text&#8221;] CONDITIONS D&#8217;ADMISSION Pour \u00eatre admis aux programmes, il suffit de satisfaire \u00e0 l&#8217;une des conditions suivantes : La personne est titulaire du dipl\u00f4me d&#8217;\u00e9tudes secondaires ou de son \u00e9quivalent reconnu. OU La personne est \u00e2g\u00e9e d&#8217;au moins [&hellip;]\" \/>\n<meta property=\"og:url\" content=\"https:\/\/lmaccareercentre.com\/fr\/conditions-dadmission\/\" \/>\n<meta property=\"og:site_name\" content=\"Centre Laurier MacDonald\" \/>\n<meta property=\"article:publisher\" content=\"https:\/\/www.facebook.com\/LaurierMacdonaldCareerCentre\" \/>\n<meta property=\"article:modified_time\" content=\"2022-05-05T13:31:49+00:00\" \/>\n<meta name=\"twitter:card\" content=\"summary_large_image\" \/>\n<meta name=\"twitter:site\" content=\"@lmaccareer\" \/>\n<meta name=\"twitter:label1\" content=\"Dur\u00e9e de lecture estim\u00e9e\" \/>\n\t<meta name=\"twitter:data1\" content=\"2 minutes\" \/>\n<script type=\"application\/ld+json\" class=\"yoast-schema-graph\">{\"@context\":\"https:\/\/schema.org\",\"@graph\":[{\"@type\":\"WebPage\",\"@id\":\"https:\/\/lmaccareercentre.com\/fr\/conditions-dadmission\/\",\"url\":\"https:\/\/lmaccareercentre.com\/fr\/conditions-dadmission\/\",\"name\":\"Conditions d'admission | Centre Laurier MacDonald\",\"isPartOf\":{\"@id\":\"https:\/\/lmaccareercentre.com\/fr\/#website\"},\"datePublished\":\"2019-01-03T17:56:20+00:00\",\"dateModified\":\"2022-05-05T13:31:49+00:00\",\"inLanguage\":\"fr-FR\",\"potentialAction\":[{\"@type\":\"ReadAction\",\"target\":[\"https:\/\/lmaccareercentre.com\/fr\/conditions-dadmission\/\"]}]},{\"@type\":\"WebSite\",\"@id\":\"https:\/\/lmaccareercentre.com\/fr\/#website\",\"url\":\"https:\/\/lmaccareercentre.com\/fr\/\",\"name\":\"Centre Laurier MacDonald\",\"description\":\"Centre de formation professionnelle\",\"publisher\":{\"@id\":\"https:\/\/lmaccareercentre.com\/fr\/#organization\"},\"potentialAction\":[{\"@type\":\"SearchAction\",\"target\":{\"@type\":\"EntryPoint\",\"urlTemplate\":\"https:\/\/lmaccareercentre.com\/fr\/?s={search_term_string}\"},\"query-input\":{\"@type\":\"PropertyValueSpecification\",\"valueRequired\":true,\"valueName\":\"search_term_string\"}}],\"inLanguage\":\"fr-FR\"},{\"@type\":\"Organization\",\"@id\":\"https:\/\/lmaccareercentre.com\/fr\/#organization\",\"name\":\"Centre Laurier MacDonald\",\"url\":\"https:\/\/lmaccareercentre.com\/fr\/\",\"logo\":{\"@type\":\"ImageObject\",\"inLanguage\":\"fr-FR\",\"@id\":\"https:\/\/lmaccareercentre.com\/fr\/#\/schema\/logo\/image\/\",\"url\":\"https:\/\/lmaccareercentre.com\/wp-content\/uploads\/2018\/11\/logo-inv.png\",\"contentUrl\":\"https:\/\/lmaccareercentre.com\/wp-content\/uploads\/2018\/11\/logo-inv.png\",\"width\":606,\"height\":606,\"caption\":\"Centre Laurier MacDonald\"},\"image\":{\"@id\":\"https:\/\/lmaccareercentre.com\/fr\/#\/schema\/logo\/image\/\"},\"sameAs\":[\"https:\/\/www.facebook.com\/LaurierMacdonaldCareerCentre\",\"https:\/\/x.com\/lmaccareer\",\"https:\/\/www.instagram.com\/lauriermaccareercentre\/\"]}]}<\/script>\n<!-- \/ Yoast SEO plugin. -->","yoast_head_json":{"title":"Conditions d'admission | Centre Laurier MacDonald","robots":{"index":"index","follow":"follow","max-snippet":"max-snippet:-1","max-image-preview":"max-image-preview:large","max-video-preview":"max-video-preview:-1"},"canonical":"https:\/\/lmaccareercentre.com\/fr\/conditions-dadmission\/","og_locale":"fr_FR","og_type":"article","og_title":"Conditions d'admission | Centre Laurier MacDonald","og_description":"[vc_row fullwidth=&#8221;yes&#8221;][vc_column][\/vc_column][\/vc_row][vc_row wrap_class=&#8221;yes&#8221; css=&#8221;.vc_custom_1548724976271{padding-top: 160px !important;padding-bottom: 120px !important;background-image: url(http:\/\/lmaccareercentre.ca\/wp-content\/uploads\/2018\/11\/Auto-mechanics.jpg?id=3150) !important;background-position: center !important;background-repeat: no-repeat !important;background-size: cover !important;}&#8221;][vc_column][vc_column_text css_animation=&#8221;fadeInLeft&#8221; el_class=&#8221;top_parallax_body_text&#8221;] CONDITIONS D&#8217;ADMISSION Pour \u00eatre admis aux programmes, il suffit de satisfaire \u00e0 l&#8217;une des conditions suivantes : La personne est titulaire du dipl\u00f4me d&#8217;\u00e9tudes secondaires ou de son \u00e9quivalent reconnu. OU La personne est \u00e2g\u00e9e d&#8217;au moins [&hellip;]","og_url":"https:\/\/lmaccareercentre.com\/fr\/conditions-dadmission\/","og_site_name":"Centre Laurier MacDonald","article_publisher":"https:\/\/www.facebook.com\/LaurierMacdonaldCareerCentre","article_modified_time":"2022-05-05T13:31:49+00:00","twitter_card":"summary_large_image","twitter_site":"@lmaccareer","twitter_misc":{"Dur\u00e9e de lecture estim\u00e9e":"2 minutes"},"schema":{"@context":"https:\/\/schema.org","@graph":[{"@type":"WebPage","@id":"https:\/\/lmaccareercentre.com\/fr\/conditions-dadmission\/","url":"https:\/\/lmaccareercentre.com\/fr\/conditions-dadmission\/","name":"Conditions d'admission | Centre Laurier MacDonald","isPartOf":{"@id":"https:\/\/lmaccareercentre.com\/fr\/#website"},"datePublished":"2019-01-03T17:56:20+00:00","dateModified":"2022-05-05T13:31:49+00:00","inLanguage":"fr-FR","potentialAction":[{"@type":"ReadAction","target":["https:\/\/lmaccareercentre.com\/fr\/conditions-dadmission\/"]}]},{"@type":"WebSite","@id":"https:\/\/lmaccareercentre.com\/fr\/#website","url":"https:\/\/lmaccareercentre.com\/fr\/","name":"Centre Laurier MacDonald","description":"Centre de formation professionnelle","publisher":{"@id":"https:\/\/lmaccareercentre.com\/fr\/#organization"},"potentialAction":[{"@type":"SearchAction","target":{"@type":"EntryPoint","urlTemplate":"https:\/\/lmaccareercentre.com\/fr\/?s={search_term_string}"},"query-input":{"@type":"PropertyValueSpecification","valueRequired":true,"valueName":"search_term_string"}}],"inLanguage":"fr-FR"},{"@type":"Organization","@id":"https:\/\/lmaccareercentre.com\/fr\/#organization","name":"Centre Laurier MacDonald","url":"https:\/\/lmaccareercentre.com\/fr\/","logo":{"@type":"ImageObject","inLanguage":"fr-FR","@id":"https:\/\/lmaccareercentre.com\/fr\/#\/schema\/logo\/image\/","url":"https:\/\/lmaccareercentre.com\/wp-content\/uploads\/2018\/11\/logo-inv.png","contentUrl":"https:\/\/lmaccareercentre.com\/wp-content\/uploads\/2018\/11\/logo-inv.png","width":606,"height":606,"caption":"Centre Laurier MacDonald"},"image":{"@id":"https:\/\/lmaccareercentre.com\/fr\/#\/schema\/logo\/image\/"},"sameAs":["https:\/\/www.facebook.com\/LaurierMacdonaldCareerCentre","https:\/\/x.com\/lmaccareer","https:\/\/www.instagram.com\/lauriermaccareercentre\/"]}]}},"_links":{"self":[{"href":"https:\/\/lmaccareercentre.com\/fr\/wp-json\/wp\/v2\/pages\/6627","targetHints":{"allow":["GET"]}}],"collection":[{"href":"https:\/\/lmaccareercentre.com\/fr\/wp-json\/wp\/v2\/pages"}],"about":[{"href":"https:\/\/lmaccareercentre.com\/fr\/wp-json\/wp\/v2\/types\/page"}],"author":[{"embeddable":true,"href":"https:\/\/lmaccareercentre.com\/fr\/wp-json\/wp\/v2\/users\/6"}],"replies":[{"embeddable":true,"href":"https:\/\/lmaccareercentre.com\/fr\/wp-json\/wp\/v2\/comments?post=6627"}],"version-history":[{"count":4,"href":"https:\/\/lmaccareercentre.com\/fr\/wp-json\/wp\/v2\/pages\/6627\/revisions"}],"predecessor-version":[{"id":6693,"href":"https:\/\/lmaccareercentre.com\/fr\/wp-json\/wp\/v2\/pages\/6627\/revisions\/6693"}],"wp:attachment":[{"href":"https:\/\/lmaccareercentre.com\/fr\/wp-json\/wp\/v2\/media?parent=6627"}],"curies":[{"name":"wp","href":"https:\/\/api.w.org\/{rel}","templated":true}]}}