{"id":6623,"date":"2019-01-03T17:53:52","date_gmt":"2019-01-03T17:53:52","guid":{"rendered":"https:\/\/lmaccareercentre.com\/welding-fitting\/"},"modified":"2026-02-03T20:45:20","modified_gmt":"2026-02-03T20:45:20","slug":"soudage-montage","status":"publish","type":"page","link":"https:\/\/lmaccareercentre.com\/fr\/soudage-montage\/","title":{"rendered":"Soudage-Montage"},"content":{"rendered":"<p>[vc_row fullwidth=&#8221;yes&#8221;][vc_column]\t\n\t<div class=\"social-top\">\n\t\t<ul class=\"list-social\">\n\t\t\t\t\t\t\t<li class=\"icon-soc tipped\" data-title=\"twitter\"  data-tipper-options='{\"direction\":\"top\",\"follow\":\"true\"}'>\n\t\t\t\t\t<a target=\"_self\" href=\"https:\/\/twitter.com\/lmaccareer\"><i class=\"fa fa-twitter\"><\/i><\/a>\n\t\t\t\t<\/li>\n\t\t\t\t\t\t\t\t\t\t<li class=\"icon-soc tipped\" data-title=\"facebook\"  data-tipper-options='{\"direction\":\"top\",\"follow\":\"true\"}'>\n\t\t\t\t\t<a target=\"_self\" href=\"https:\/\/www.facebook.com\/LaurierMacdonaldCareerCentre\"><i class=\"fa fa-facebook\"><\/i><\/a>\n\t\t\t\t<\/li>\n\t\t\t\t\t\t\t\t\t\t\t\t\t\t<\/ul>\t\n\t<\/div>\n\n[\/vc_column][\/vc_row][vc_row wrap_class=&#8221;yes&#8221; css=&#8221;.vc_custom_1546878854975{padding-top: 160px !important;padding-bottom: 120px !important;background-image: url(http:\/\/lmaccareercentre.ca\/wp-content\/uploads\/2018\/12\/4.jpg?id=3673) !important;background-position: center !important;background-repeat: no-repeat !important;background-size: cover !important;}&#8221;][vc_column][vc_column_text css_animation=&#8221;fadeInDown&#8221; el_class=&#8221;top_parallax_body_text&#8221;]<\/p>\n<h1 class=\"text-center\">SOUDAGE ET ASSEMBLAGE<\/h1>\n<p>Acqu\u00e9rir les qualifications n\u00e9cessaires pour acc\u00e9der au march\u00e9 du travail; acqu\u00e9rir les qualifications n\u00e9cessaires pour interpr\u00e9ter les plans, les devis et les proc\u00e9dures; acqu\u00e9rir les qualifications n\u00e9cessaires pour pr\u00e9parer et souder des pi\u00e8ces en acier, en acier inoxydable et en aluminium selon diff\u00e9rents proc\u00e9d\u00e9s : SMAW, CTAW, GMAW, FCAW; acqu\u00e9rir les qualifications n\u00e9cessaires pour r\u00e9aliser, modifier et r\u00e9parer des assemblages; respecter les r\u00e8gles de sant\u00e9 et de s\u00e9curit\u00e9 du travail; contr\u00f4ler la qualit\u00e9 des produits fabriqu\u00e9s.<\/p>\n<table border=\"0\">\n<tbody>\n<tr>\n<td>Code<\/td>\n<td>5882<\/td>\n<\/tr>\n<tr>\n<td>Sanction<\/td>\n<td>DEP<\/td>\n<\/tr>\n<tr>\n<td>Secteur<\/td>\n<td>M\u00e9tallurgie (16)<\/td>\n<\/tr>\n<tr>\n<td>Nombre d&#8217;unit\u00e9s<\/td>\n<td>120<\/td>\n<\/tr>\n<tr>\n<td>Dur\u00e9e totale<\/td>\n<td>1 800 heures<\/td>\n<\/tr>\n<\/tbody>\n<\/table>\n<p>[\/vc_column_text][vc_row_inner][vc_column_inner width=&#8221;1\/2&#8243;][vc_btn title=&#8221;DEMANDE D&#8217;INFORMATIONS&#8221; style=&#8221;classic&#8221; color=&#8221;black&#8221; align=&#8221;center&#8221; css=&#8221;.vc_custom_1650564799575{padding-right: 30px !important;padding-left: 30px !important;}&#8221; link=&#8221;url:%2Ffr%2Fdemande-dinformations%2F|||&#8221; el_class=&#8221;buttons&#8221;][\/vc_column_inner][vc_column_inner width=&#8221;1\/2&#8243;][vc_btn title=&#8221;INSCRIVEZ-VOUS D\u00c8S MAINTENANT&#8221; style=&#8221;classic&#8221; color=&#8221;black&#8221; align=&#8221;center&#8221; css=&#8221;.vc_custom_1650564829054{padding-right: 30px !important;padding-left: 30px !important;}&#8221; link=&#8221;url:https%3A%2F%2Fwww.inforoutefpt.org%2Forganismes-niveau-secondaire%2Fcentres-formation-professionnelle%2F887406%2Fgroupes||target:%20_blank|&#8221; el_class=&#8221;buttons&#8221;][\/vc_column_inner][\/vc_row_inner][vc_column_text css_animation=&#8221;fadeInDown&#8221; el_class=&#8221;top_parallax_body_text beauty_body_text admission_body&#8221;]<\/p>\n<h1 class=\"text-center\">CONDITIONS D&#8217;ADMISSION<\/h1>\n<p>Pour \u00eatre admis \u00e0 ce programme, il suffit de satisfaire \u00e0 l\u2019une des conditions suivantes :<\/p>\n<p>La personne est titulaire du dipl\u00f4me d\u2019\u00e9tudes secondaires ou de son \u00e9quivalent reconnu (ex. : attestation d\u2019\u00e9quivalence de niveau de scolarit\u00e9) ou d\u2019un dipl\u00f4me d\u2019\u00e9tudes sup\u00e9rieures, comme le dipl\u00f4me d\u2019\u00e9tudes coll\u00e9giales ou le baccalaur\u00e9at.<\/p>\n<p>OU<\/p>\n<p>La personne est \u00e2g\u00e9e d\u2019au moins 16 ans au 30 septembre de l\u2019ann\u00e9e scolaire au cours de laquelle elle commence sa formation et a obtenu les unit\u00e9s de 4e secondaire en langue d\u2019enseignement, en langue seconde et en math\u00e9matique dans des programmes d\u2019\u00e9tudes \u00e9tablis par le ministre ou a r\u00e9alis\u00e9 des apprentissages reconnus comme \u00e9tant \u00e9quivalents.<\/p>\n<p>OU<\/p>\n<p>La personne est \u00e2g\u00e9e d\u2019au moins 18 ans au moment d\u2019entreprendre sa formation et poss\u00e8de les pr\u00e9alables fonctionnels, soit la r\u00e9ussite du test de d\u00e9veloppement g\u00e9n\u00e9ral, ou a r\u00e9alis\u00e9 des apprentissages reconnus comme \u00e9tant \u00e9quivalents.<\/p>\n<p>OU<\/p>\n<p>La personne a obtenu les unit\u00e9s de 3e secondaire en langue d\u2019enseignement, en langue seconde et en math\u00e9matique dans des programmes d\u2019\u00e9tudes \u00e9tablis par le ministre et poursuivra sa formation g\u00e9n\u00e9rale en concomitance avec sa formation professionnelle pour obtenir les unit\u00e9s de 4e secondaire qui lui manquent en langue d\u2019enseignement, en langue seconde et en math\u00e9matique dans des programmes d\u2019\u00e9tudes \u00e9tablis par le ministre.[\/vc_column_text][vc_row_inner content_placement=&#8221;middle&#8221; css=&#8221;.vc_custom_1546617696713{margin-top: -50px !important;}&#8221;][vc_column_inner width=&#8221;1\/2&#8243;][vc_btn title=&#8221;DEMANDE D&#8217;INFORMATIONS&#8221; style=&#8221;classic&#8221; color=&#8221;black&#8221; align=&#8221;center&#8221; css=&#8221;.vc_custom_1650564816172{padding-right: 30px !important;padding-left: 30px !important;}&#8221; link=&#8221;url:%2Ffr%2Fdemande-dinformations%2F|||&#8221; el_class=&#8221;buttons&#8221;][\/vc_column_inner][vc_column_inner width=&#8221;1\/2&#8243;][vc_btn title=&#8221;INSCRIVEZ-VOUS D\u00c8S MAINTENANT&#8221; style=&#8221;classic&#8221; color=&#8221;black&#8221; align=&#8221;center&#8221; css=&#8221;.vc_custom_1650564836222{padding-right: 30px !important;padding-left: 30px !important;}&#8221; link=&#8221;url:https%3A%2F%2Fwww.inforoutefpt.org%2Forganismes-niveau-secondaire%2Fcentres-formation-professionnelle%2F887406%2Fgroupes||target:%20_blank|&#8221; el_class=&#8221;buttons&#8221;][\/vc_column_inner][\/vc_row_inner][vc_column_text css_animation=&#8221;fadeIn&#8221; el_class=&#8221;top_parallax_body_text beauty_body_text&#8221;]<\/p>\n<h1 class=\"text-center\">Contenu du programme<\/h1>\n<p>&nbsp;<\/p>\n<table border=\"1\">\n<tbody align=\"center\">\n<tr>\n<th scope=\"col\"><strong>Code<\/strong><\/th>\n<th scope=\"col\">\u00c9nonc\u00e9 de comp\u00e9tence<\/th>\n<th scope=\"col\"><strong>Heures<\/strong><\/th>\n<th scope=\"col\"><strong>Cr\u00e9dits<\/strong><\/th>\n<\/tr>\n<tr>\n<td width=\"60px\">804672<\/td>\n<td>Le m\u00e9tier et le processus de formation<\/td>\n<td>30<\/td>\n<td>2<\/td>\n<\/tr>\n<tr>\n<td width=\"60px\">754992<\/td>\n<td>Sant\u00e9 et s\u00e9curit\u00e9 sur les chantiers de construction<\/td>\n<td>30<\/td>\n<td>2<\/td>\n<\/tr>\n<tr>\n<td>804687<\/td>\n<td>Soudage de l&#8217;acier et de l&#8217;acier inoxydable (GMAW) \u2013 Positions plates et horizontales<\/td>\n<td>105<\/td>\n<td>7<\/td>\n<\/tr>\n<tr>\n<td>804692<\/td>\n<td>Calculs de soudage et d&#8217;assemblage<\/td>\n<td>30<\/td>\n<td>2<\/td>\n<\/tr>\n<tr>\n<td>804703<\/td>\n<td>D\u00e9coupe et pr\u00e9paration m\u00e9caniques<\/td>\n<td>45<\/td>\n<td>3<\/td>\n<\/tr>\n<tr>\n<td>804716<\/td>\n<td>Dessins et croquis d&#8217;assemblage simples<\/td>\n<td>90<\/td>\n<td>6<\/td>\n<\/tr>\n<tr>\n<td>804722<\/td>\n<td>Acc\u00e8s, levage et manutention<\/td>\n<td>30<\/td>\n<td>2<\/td>\n<\/tr>\n<tr>\n<td>804733<\/td>\n<td>D\u00e9coupe thermique<\/td>\n<td>45<\/td>\n<td>3<\/td>\n<\/tr>\n<tr>\n<td>804746<\/td>\n<td>Pliage et fa\u00e7onnage<\/td>\n<td>90<\/td>\n<td>6<\/td>\n<\/tr>\n<tr>\n<td>804754<\/td>\n<td>Souder des pi\u00e8ces en acier \u00e0 l&#8217;aide du proc\u00e9d\u00e9 SMAW<\/td>\n<td>60<\/td>\n<td>4<\/td>\n<\/tr>\n<tr>\n<td>804765<\/td>\n<td>Soudage de l&#8217;acier et de l&#8217;acier inoxydable (GMAW) &#8211; Positions verticales et a\u00e9riennes<\/td>\n<td>75<\/td>\n<td>5<\/td>\n<\/tr>\n<tr>\n<td>804772<\/td>\n<td>Per\u00e7age, poin\u00e7onnage et boulonnage<\/td>\n<td>30<\/td>\n<td>2<\/td>\n<\/tr>\n<tr>\n<td>804785<\/td>\n<td>Assemblages simples<\/td>\n<td>75<\/td>\n<td>5<\/td>\n<\/tr>\n<tr>\n<td>804795<\/td>\n<td>Soudage de l&#8217;acier et de l&#8217;acier inoxydable (SMAW) \u2013 Positions planes et horizontales<\/td>\n<td>75<\/td>\n<td>5<\/td>\n<\/tr>\n<tr>\n<td>804807<\/td>\n<td>Dessins d&#8217;assemblage complexes<\/td>\n<td>105<\/td>\n<td>7<\/td>\n<\/tr>\n<tr>\n<td>804817<\/td>\n<td>Assemblages structurels<\/td>\n<td>105<\/td>\n<td>7<\/td>\n<\/tr>\n<tr>\n<td>804822<\/td>\n<td>Proc\u00e9dures de soudage et de d\u00e9coupe<\/td>\n<td>30<\/td>\n<td>2<\/td>\n<\/tr>\n<tr>\n<td>804833<\/td>\n<td>Soudage de l&#8217;acier (FCAW) \u2013 Positions verticales et a\u00e9riennes<\/td>\n<td>45<\/td>\n<td>3<\/td>\n<\/tr>\n<tr>\n<td>804845<\/td>\n<td>Soudage \u2013 Syst\u00e8mes automatis\u00e9s et robotis\u00e9s<\/td>\n<td>75<\/td>\n<td>5<\/td>\n<\/tr>\n<tr>\n<td>804858<\/td>\n<td>Assemblages de complexit\u00e9 moyenne<\/td>\n<td>120<\/td>\n<td>8<\/td>\n<\/tr>\n<tr>\n<td>804866<\/td>\n<td>Soudage de l&#8217;acier et de l&#8217;acier inoxydable (GTAW) \u2013 Les quatre positions<\/td>\n<td>90<\/td>\n<td>6<\/td>\n<\/tr>\n<tr>\n<td>804875<\/td>\n<td>Soudage de l&#8217;acier (SMAW) \u2013 Positions verticales et a\u00e9riennes<\/td>\n<td>75<\/td>\n<td>5<\/td>\n<\/tr>\n<tr>\n<td>804884<\/td>\n<td>Soudage de l&#8217;aluminium (GMAW) \u2013 Les quatre positions<\/td>\n<td>60<\/td>\n<td>4<\/td>\n<\/tr>\n<tr>\n<td>804894<\/td>\n<td>Soudage de l&#8217;aluminium (GTAW) \u2013 Les quatre positions<\/td>\n<td>60<\/td>\n<td>4<\/td>\n<\/tr>\n<tr>\n<td>804908<\/td>\n<td>Assemblages complexes<\/td>\n<td>120<\/td>\n<td>8<\/td>\n<\/tr>\n<tr>\n<td>804911<\/td>\n<td>D\u00e9veloppement de carri\u00e8re<\/td>\n<td>15<\/td>\n<td>1<\/td>\n<\/tr>\n<tr>\n<td>804926<\/td>\n<td>Entrer sur le march\u00e9 du travail<\/td>\n<td>90<\/td>\n<td>6<\/td>\n<\/tr>\n<tr>\n<td><strong>Total<\/strong><\/td>\n<td><\/td>\n<td><strong>1800<\/strong><\/td>\n<td><strong>120<\/strong><\/td>\n<\/tr>\n<\/tbody>\n<\/table>\n<p>[\/vc_column_text][vc_row_inner content_placement=&#8221;middle&#8221; el_class=&#8221;section-dark&#8221; css=&#8221;.vc_custom_1626359642229{padding-top: 50px !important;}&#8221;][vc_column_inner width=&#8221;1\/2&#8243;][vc_column_text]<\/p>\n<h3 style=\"text-align: left;\">NOUS OFFRONS LA RAC<\/h3>\n<p>&nbsp;<\/p>\n<h4 style=\"text-align: left;\">DE QUOI S\u2019AGIT-IL ?<\/h4>\n<p>&nbsp;<\/p>\n<p style=\"font-size: 18px; color: #ebebeb;\">La reconnaissance des acquis et des comp\u00e9tences (RAC) est une d\u00e9marche qui permet d\u2019identifier, de documenter, de faire \u00e9valuer et reconna\u00eetre officiellement vos apprentissages et comp\u00e9tences afin de d\u00e9terminer la formation manquante \u00e0 acqu\u00e9rir, ce qui permet d\u2019acc\u00e9l\u00e9rer l\u2019obtention d\u2019un dipl\u00f4me ou d\u2019y acc\u00e9der directement.<\/p>\n<p>[\/vc_column_text][vc_btn title=&#8221;EN SAVOIR PLUS&#8221; color=&#8221;black&#8221; el_class=&#8221;dark-btn&#8221; link=&#8221;url:https%3A%2F%2Fwww.emsb.qc.ca%2Ffr-ca%2Fcsem%2Fecoles%2Fformation-professionnelle%2Frac||target:%20_blank|&#8221;][\/vc_column_inner][vc_column_inner width=&#8221;1\/2&#8243;][vc_video link=&#8221;https:\/\/vimeo.com\/511160993&#8243;][\/vc_column_inner][\/vc_row_inner][\/vc_column][\/vc_row][vc_row ses_title=&#8221;Galerie&#8221; fullwidth=&#8221;yes&#8221; css=&#8221;.vc_custom_1650565167744{margin-top: 30px !important;margin-bottom: 30px !important;}&#8221;][vc_column][vc_media_grid element_width=&#8221;3&#8243; gap=&#8221;0&#8243; grid_id=&#8221;vc_gid:1761162513062-3a22912d-a6b2-2&#8243; include=&#8221;6474,6489,6491,6466&#8243;][\/vc_column][\/vc_row][vc_row extra_id=&#8221;contact&#8221; ses_title=&#8221;NOUS JOINDRE&#8221; ses_sub_title=&#8221;EXPLOREZ LES MEILLEURS CHOIX DE CARRI\u00c8RE QUI S\u2019OFFRENT \u00c0 VOUS&#8221;][vc_column width=&#8221;1\/3&#8243;]\t\n\t<div class=\"contact-wrap\">\n\t\t<p><i class=\"fa fa-phone\"><\/i><span>Appelez-nous<\/span> +1 514-374-4278<br \/>\n<small><em>Du lundi au vendredi | 8h\u201321h<\/em><\/small><\/p>\t\n\t<\/div>\n\n[\/vc_column][vc_column width=&#8221;1\/3&#8243;]\t\n\t<div class=\"contact-wrap\">\n\t\t<p><i class=\"fa fa-envelope\"><\/i><span>Courriel<\/span> lmacadult@emsb.qc.ca<\/p>\t\n\t<\/div>\n\n[\/vc_column][vc_column width=&#8221;1\/3&#8243;]\t\n\t<div class=\"contact-wrap\">\n\t\t<p><i class=\"fa fa-map-marker\"><\/i><span>Visitez-nous<\/span> 5025, rue Jean-Talon Est,<br \/>\nSaint-L\u00e9onard (Qu\u00e9bec) H1S 3G6<\/p>\t\n\t<\/div>\n\n[\/vc_column][\/vc_row][vc_row fullwidth=&#8221;yes&#8221; css=&#8221;.vc_custom_1415971339059{padding-bottom: 60px !important;}&#8221;][vc_column]\t\t\t<div class=\"container\">\n\t\t\t<div class=\"twelve columns\" data-scrollreveal=\"enter bottom and move 150px over 1s\">\t\n\t\t\t\t<a class=\"button-map close-map\"><span>Nous trouver<\/span><\/a>\n\t\t\t<\/div>\n\t\t<\/div>\n\t\t\n\t<div id=\"google_map\"  ><\/div>\n\n\t<script type=\"text\/javascript\">\n\t\t(function($) { \"use strict\"\n\t\t\tvar e=new google.maps.LatLng(45.577207,-73.584957),\n\t\t\to={zoom:14,center:new google.maps.LatLng(45.577207,-73.584957),\n\t\t\tmapTypeId:google.maps.MapTypeId.ROADMAP,\n\t\t\tmapTypeControl:!1,\n\t\t\tscrollwheel:!1,\n\t\t\tdraggable:!0,\n\t\t\tnavigationControl:!1\n\t\t\t},\n\t\t\tn=new google.maps.Map(document.getElementById(\"google_map\"),o);\n\t\t\tgoogle.maps.event.addDomListener(window,\"resize\",function(){var e=n.getCenter();\n\t\t\tgoogle.maps.event.trigger(n,\"resize\"),n.setCenter(e)});\n\t\t\t\n\t\t\tvar g='<div class=\"map-tooltip\"><h6>LMCC<\/h6><\/div>',a=new google.maps.InfoWindow({content:g})\n\t\t\t,t=new google.maps.MarkerImage(\"https:\/\/lmaccareercentre.com\/wp-content\/uploads\/2014\/11\/map-pin.png\",new google.maps.Size(40,70),\n\t\t\tnew google.maps.Point(0,0),new google.maps.Point(20,55)),\n\t\t\ti=new google.maps.LatLng(45.577207,-73.584957),\n\t\t\tp=new google.maps.Marker({position:i,map:n,icon:t,zIndex:3});\n\t\t\tgoogle.maps.event.addListener(p,\"click\",function(){a.open(n,p)});\n\n\t\t\t\t\t\t\n\t\t\t\t$(\".button-map\").click(function(){$(\"#google_map\").slideToggle(300,function(){google.maps.event.trigger(n,\"resize\"),n.setCenter(e)}),\n\t\t\t\t$(this).toggleClass(\"close-map show-map\")});\n\t\t\t\n\t\t})(jQuery);\n\t<\/script>\n\n[\/vc_column][\/vc_row]<\/p>\n","protected":false},"excerpt":{"rendered":"<p>[vc_row fullwidth=&#8221;yes&#8221;][vc_column][\/vc_column][\/vc_row][vc_row wrap_class=&#8221;yes&#8221; css=&#8221;.vc_custom_1546878854975{padding-top: 160px !important;padding-bottom: 120px !important;background-image: url(http:\/\/lmaccareercentre.ca\/wp-content\/uploads\/2018\/12\/4.jpg?id=3673) !important;background-position: center !important;background-repeat: no-repeat !important;background-size: cover !important;}&#8221;][vc_column][vc_column_text css_animation=&#8221;fadeInDown&#8221; el_class=&#8221;top_parallax_body_text&#8221;] SOUDAGE ET ASSEMBLAGE Acqu\u00e9rir les qualifications n\u00e9cessaires pour acc\u00e9der au march\u00e9 du travail; acqu\u00e9rir les qualifications n\u00e9cessaires pour interpr\u00e9ter les plans, les devis et les proc\u00e9dures; acqu\u00e9rir les qualifications n\u00e9cessaires pour pr\u00e9parer et souder des pi\u00e8ces en [&hellip;]<\/p>\n","protected":false},"author":6,"featured_media":0,"parent":0,"menu_order":0,"comment_status":"closed","ping_status":"closed","template":"page-templates\/template-canvas.php","meta":{"_bbp_topic_count":0,"_bbp_reply_count":0,"_bbp_total_topic_count":0,"_bbp_total_reply_count":0,"_bbp_voice_count":0,"_bbp_anonymous_reply_count":0,"_bbp_topic_count_hidden":0,"_bbp_reply_count_hidden":0,"_bbp_forum_subforum_count":0,"footnotes":""},"class_list":["post-6623","page","type-page","status-publish","hentry"],"yoast_head":"<!-- This site is optimized with the Yoast SEO plugin v25.8 - https:\/\/yoast.com\/wordpress\/plugins\/seo\/ -->\n<title>Welding &amp; Fitting Program | Laurier Macdonald Vocational Centre<\/title>\n<meta name=\"description\" content=\"A great hairdressing program designed to help you accomplish tasks such as cutting, setting and hair styling, to accomplish complimentary tasks.\" \/>\n<meta name=\"robots\" content=\"index, follow, max-snippet:-1, max-image-preview:large, max-video-preview:-1\" \/>\n<link rel=\"canonical\" href=\"https:\/\/lmaccareercentre.com\/fr\/soudage-montage\/\" \/>\n<meta property=\"og:locale\" content=\"fr_FR\" \/>\n<meta property=\"og:type\" content=\"article\" \/>\n<meta property=\"og:title\" content=\"Welding &amp; Fitting Program | Laurier Macdonald Vocational Centre\" \/>\n<meta property=\"og:description\" content=\"A great hairdressing program designed to help you accomplish tasks such as cutting, setting and hair styling, to accomplish complimentary tasks.\" \/>\n<meta property=\"og:url\" content=\"https:\/\/lmaccareercentre.com\/fr\/soudage-montage\/\" \/>\n<meta property=\"og:site_name\" content=\"Centre Laurier MacDonald\" \/>\n<meta property=\"article:publisher\" content=\"https:\/\/www.facebook.com\/LaurierMacdonaldCareerCentre\" \/>\n<meta property=\"article:modified_time\" content=\"2026-02-03T20:45:20+00:00\" \/>\n<meta name=\"twitter:card\" content=\"summary_large_image\" \/>\n<meta name=\"twitter:site\" content=\"@lmaccareer\" \/>\n<meta name=\"twitter:label1\" content=\"Dur\u00e9e de lecture estim\u00e9e\" \/>\n\t<meta name=\"twitter:data1\" content=\"5 minutes\" \/>\n<script type=\"application\/ld+json\" class=\"yoast-schema-graph\">{\"@context\":\"https:\/\/schema.org\",\"@graph\":[{\"@type\":\"WebPage\",\"@id\":\"https:\/\/lmaccareercentre.com\/fr\/soudage-montage\/\",\"url\":\"https:\/\/lmaccareercentre.com\/fr\/soudage-montage\/\",\"name\":\"Welding & Fitting Program | Laurier Macdonald Vocational Centre\",\"isPartOf\":{\"@id\":\"https:\/\/lmaccareercentre.com\/fr\/#website\"},\"datePublished\":\"2019-01-03T17:53:52+00:00\",\"dateModified\":\"2026-02-03T20:45:20+00:00\",\"description\":\"A great hairdressing program designed to help you accomplish tasks such as cutting, setting and hair styling, to accomplish complimentary tasks.\",\"inLanguage\":\"fr-FR\",\"potentialAction\":[{\"@type\":\"ReadAction\",\"target\":[\"https:\/\/lmaccareercentre.com\/fr\/soudage-montage\/\"]}]},{\"@type\":\"WebSite\",\"@id\":\"https:\/\/lmaccareercentre.com\/fr\/#website\",\"url\":\"https:\/\/lmaccareercentre.com\/fr\/\",\"name\":\"Centre Laurier MacDonald\",\"description\":\"Centre de formation professionnelle\",\"publisher\":{\"@id\":\"https:\/\/lmaccareercentre.com\/fr\/#organization\"},\"potentialAction\":[{\"@type\":\"SearchAction\",\"target\":{\"@type\":\"EntryPoint\",\"urlTemplate\":\"https:\/\/lmaccareercentre.com\/fr\/?s={search_term_string}\"},\"query-input\":{\"@type\":\"PropertyValueSpecification\",\"valueRequired\":true,\"valueName\":\"search_term_string\"}}],\"inLanguage\":\"fr-FR\"},{\"@type\":\"Organization\",\"@id\":\"https:\/\/lmaccareercentre.com\/fr\/#organization\",\"name\":\"Centre Laurier MacDonald\",\"url\":\"https:\/\/lmaccareercentre.com\/fr\/\",\"logo\":{\"@type\":\"ImageObject\",\"inLanguage\":\"fr-FR\",\"@id\":\"https:\/\/lmaccareercentre.com\/fr\/#\/schema\/logo\/image\/\",\"url\":\"https:\/\/lmaccareercentre.com\/wp-content\/uploads\/2018\/11\/logo-inv.png\",\"contentUrl\":\"https:\/\/lmaccareercentre.com\/wp-content\/uploads\/2018\/11\/logo-inv.png\",\"width\":606,\"height\":606,\"caption\":\"Centre Laurier MacDonald\"},\"image\":{\"@id\":\"https:\/\/lmaccareercentre.com\/fr\/#\/schema\/logo\/image\/\"},\"sameAs\":[\"https:\/\/www.facebook.com\/LaurierMacdonaldCareerCentre\",\"https:\/\/x.com\/lmaccareer\",\"https:\/\/www.instagram.com\/lauriermaccareercentre\/\"]}]}<\/script>\n<!-- \/ Yoast SEO plugin. -->","yoast_head_json":{"title":"Welding & Fitting Program | Laurier Macdonald Vocational Centre","description":"A great hairdressing program designed to help you accomplish tasks such as cutting, setting and hair styling, to accomplish complimentary tasks.","robots":{"index":"index","follow":"follow","max-snippet":"max-snippet:-1","max-image-preview":"max-image-preview:large","max-video-preview":"max-video-preview:-1"},"canonical":"https:\/\/lmaccareercentre.com\/fr\/soudage-montage\/","og_locale":"fr_FR","og_type":"article","og_title":"Welding & Fitting Program | Laurier Macdonald Vocational Centre","og_description":"A great hairdressing program designed to help you accomplish tasks such as cutting, setting and hair styling, to accomplish complimentary tasks.","og_url":"https:\/\/lmaccareercentre.com\/fr\/soudage-montage\/","og_site_name":"Centre Laurier MacDonald","article_publisher":"https:\/\/www.facebook.com\/LaurierMacdonaldCareerCentre","article_modified_time":"2026-02-03T20:45:20+00:00","twitter_card":"summary_large_image","twitter_site":"@lmaccareer","twitter_misc":{"Dur\u00e9e de lecture estim\u00e9e":"5 minutes"},"schema":{"@context":"https:\/\/schema.org","@graph":[{"@type":"WebPage","@id":"https:\/\/lmaccareercentre.com\/fr\/soudage-montage\/","url":"https:\/\/lmaccareercentre.com\/fr\/soudage-montage\/","name":"Welding & Fitting Program | Laurier Macdonald Vocational Centre","isPartOf":{"@id":"https:\/\/lmaccareercentre.com\/fr\/#website"},"datePublished":"2019-01-03T17:53:52+00:00","dateModified":"2026-02-03T20:45:20+00:00","description":"A great hairdressing program designed to help you accomplish tasks such as cutting, setting and hair styling, to accomplish complimentary tasks.","inLanguage":"fr-FR","potentialAction":[{"@type":"ReadAction","target":["https:\/\/lmaccareercentre.com\/fr\/soudage-montage\/"]}]},{"@type":"WebSite","@id":"https:\/\/lmaccareercentre.com\/fr\/#website","url":"https:\/\/lmaccareercentre.com\/fr\/","name":"Centre Laurier MacDonald","description":"Centre de formation professionnelle","publisher":{"@id":"https:\/\/lmaccareercentre.com\/fr\/#organization"},"potentialAction":[{"@type":"SearchAction","target":{"@type":"EntryPoint","urlTemplate":"https:\/\/lmaccareercentre.com\/fr\/?s={search_term_string}"},"query-input":{"@type":"PropertyValueSpecification","valueRequired":true,"valueName":"search_term_string"}}],"inLanguage":"fr-FR"},{"@type":"Organization","@id":"https:\/\/lmaccareercentre.com\/fr\/#organization","name":"Centre Laurier MacDonald","url":"https:\/\/lmaccareercentre.com\/fr\/","logo":{"@type":"ImageObject","inLanguage":"fr-FR","@id":"https:\/\/lmaccareercentre.com\/fr\/#\/schema\/logo\/image\/","url":"https:\/\/lmaccareercentre.com\/wp-content\/uploads\/2018\/11\/logo-inv.png","contentUrl":"https:\/\/lmaccareercentre.com\/wp-content\/uploads\/2018\/11\/logo-inv.png","width":606,"height":606,"caption":"Centre Laurier MacDonald"},"image":{"@id":"https:\/\/lmaccareercentre.com\/fr\/#\/schema\/logo\/image\/"},"sameAs":["https:\/\/www.facebook.com\/LaurierMacdonaldCareerCentre","https:\/\/x.com\/lmaccareer","https:\/\/www.instagram.com\/lauriermaccareercentre\/"]}]}},"_links":{"self":[{"href":"https:\/\/lmaccareercentre.com\/fr\/wp-json\/wp\/v2\/pages\/6623","targetHints":{"allow":["GET"]}}],"collection":[{"href":"https:\/\/lmaccareercentre.com\/fr\/wp-json\/wp\/v2\/pages"}],"about":[{"href":"https:\/\/lmaccareercentre.com\/fr\/wp-json\/wp\/v2\/types\/page"}],"author":[{"embeddable":true,"href":"https:\/\/lmaccareercentre.com\/fr\/wp-json\/wp\/v2\/users\/6"}],"replies":[{"embeddable":true,"href":"https:\/\/lmaccareercentre.com\/fr\/wp-json\/wp\/v2\/comments?post=6623"}],"version-history":[{"count":8,"href":"https:\/\/lmaccareercentre.com\/fr\/wp-json\/wp\/v2\/pages\/6623\/revisions"}],"predecessor-version":[{"id":6624,"href":"https:\/\/lmaccareercentre.com\/fr\/wp-json\/wp\/v2\/pages\/6623\/revisions\/6624"}],"wp:attachment":[{"href":"https:\/\/lmaccareercentre.com\/fr\/wp-json\/wp\/v2\/media?parent=6623"}],"curies":[{"name":"wp","href":"https:\/\/api.w.org\/{rel}","templated":true}]}}