{"id":6619,"date":"2019-01-03T15:26:52","date_gmt":"2019-01-03T15:26:52","guid":{"rendered":"https:\/\/lmaccareercentre.com\/hairdressing\/"},"modified":"2024-06-12T14:22:59","modified_gmt":"2024-06-12T14:22:59","slug":"coiffure","status":"publish","type":"page","link":"https:\/\/lmaccareercentre.com\/fr\/coiffure\/","title":{"rendered":"Coiffure"},"content":{"rendered":"<p>[vc_row fullwidth=&#8221;yes&#8221;][vc_column]\t\n\t<div class=\"social-top\">\n\t\t<ul class=\"list-social\">\n\t\t\t\t\t\t\t<li class=\"icon-soc tipped\" data-title=\"twitter\"  data-tipper-options='{\"direction\":\"top\",\"follow\":\"true\"}'>\n\t\t\t\t\t<a target=\"_self\" href=\"https:\/\/twitter.com\/lmaccareer\"><i class=\"fa fa-twitter\"><\/i><\/a>\n\t\t\t\t<\/li>\n\t\t\t\t\t\t\t\t\t\t<li class=\"icon-soc tipped\" data-title=\"facebook\"  data-tipper-options='{\"direction\":\"top\",\"follow\":\"true\"}'>\n\t\t\t\t\t<a target=\"_self\" href=\"https:\/\/www.facebook.com\/LaurierMacdonaldCareerCentre\"><i class=\"fa fa-facebook\"><\/i><\/a>\n\t\t\t\t<\/li>\n\t\t\t\t\t\t\t\t\t\t\t\t\t\t<\/ul>\t\n\t<\/div>\n\n[\/vc_column][\/vc_row][vc_row wrap_class=&#8221;yes&#8221; css=&#8221;.vc_custom_1546878921664{padding-top: 160px !important;padding-bottom: 120px !important;background-image: url(http:\/\/lmaccareercentre.ca\/wp-content\/uploads\/2018\/12\/2.jpg?id=3671) !important;background-position: center !important;background-repeat: no-repeat !important;background-size: cover !important;}&#8221;][vc_column][vc_column_text css_animation=&#8221;fadeInDown&#8221; el_class=&#8221;top_parallax_body_text&#8221;]<\/p>\n<h1 class=\"text-center\">COIFFURE \u2013 OBJECTIFS DU PROGRAMME<\/h1>\n<p>Acqu\u00e9rir les connaissances, les habilet\u00e9s et les attitudes relatives aux r\u00e8gles et mesures d&#8217;hygi\u00e8ne, de sant\u00e9 et de s\u00e9curit\u00e9 en lien avec l&#8217;utilisation de produits caustiques et corrosifs, analyser le cuir chevelu et les cheveux, proposer au client un style qui correspond \u00e0 sa personnalit\u00e9, conna\u00eetre les techniques de coloration et \u00eatre en mesure de r\u00e9aliser les t\u00e2ches courantes en coiffure telles que la coupe, la mise en plis, la mise en forme, de m\u00eame que des t\u00e2ches compl\u00e9mentaires telles que la taille et le rasage de la barbe, des favoris et des moustaches, ainsi qu\u2019ex\u00e9cuter des activit\u00e9s de r\u00e9ception et de vente.<\/p>\n<table border=\"0\">\n<tbody>\n<tr>\n<td>Code<\/td>\n<td>5745<\/td>\n<\/tr>\n<tr>\n<td>Sanction<\/td>\n<td>DEP<\/td>\n<\/tr>\n<tr>\n<td>Secteur<\/td>\n<td>Soins esth\u00e9tiques (21)<\/td>\n<\/tr>\n<tr>\n<td>Nombre d&#8217;unit\u00e9s<\/td>\n<td>97<\/td>\n<\/tr>\n<tr>\n<td>Dur\u00e9e totale<\/td>\n<td>1455 heures<\/td>\n<\/tr>\n<\/tbody>\n<\/table>\n<p>[\/vc_column_text][vc_row_inner][vc_column_inner width=&#8221;1\/2&#8243;][vc_btn title=&#8221;DEMANDE D&#8217;INFORMATIONS&#8221; style=&#8221;classic&#8221; color=&#8221;black&#8221; size=&#8221;lg&#8221; align=&#8221;center&#8221; css=&#8221;.vc_custom_1650563743395{padding-right: 30px !important;padding-left: 30px !important;}&#8221; link=&#8221;url:%2Ffr%2Fdemande-dinformations%2F|||&#8221; el_class=&#8221;buttons&#8221;][\/vc_column_inner][vc_column_inner width=&#8221;1\/2&#8243;][vc_btn title=&#8221;INSCRIVEZ-VOUS D\u00c8S MAINTENANT&#8221; style=&#8221;classic&#8221; color=&#8221;black&#8221; size=&#8221;lg&#8221; align=&#8221;center&#8221; css=&#8221;.vc_custom_1650563770966{padding-right: 30px !important;padding-left: 30px !important;}&#8221; link=&#8221;url:https%3A%2F%2Fwww.inforoutefpt.org%2Forganismes-niveau-secondaire%2Fcentres-formation-professionnelle%2F887406%2Fgroupes||target:%20_blank|&#8221; el_class=&#8221;buttons&#8221;][\/vc_column_inner][\/vc_row_inner][vc_column_text css_animation=&#8221;fadeInDown&#8221; el_class=&#8221;top_parallax_body_text beauty_body_text admission_body&#8221;]<\/p>\n<h1 class=\"text-center\">CONDITIONS D&#8217;ADMISSION<\/h1>\n<p>Pour \u00eatre admis \u00e0 ce programme, il suffit de satisfaire \u00e0 l\u2019une des conditions suivantes :<\/p>\n<p>La personne est titulaire du dipl\u00f4me d\u2019\u00e9tudes secondaires ou de son \u00e9quivalent reconnu (ex. : attestation d\u2019\u00e9quivalence de niveau de scolarit\u00e9) ou d\u2019un dipl\u00f4me d\u2019\u00e9tudes sup\u00e9rieures, comme le dipl\u00f4me d\u2019\u00e9tudes coll\u00e9giales ou le baccalaur\u00e9at.<\/p>\n<p>OU<\/p>\n<p>La personne est \u00e2g\u00e9e d\u2019au moins 16 ans au 30 septembre de l\u2019ann\u00e9e scolaire au cours de laquelle elle commence sa formation et a obtenu les unit\u00e9s de 4e secondaire en langue d\u2019enseignement, en langue seconde et en math\u00e9matique dans des programmes d\u2019\u00e9tudes \u00e9tablis par le ministre ou a r\u00e9alis\u00e9 des apprentissages reconnus comme \u00e9tant \u00e9quivalents.<\/p>\n<p>OU<\/p>\n<p>La personne est \u00e2g\u00e9e d\u2019au moins 18 ans au moment d\u2019entreprendre sa formation et poss\u00e8de les pr\u00e9alables fonctionnels, soit la r\u00e9ussite du test de d\u00e9veloppement g\u00e9n\u00e9ral, ou a r\u00e9alis\u00e9 des apprentissages reconnus comme \u00e9tant \u00e9quivalents.<\/p>\n<p>OU<\/p>\n<p>La personne a obtenu les unit\u00e9s de 3e secondaire en langue d\u2019enseignement, en langue seconde et en math\u00e9matique dans des programmes d\u2019\u00e9tudes \u00e9tablis par le ministre et poursuivra sa formation g\u00e9n\u00e9rale en concomitance avec sa formation professionnelle pour obtenir les unit\u00e9s de 4e secondaire qui lui manquent en langue d\u2019enseignement, en langue seconde et en math\u00e9matique dans des programmes d\u2019\u00e9tudes \u00e9tablis par le ministre.[\/vc_column_text][vc_row_inner content_placement=&#8221;middle&#8221; css=&#8221;.vc_custom_1546617696713{margin-top: -50px !important;}&#8221;][vc_column_inner width=&#8221;1\/2&#8243;][vc_btn title=&#8221;DEMANDE D&#8217;INFORMATIONS&#8221; style=&#8221;classic&#8221; color=&#8221;black&#8221; size=&#8221;lg&#8221; align=&#8221;center&#8221; css=&#8221;.vc_custom_1650563755834{padding-right: 30px !important;padding-left: 30px !important;}&#8221; link=&#8221;url:%2Ffr%2Fdemande-dinformations%2F|||&#8221; el_class=&#8221;buttons&#8221;][\/vc_column_inner][vc_column_inner width=&#8221;1\/2&#8243;][vc_btn title=&#8221;INSCRIVEZ-VOUS D\u00c8S MAINTENANT&#8221; style=&#8221;classic&#8221; color=&#8221;black&#8221; size=&#8221;lg&#8221; align=&#8221;center&#8221; css=&#8221;.vc_custom_1650563778886{padding-right: 30px !important;padding-left: 30px !important;}&#8221; link=&#8221;url:https%3A%2F%2Fwww.inforoutefpt.org%2Forganismes-niveau-secondaire%2Fcentres-formation-professionnelle%2F887406%2Fgroupes||target:%20_blank|&#8221; el_class=&#8221;buttons&#8221;][\/vc_column_inner][\/vc_row_inner][vc_column_text css_animation=&#8221;fadeIn&#8221; el_class=&#8221;top_parallax_body_text beauty_body_text&#8221;]<\/p>\n<h1 class=\"text-center\">CONTENU DU PROGRAMME<\/h1>\n<p>&nbsp;<\/p>\n<table border=\"1\">\n<tbody align=\"center\">\n<tr>\n<th scope=\"col\"><strong>Code<\/strong><\/th>\n<th scope=\"col\">\u00c9nonc\u00e9 de la comp\u00e9tence<\/th>\n<th scope=\"col\"><strong>Heures<\/strong><\/th>\n<th scope=\"col\"><strong>Unit\u00e9s<\/strong><\/th>\n<\/tr>\n<tr>\n<td width=\"60px\">918-011<\/td>\n<td>Se situer au regard du m\u00e9tier et de la d\u00e9marche de formation<\/td>\n<td>15<\/td>\n<td>1<\/td>\n<\/tr>\n<tr>\n<td width=\"60px\">918-022<\/td>\n<td>Pr\u00e9venir les atteintes \u00e0 la sant\u00e9 et \u00e0 la s\u00e9curit\u00e9<\/td>\n<td>30<\/td>\n<td>2<\/td>\n<\/tr>\n<tr>\n<td>918-033<\/td>\n<td>Faire un examen des cheveux et du cuir chevelu<\/td>\n<td>45<\/td>\n<td>3<\/td>\n<\/tr>\n<tr>\n<td>918-042<\/td>\n<td>Analyser la morphologie et la physionomie d\u2019une cliente ou d\u2019un client<\/td>\n<td>30<\/td>\n<td>2<\/td>\n<\/tr>\n<tr>\n<td>918-052<\/td>\n<td>Donner un shampooing<\/td>\n<td>30<\/td>\n<td>2<\/td>\n<\/tr>\n<tr>\n<td>918-064<\/td>\n<td>Donner un traitement des cheveux et du cuir chevelu<\/td>\n<td>60<\/td>\n<td>4<\/td>\n<\/tr>\n<tr>\n<td>918-073<\/td>\n<td>Faire une mise en plis<\/td>\n<td>45<\/td>\n<td>3<\/td>\n<\/tr>\n<tr>\n<td>918-085<\/td>\n<td>Faire une mise en forme<\/td>\n<td>75<\/td>\n<td>5<\/td>\n<\/tr>\n<tr>\n<td>918-093<\/td>\n<td>Communiquer avec la client\u00e8le<\/td>\n<td>45<\/td>\n<td>3<\/td>\n<\/tr>\n<tr>\n<td>918-108<\/td>\n<td>Faire une coupe de cheveux standard pour femme<\/td>\n<td>120<\/td>\n<td>8<\/td>\n<\/tr>\n<tr>\n<td>918-114<\/td>\n<td>Faire une coupe graduelle pour homme et tailler une barbe<\/td>\n<td>60<\/td>\n<td>4<\/td>\n<\/tr>\n<tr>\n<td>918-127<\/td>\n<td>Donner une permanente standard<\/td>\n<td>105<\/td>\n<td>7<\/td>\n<\/tr>\n<tr>\n<td>918-138<\/td>\n<td>Faire une coloration<\/td>\n<td>120<\/td>\n<td>8<\/td>\n<\/tr>\n<tr>\n<td>918-154<\/td>\n<td>Faire une teinte pastel<\/td>\n<td>60<\/td>\n<td>4<\/td>\n<\/tr>\n<tr>\n<td>918-166<\/td>\n<td>Apporter une correction de couleur<\/td>\n<td>90<\/td>\n<td>6<\/td>\n<\/tr>\n<tr>\n<td>918-173<\/td>\n<td>Vendre des produits et des services<\/td>\n<td>45<\/td>\n<td>3<\/td>\n<\/tr>\n<tr>\n<td>918-185<\/td>\n<td>Effectuer une coupe stylis\u00e9e<\/td>\n<td>75<\/td>\n<td>5<\/td>\n<\/tr>\n<tr>\n<td>918-195<\/td>\n<td>Effectuer une permanente stylis\u00e9e<\/td>\n<td>75<\/td>\n<td>5<\/td>\n<\/tr>\n<tr>\n<td>918-208<\/td>\n<td>Effectuer une coloration cr\u00e9ative<\/td>\n<td>120<\/td>\n<td>8<\/td>\n<\/tr>\n<tr>\n<td>918-217<\/td>\n<td>Effectuer une coiffure personnalis\u00e9e<\/td>\n<td>105<\/td>\n<td>7<\/td>\n<\/tr>\n<tr>\n<td>918-227<\/td>\n<td>S\u2019int\u00e9grer au milieu du travail<\/td>\n<td>105<\/td>\n<td>7<\/td>\n<\/tr>\n<tr>\n<td><strong>Total<\/strong><\/td>\n<td><\/td>\n<td><strong>1455<\/strong><\/td>\n<td><strong>97<\/strong><\/td>\n<\/tr>\n<\/tbody>\n<\/table>\n<p>[\/vc_column_text][vc_row_inner content_placement=&#8221;middle&#8221; el_class=&#8221;section-dark&#8221; css=&#8221;.vc_custom_1626359791722{padding-top: 50px !important;}&#8221;][vc_column_inner width=&#8221;1\/2&#8243;][vc_column_text]<\/p>\n<h3 style=\"text-align: left;\">NOUS OFFRONS LA RAC<\/h3>\n<p>&nbsp;<\/p>\n<h4 style=\"text-align: left;\">DE QUOI S\u2019AGIT-IL ?<\/h4>\n<p>&nbsp;<\/p>\n<p style=\"font-size: 18px; color: #ebebeb;\">La reconnaissance des acquis et des comp\u00e9tences (RAC) est une d\u00e9marche qui permet d\u2019identifier, de documenter, de faire \u00e9valuer et reconna\u00eetre officiellement vos apprentissages et comp\u00e9tences afin de d\u00e9terminer la formation manquante \u00e0 acqu\u00e9rir, ce qui permet d\u2019acc\u00e9l\u00e9rer l\u2019obtention d\u2019un dipl\u00f4me ou d\u2019y acc\u00e9der directement.<\/p>\n<p>[\/vc_column_text][vc_btn title=&#8221;EN SAVOIR PLUS&#8221; color=&#8221;black&#8221; link=&#8221;url:https%3A%2F%2Fwww.emsb.qc.ca%2Ffr-ca%2Fcsem%2Fecoles%2Fformation-professionnelle%2Frac||target:%20_blank|&#8221; el_class=&#8221;dark-btn&#8221;][\/vc_column_inner][vc_column_inner width=&#8221;1\/2&#8243;][vc_video link=&#8221;https:\/\/vimeo.com\/511160993&#8243;][\/vc_column_inner][\/vc_row_inner][\/vc_column][\/vc_row][vc_row ses_title=&#8221;Galerie&#8221; fullwidth=&#8221;yes&#8221; css=&#8221;.vc_custom_1650564385037{margin-top: 30px !important;margin-bottom: 30px !important;}&#8221;][vc_column][vc_media_grid element_width=&#8221;3&#8243; gap=&#8221;0&#8243; grid_id=&#8221;vc_gid:1718202164651-56ed80f5-b7b4-1&#8243; include=&#8221;6495,6493,6496,6486&#8243;][\/vc_column][\/vc_row][vc_row extra_id=&#8221;contact&#8221; ses_title=&#8221;NOUS JOINDRE&#8221; ses_sub_title=&#8221;EXPLOREZ LES MEILLEURS CHOIX DE CARRI\u00c8RE QUI S\u2019OFFRENT \u00c0 VOUS&#8221;][vc_column width=&#8221;1\/3&#8243;]\t\n\t<div class=\"contact-wrap\">\n\t\t<p><i class=\"fa fa-phone\"><\/i><span>Appelez-nous<\/span> +1 514-374-4278<br \/>\n<small><em>Du lundi au vendredi | 8h\u201321h<\/em><\/small><\/p>\t\n\t<\/div>\n\n[\/vc_column][vc_column width=&#8221;1\/3&#8243;]\t\n\t<div class=\"contact-wrap\">\n\t\t<p><i class=\"fa fa-envelope\"><\/i><span>Courriel<\/span> lmacadult@emsb.qc.ca<\/p>\t\n\t<\/div>\n\n[\/vc_column][vc_column width=&#8221;1\/3&#8243;]\t\n\t<div class=\"contact-wrap\">\n\t\t<p><i class=\"fa fa-map-marker\"><\/i><span>Visitez-nous<\/span> 5025, rue Jean-Talon Est,<br \/>\nSaint-L\u00e9onard (Qu\u00e9bec) H1S 3G6<\/p>\t\n\t<\/div>\n\n[\/vc_column][\/vc_row][vc_row fullwidth=&#8221;yes&#8221; css=&#8221;.vc_custom_1548218611867{padding-bottom: 60px !important;}&#8221;][vc_column]\t\t\t<div class=\"container\">\n\t\t\t<div class=\"twelve columns\" data-scrollreveal=\"enter bottom and move 150px over 1s\">\t\n\t\t\t\t<a class=\"button-map close-map\"><span>Nous trouver<\/span><\/a>\n\t\t\t<\/div>\n\t\t<\/div>\n\t\t\n\t<div id=\"google_map\"  ><\/div>\n\n\t<script type=\"text\/javascript\">\n\t\t(function($) { \"use strict\"\n\t\t\tvar e=new google.maps.LatLng(45.577207,-73.584957),\n\t\t\to={zoom:14,center:new google.maps.LatLng(45.577207,-73.584957),\n\t\t\tmapTypeId:google.maps.MapTypeId.ROADMAP,\n\t\t\tmapTypeControl:!1,\n\t\t\tscrollwheel:!1,\n\t\t\tdraggable:!0,\n\t\t\tnavigationControl:!1\n\t\t\t},\n\t\t\tn=new google.maps.Map(document.getElementById(\"google_map\"),o);\n\t\t\tgoogle.maps.event.addDomListener(window,\"resize\",function(){var e=n.getCenter();\n\t\t\tgoogle.maps.event.trigger(n,\"resize\"),n.setCenter(e)});\n\t\t\t\n\t\t\tvar g='<div class=\"map-tooltip\"><h6>LMCC<\/h6><\/div>',a=new google.maps.InfoWindow({content:g})\n\t\t\t,t=new google.maps.MarkerImage(\"https:\/\/lmaccareercentre.com\/wp-content\/uploads\/2014\/11\/map-pin.png\",new google.maps.Size(40,70),\n\t\t\tnew google.maps.Point(0,0),new google.maps.Point(20,55)),\n\t\t\ti=new google.maps.LatLng(45.577207,-73.584957),\n\t\t\tp=new google.maps.Marker({position:i,map:n,icon:t,zIndex:3});\n\t\t\tgoogle.maps.event.addListener(p,\"click\",function(){a.open(n,p)});\n\n\t\t\t\t\t\t\n\t\t\t\t$(\".button-map\").click(function(){$(\"#google_map\").slideToggle(300,function(){google.maps.event.trigger(n,\"resize\"),n.setCenter(e)}),\n\t\t\t\t$(this).toggleClass(\"close-map show-map\")});\n\t\t\t\n\t\t})(jQuery);\n\t<\/script>\n\n[\/vc_column][\/vc_row]<\/p>\n","protected":false},"excerpt":{"rendered":"<p>[vc_row fullwidth=&#8221;yes&#8221;][vc_column][\/vc_column][\/vc_row][vc_row wrap_class=&#8221;yes&#8221; css=&#8221;.vc_custom_1546878921664{padding-top: 160px !important;padding-bottom: 120px !important;background-image: url(http:\/\/lmaccareercentre.ca\/wp-content\/uploads\/2018\/12\/2.jpg?id=3671) !important;background-position: center !important;background-repeat: no-repeat !important;background-size: cover !important;}&#8221;][vc_column][vc_column_text css_animation=&#8221;fadeInDown&#8221; el_class=&#8221;top_parallax_body_text&#8221;] COIFFURE \u2013 OBJECTIFS DU PROGRAMME Acqu\u00e9rir les connaissances, les habilet\u00e9s et les attitudes relatives aux r\u00e8gles et mesures d&#8217;hygi\u00e8ne, de sant\u00e9 et de s\u00e9curit\u00e9 en lien avec l&#8217;utilisation de produits caustiques et corrosifs, analyser le cuir chevelu [&hellip;]<\/p>\n","protected":false},"author":6,"featured_media":0,"parent":0,"menu_order":0,"comment_status":"closed","ping_status":"closed","template":"page-templates\/template-canvas.php","meta":{"_bbp_topic_count":0,"_bbp_reply_count":0,"_bbp_total_topic_count":0,"_bbp_total_reply_count":0,"_bbp_voice_count":0,"_bbp_anonymous_reply_count":0,"_bbp_topic_count_hidden":0,"_bbp_reply_count_hidden":0,"_bbp_forum_subforum_count":0,"footnotes":""},"class_list":["post-6619","page","type-page","status-publish","hentry"],"yoast_head":"<!-- This site is optimized with the Yoast SEO plugin v25.8 - https:\/\/yoast.com\/wordpress\/plugins\/seo\/ -->\n<title>Hairdressing Program | Laurier Macdonald Vocational Centre<\/title>\n<meta name=\"description\" content=\"A great hairdressing program designed to help you accomplish tasks such as cutting, setting and hair styling, to accomplish complimentary tasks.\" \/>\n<meta name=\"robots\" content=\"index, follow, max-snippet:-1, max-image-preview:large, max-video-preview:-1\" \/>\n<link rel=\"canonical\" href=\"https:\/\/lmaccareercentre.com\/fr\/coiffure\/\" \/>\n<meta property=\"og:locale\" content=\"fr_FR\" \/>\n<meta property=\"og:type\" content=\"article\" \/>\n<meta property=\"og:title\" content=\"Hairdressing Program | Laurier Macdonald Vocational Centre\" \/>\n<meta property=\"og:description\" content=\"A great hairdressing program designed to help you accomplish tasks such as cutting, setting and hair styling, to accomplish complimentary tasks.\" \/>\n<meta property=\"og:url\" content=\"https:\/\/lmaccareercentre.com\/fr\/coiffure\/\" \/>\n<meta property=\"og:site_name\" content=\"Centre Laurier MacDonald\" \/>\n<meta property=\"article:publisher\" content=\"https:\/\/www.facebook.com\/LaurierMacdonaldCareerCentre\" \/>\n<meta property=\"article:modified_time\" content=\"2024-06-12T14:22:59+00:00\" \/>\n<meta name=\"twitter:card\" content=\"summary_large_image\" \/>\n<meta name=\"twitter:site\" content=\"@lmaccareer\" \/>\n<meta name=\"twitter:label1\" content=\"Dur\u00e9e de lecture estim\u00e9e\" \/>\n\t<meta name=\"twitter:data1\" content=\"4 minutes\" \/>\n<script type=\"application\/ld+json\" class=\"yoast-schema-graph\">{\"@context\":\"https:\/\/schema.org\",\"@graph\":[{\"@type\":\"WebPage\",\"@id\":\"https:\/\/lmaccareercentre.com\/fr\/coiffure\/\",\"url\":\"https:\/\/lmaccareercentre.com\/fr\/coiffure\/\",\"name\":\"Hairdressing Program | Laurier Macdonald Vocational Centre\",\"isPartOf\":{\"@id\":\"https:\/\/lmaccareercentre.com\/fr\/#website\"},\"datePublished\":\"2019-01-03T15:26:52+00:00\",\"dateModified\":\"2024-06-12T14:22:59+00:00\",\"description\":\"A great hairdressing program designed to help you accomplish tasks such as cutting, setting and hair styling, to accomplish complimentary tasks.\",\"inLanguage\":\"fr-FR\",\"potentialAction\":[{\"@type\":\"ReadAction\",\"target\":[\"https:\/\/lmaccareercentre.com\/fr\/coiffure\/\"]}]},{\"@type\":\"WebSite\",\"@id\":\"https:\/\/lmaccareercentre.com\/fr\/#website\",\"url\":\"https:\/\/lmaccareercentre.com\/fr\/\",\"name\":\"Centre Laurier MacDonald\",\"description\":\"Centre de formation professionnelle\",\"publisher\":{\"@id\":\"https:\/\/lmaccareercentre.com\/fr\/#organization\"},\"potentialAction\":[{\"@type\":\"SearchAction\",\"target\":{\"@type\":\"EntryPoint\",\"urlTemplate\":\"https:\/\/lmaccareercentre.com\/fr\/?s={search_term_string}\"},\"query-input\":{\"@type\":\"PropertyValueSpecification\",\"valueRequired\":true,\"valueName\":\"search_term_string\"}}],\"inLanguage\":\"fr-FR\"},{\"@type\":\"Organization\",\"@id\":\"https:\/\/lmaccareercentre.com\/fr\/#organization\",\"name\":\"Centre Laurier MacDonald\",\"url\":\"https:\/\/lmaccareercentre.com\/fr\/\",\"logo\":{\"@type\":\"ImageObject\",\"inLanguage\":\"fr-FR\",\"@id\":\"https:\/\/lmaccareercentre.com\/fr\/#\/schema\/logo\/image\/\",\"url\":\"https:\/\/lmaccareercentre.com\/wp-content\/uploads\/2018\/11\/logo-inv.png\",\"contentUrl\":\"https:\/\/lmaccareercentre.com\/wp-content\/uploads\/2018\/11\/logo-inv.png\",\"width\":606,\"height\":606,\"caption\":\"Centre Laurier MacDonald\"},\"image\":{\"@id\":\"https:\/\/lmaccareercentre.com\/fr\/#\/schema\/logo\/image\/\"},\"sameAs\":[\"https:\/\/www.facebook.com\/LaurierMacdonaldCareerCentre\",\"https:\/\/x.com\/lmaccareer\",\"https:\/\/www.instagram.com\/lauriermaccareercentre\/\"]}]}<\/script>\n<!-- \/ Yoast SEO plugin. -->","yoast_head_json":{"title":"Hairdressing Program | Laurier Macdonald Vocational Centre","description":"A great hairdressing program designed to help you accomplish tasks such as cutting, setting and hair styling, to accomplish complimentary tasks.","robots":{"index":"index","follow":"follow","max-snippet":"max-snippet:-1","max-image-preview":"max-image-preview:large","max-video-preview":"max-video-preview:-1"},"canonical":"https:\/\/lmaccareercentre.com\/fr\/coiffure\/","og_locale":"fr_FR","og_type":"article","og_title":"Hairdressing Program | Laurier Macdonald Vocational Centre","og_description":"A great hairdressing program designed to help you accomplish tasks such as cutting, setting and hair styling, to accomplish complimentary tasks.","og_url":"https:\/\/lmaccareercentre.com\/fr\/coiffure\/","og_site_name":"Centre Laurier MacDonald","article_publisher":"https:\/\/www.facebook.com\/LaurierMacdonaldCareerCentre","article_modified_time":"2024-06-12T14:22:59+00:00","twitter_card":"summary_large_image","twitter_site":"@lmaccareer","twitter_misc":{"Dur\u00e9e de lecture estim\u00e9e":"4 minutes"},"schema":{"@context":"https:\/\/schema.org","@graph":[{"@type":"WebPage","@id":"https:\/\/lmaccareercentre.com\/fr\/coiffure\/","url":"https:\/\/lmaccareercentre.com\/fr\/coiffure\/","name":"Hairdressing Program | Laurier Macdonald Vocational Centre","isPartOf":{"@id":"https:\/\/lmaccareercentre.com\/fr\/#website"},"datePublished":"2019-01-03T15:26:52+00:00","dateModified":"2024-06-12T14:22:59+00:00","description":"A great hairdressing program designed to help you accomplish tasks such as cutting, setting and hair styling, to accomplish complimentary tasks.","inLanguage":"fr-FR","potentialAction":[{"@type":"ReadAction","target":["https:\/\/lmaccareercentre.com\/fr\/coiffure\/"]}]},{"@type":"WebSite","@id":"https:\/\/lmaccareercentre.com\/fr\/#website","url":"https:\/\/lmaccareercentre.com\/fr\/","name":"Centre Laurier MacDonald","description":"Centre de formation professionnelle","publisher":{"@id":"https:\/\/lmaccareercentre.com\/fr\/#organization"},"potentialAction":[{"@type":"SearchAction","target":{"@type":"EntryPoint","urlTemplate":"https:\/\/lmaccareercentre.com\/fr\/?s={search_term_string}"},"query-input":{"@type":"PropertyValueSpecification","valueRequired":true,"valueName":"search_term_string"}}],"inLanguage":"fr-FR"},{"@type":"Organization","@id":"https:\/\/lmaccareercentre.com\/fr\/#organization","name":"Centre Laurier MacDonald","url":"https:\/\/lmaccareercentre.com\/fr\/","logo":{"@type":"ImageObject","inLanguage":"fr-FR","@id":"https:\/\/lmaccareercentre.com\/fr\/#\/schema\/logo\/image\/","url":"https:\/\/lmaccareercentre.com\/wp-content\/uploads\/2018\/11\/logo-inv.png","contentUrl":"https:\/\/lmaccareercentre.com\/wp-content\/uploads\/2018\/11\/logo-inv.png","width":606,"height":606,"caption":"Centre Laurier MacDonald"},"image":{"@id":"https:\/\/lmaccareercentre.com\/fr\/#\/schema\/logo\/image\/"},"sameAs":["https:\/\/www.facebook.com\/LaurierMacdonaldCareerCentre","https:\/\/x.com\/lmaccareer","https:\/\/www.instagram.com\/lauriermaccareercentre\/"]}]}},"_links":{"self":[{"href":"https:\/\/lmaccareercentre.com\/fr\/wp-json\/wp\/v2\/pages\/6619","targetHints":{"allow":["GET"]}}],"collection":[{"href":"https:\/\/lmaccareercentre.com\/fr\/wp-json\/wp\/v2\/pages"}],"about":[{"href":"https:\/\/lmaccareercentre.com\/fr\/wp-json\/wp\/v2\/types\/page"}],"author":[{"embeddable":true,"href":"https:\/\/lmaccareercentre.com\/fr\/wp-json\/wp\/v2\/users\/6"}],"replies":[{"embeddable":true,"href":"https:\/\/lmaccareercentre.com\/fr\/wp-json\/wp\/v2\/comments?post=6619"}],"version-history":[{"count":4,"href":"https:\/\/lmaccareercentre.com\/fr\/wp-json\/wp\/v2\/pages\/6619\/revisions"}],"predecessor-version":[{"id":6898,"href":"https:\/\/lmaccareercentre.com\/fr\/wp-json\/wp\/v2\/pages\/6619\/revisions\/6898"}],"wp:attachment":[{"href":"https:\/\/lmaccareercentre.com\/fr\/wp-json\/wp\/v2\/media?parent=6619"}],"curies":[{"name":"wp","href":"https:\/\/api.w.org\/{rel}","templated":true}]}}