{"id":6611,"date":"2020-03-06T19:52:49","date_gmt":"2020-03-06T19:52:49","guid":{"rendered":"https:\/\/lmaccareercentre.com\/electric-vehicle-mechanics\/"},"modified":"2024-06-12T14:25:39","modified_gmt":"2024-06-12T14:25:39","slug":"mecanique-de-vehicules-electriques","status":"publish","type":"page","link":"https:\/\/lmaccareercentre.com\/fr\/mecanique-de-vehicules-electriques\/","title":{"rendered":"M\u00c9CANIQUE DE V\u00c9HICULES \u00c9LECTRIQUES"},"content":{"rendered":"<p>[vc_row fullwidth=&#8221;yes&#8221;][vc_column]\t\n\t<div class=\"social-top\">\n\t\t<ul class=\"list-social\">\n\t\t\t\t\t\t\t<li class=\"icon-soc tipped\" data-title=\"twitter\"  data-tipper-options='{\"direction\":\"top\",\"follow\":\"true\"}'>\n\t\t\t\t\t<a target=\"_self\" href=\"https:\/\/twitter.com\/lmaccareer\"><i class=\"fa fa-twitter\"><\/i><\/a>\n\t\t\t\t<\/li>\n\t\t\t\t\t\t\t\t\t\t<li class=\"icon-soc tipped\" data-title=\"facebook\"  data-tipper-options='{\"direction\":\"top\",\"follow\":\"true\"}'>\n\t\t\t\t\t<a target=\"_self\" href=\"https:\/\/www.facebook.com\/LaurierMacdonaldCareerCentre\"><i class=\"fa fa-facebook\"><\/i><\/a>\n\t\t\t\t<\/li>\n\t\t\t\t\t\t\t\t\t\t\t\t\t\t<\/ul>\t\n\t<\/div>\n\n[\/vc_column][\/vc_row][vc_row wrap_class=&#8221;yes&#8221; css=&#8221;.vc_custom_1548971971292{padding-top: 160px !important;padding-bottom: 120px !important;background-image: url(http:\/\/lmaccareercentre.ca\/wp-content\/uploads\/2018\/12\/5.jpg?id=3674) !important;background-position: center !important;background-repeat: no-repeat !important;background-size: cover !important;}&#8221;][vc_column][vc_column_text css_animation=&#8221;fadeInDown&#8221; el_class=&#8221;top_parallax_body_text&#8221;]<\/p>\n<h1 class=\"text-center\">M\u00c9CANIQUE DE V\u00c9HICULES \u00c9LECTRIQUES \u2013 OBJECTIFS DU PROGRAMME<\/h1>\n<p>Le programme pr\u00e9pare \u00e0 l&#8217;exercice de la profession de m\u00e9canicien de v\u00e9hicules \u00e9lectriques.<\/p>\n<p>Les m\u00e9caniciennes et les m\u00e9caniciens de v\u00e9hicules automobiles, lorsqu\u2019ils sont appel\u00e9s \u00e0 \u0153uvrer sur des v\u00e9hicules \u00e0 propulsion \u00e9lectrique ou \u00e0 propulsion hybride, ont pour fonction principale de voir \u00e0 l\u2019entretien et \u00e0 la r\u00e9paration des syst\u00e8mes \u00e9lectriques et \u00e9lectrom\u00e9caniques.<\/p>\n<table border=\"0\">\n<tbody>\n<tr>\n<td>Code<\/td>\n<td>4246<\/td>\n<\/tr>\n<tr>\n<td>Sanction<\/td>\n<td>AEP<\/td>\n<\/tr>\n<tr>\n<td>Secteur<\/td>\n<td>Entretien d&#8217;\u00e9quipement motoris\u00e9 (10)<\/td>\n<\/tr>\n<tr>\n<td>Nombre d&#8217;unit\u00e9s<\/td>\n<td>43<\/td>\n<\/tr>\n<tr>\n<td>Dur\u00e9e totale<\/td>\n<td>645 heures<\/td>\n<\/tr>\n<\/tbody>\n<\/table>\n<p>[\/vc_column_text][vc_row_inner][vc_column_inner width=&#8221;1\/2&#8243;][vc_btn title=&#8221;DEMANDE D&#8217;INFORMATIONS&#8221; style=&#8221;classic&#8221; color=&#8221;black&#8221; align=&#8221;center&#8221; css=&#8221;.vc_custom_1650562843237{padding-right: 30px !important;padding-left: 30px !important;}&#8221; link=&#8221;url:%2Ffr%2Fdemande-dinformations%2F|||&#8221; el_class=&#8221;buttons&#8221;][\/vc_column_inner][vc_column_inner width=&#8221;1\/2&#8243;][vc_btn title=&#8221;INSCRIVEZ-VOUS D\u00c8S MAINTENANT&#8221; style=&#8221;classic&#8221; color=&#8221;black&#8221; align=&#8221;center&#8221; css=&#8221;.vc_custom_1650562879495{padding-right: 30px !important;padding-left: 30px !important;}&#8221; link=&#8221;url:https%3A%2F%2Fwww.inforoutefpt.org%2Forganismes-niveau-secondaire%2Fcentres-formation-professionnelle%2F887406%2Fgroupes||target:%20_blank|&#8221; el_class=&#8221;buttons&#8221;][\/vc_column_inner][\/vc_row_inner][vc_column_text css_animation=&#8221;fadeInDown&#8221; el_class=&#8221;top_parallax_body_text&#8221; css=&#8221;.vc_custom_1650565906094{margin-bottom: 80px !important;}&#8221;]<\/p>\n<h1 class=\"text-center\">CONDITIONS D&#8217;ADMISSION<\/h1>\n<p>Pour \u00eatre admis au programme d\u2019\u00e9tudes M\u00e9canique de v\u00e9hicules \u00e9lectriques, il suffit de satisfaire \u00e0 l\u2019une des conditions suivantes :<\/p>\n<p>La personne a obtenu un dipl\u00f4me d\u2019\u00e9tudes professionnelles (DEP) en m\u00e9canique automobile ou son \u00e9quivalent.<\/p>\n<p>OU<\/p>\n<p>La personne exerce un m\u00e9tier ou une profession en lien avec ce programme d\u2019\u00e9tudes.<\/p>\n<p>OU<\/p>\n<p>La personne s\u2019est fait reconna\u00eetre les apprentissages \u00e9quivalents.[\/vc_column_text][vc_row_inner content_placement=&#8221;middle&#8221; css=&#8221;.vc_custom_1546617696713{margin-top: -50px !important;}&#8221;][vc_column_inner width=&#8221;1\/2&#8243;][vc_btn title=&#8221;DEMANDE D&#8217;INFORMATIONS&#8221; style=&#8221;classic&#8221; color=&#8221;black&#8221; align=&#8221;center&#8221; css=&#8221;.vc_custom_1650562856792{padding-right: 30px !important;padding-left: 30px !important;}&#8221; link=&#8221;url:%2Ffr%2Fdemande-dinformations%2F|||&#8221; el_class=&#8221;buttons&#8221;][\/vc_column_inner][vc_column_inner width=&#8221;1\/2&#8243;][vc_btn title=&#8221;INSCRIVEZ-VOUS D\u00c8S MAINTENANT&#8221; style=&#8221;classic&#8221; color=&#8221;black&#8221; align=&#8221;center&#8221; css=&#8221;.vc_custom_1650562890062{padding-right: 30px !important;padding-left: 30px !important;}&#8221; link=&#8221;url:https%3A%2F%2Fwww.inforoutefpt.org%2Forganismes-niveau-secondaire%2Fcentres-formation-professionnelle%2F887406%2Fgroupes||target:%20_blank|&#8221; el_class=&#8221;buttons&#8221;][\/vc_column_inner][\/vc_row_inner][vc_column_text css_animation=&#8221;fadeIn&#8221; el_class=&#8221;top_parallax_body_text beauty_body_text&#8221;]<\/p>\n<h1 class=\"text-center\">CONTENU DU PROGRAMME<\/h1>\n<table width=\"723\">\n<tbody>\n<tr>\n<td width=\"87\"><strong>Code<\/strong><\/td>\n<td width=\"493\"><strong>\u00c9nonc\u00e9 de la comp\u00e9tence<\/strong><\/td>\n<td width=\"72\"><strong>Heures<\/strong><\/td>\n<td width=\"72\"><strong>Unit\u00e9s<\/strong><\/td>\n<\/tr>\n<tr>\n<td width=\"87\">AEP-011<\/td>\n<td width=\"493\">Se situer au regard du m\u00e9tier et de la d\u00e9marche de formation<\/td>\n<td width=\"72\">15<\/td>\n<td width=\"72\">1<\/td>\n<\/tr>\n<tr>\n<td width=\"87\">AEP-021<\/td>\n<td width=\"493\">Pr\u00e9venir les atteintes \u00e0 la sant\u00e9 et \u00e0 la s\u00e9curit\u00e9<\/td>\n<td width=\"72\">15<\/td>\n<td width=\"72\">1<\/td>\n<\/tr>\n<tr>\n<td width=\"87\">AEP-033<\/td>\n<td width=\"493\">Rechercher de l&#8217;information technique<\/td>\n<td width=\"72\">45<\/td>\n<td width=\"72\">3<\/td>\n<\/tr>\n<tr>\n<td width=\"87\">AEP-044<\/td>\n<td width=\"493\">V\u00e9rifier le fonctionnement de circuits \u00e9lectriques<\/td>\n<td width=\"72\">60<\/td>\n<td width=\"72\">4<\/td>\n<\/tr>\n<tr>\n<td width=\"87\">AEP-053<\/td>\n<td width=\"493\">V\u00e9rifier le fonctionnement de circuits de syst\u00e8mes ordin\u00e9s<\/td>\n<td width=\"72\">45<\/td>\n<td width=\"72\">3<\/td>\n<\/tr>\n<tr>\n<td width=\"87\">AEP-066<\/td>\n<td width=\"493\">R\u00e9parer des syst\u00e8mes de communication r\u00e9seau<\/td>\n<td width=\"72\">90<\/td>\n<td width=\"72\">6<\/td>\n<\/tr>\n<tr>\n<td width=\"87\">AEP-074<\/td>\n<td width=\"493\">R\u00e9parer des syst\u00e8mes de motorisation<\/td>\n<td width=\"72\">60<\/td>\n<td width=\"72\">4<\/td>\n<\/tr>\n<tr>\n<td width=\"87\">AEP-083<\/td>\n<td width=\"493\">R\u00e9parer des syst\u00e8mes de freinage \u00e0 r\u00e9g\u00e9n\u00e9ration<\/td>\n<td width=\"72\">45<\/td>\n<td width=\"72\">3<\/td>\n<\/tr>\n<tr>\n<td width=\"87\">AEP-095<\/td>\n<td width=\"493\">R\u00e9parer des syst\u00e8mes de haute tension et de charge<\/td>\n<td width=\"72\">75<\/td>\n<td width=\"72\">5<\/td>\n<\/tr>\n<tr>\n<td width=\"87\">AEP-103<\/td>\n<td width=\"493\">R\u00e9parer des syst\u00e8mes de gestion thermique<\/td>\n<td width=\"72\">45<\/td>\n<td width=\"72\">3<\/td>\n<\/tr>\n<tr>\n<td width=\"87\">AEP-114<\/td>\n<td width=\"493\">R\u00e9parer des syst\u00e8mes de contr\u00f4le<\/td>\n<td width=\"72\">60<\/td>\n<td width=\"72\">4<\/td>\n<\/tr>\n<tr>\n<td width=\"87\">AEP-126<\/td>\n<td width=\"493\">R\u00e9soudre des probl\u00e8mes relatifs aux interrelations entre les syst\u00e8mes<\/td>\n<td width=\"72\">90<\/td>\n<td width=\"72\">6<\/td>\n<\/tr>\n<tr>\n<td colspan=\"2\" width=\"580\"><strong>Total<\/strong><\/td>\n<td width=\"72\"><strong>645<\/strong><\/td>\n<td width=\"72\"><strong>43<\/strong><\/td>\n<\/tr>\n<\/tbody>\n<\/table>\n<p>[\/vc_column_text][\/vc_column][\/vc_row][vc_row extra_id=&#8221;contact&#8221; ses_title=&#8221;NOUS JOINDRE&#8221; ses_sub_title=&#8221;EXPLOREZ LES MEILLEURS CHOIX DE CARRI\u00c8RE QUI S\u2019OFFRENT \u00c0 VOUS&#8221;][vc_column width=&#8221;1\/3&#8243;]\t\n\t<div class=\"contact-wrap\">\n\t\t<p><i class=\"fa fa-phone\"><\/i><span>Appelez-nous<\/span> +1 514-374-4278<br \/>\n<small><em>Du lundi au vendredi | 8h\u201321h<\/em><\/small><\/p>\t\n\t<\/div>\n\n[\/vc_column][vc_column width=&#8221;1\/3&#8243;]\t\n\t<div class=\"contact-wrap\">\n\t\t<p><i class=\"fa fa-envelope\"><\/i><span>Courriel<\/span> lmacadult@emsb.qc.ca<\/p>\t\n\t<\/div>\n\n[\/vc_column][vc_column width=&#8221;1\/3&#8243;]\t\n\t<div class=\"contact-wrap\">\n\t\t<p><i class=\"fa fa-map-marker\"><\/i><span>Visitez-nous<\/span> 5025, rue Jean-Talon Est,<br \/>\nSaint-L\u00e9onard (Qu\u00e9bec) H1S 3G6<\/p>\t\n\t<\/div>\n\n[\/vc_column][\/vc_row][vc_row fullwidth=&#8221;yes&#8221; css=&#8221;.vc_custom_1415971339059{padding-bottom: 60px !important;}&#8221;][vc_column]\t\t\t<div class=\"container\">\n\t\t\t<div class=\"twelve columns\" data-scrollreveal=\"enter bottom and move 150px over 1s\">\t\n\t\t\t\t<a class=\"button-map close-map\"><span>Nous trouver<\/span><\/a>\n\t\t\t<\/div>\n\t\t<\/div>\n\t\t\n\t<div id=\"google_map\"  ><\/div>\n\n\t<script type=\"text\/javascript\">\n\t\t(function($) { \"use strict\"\n\t\t\tvar e=new google.maps.LatLng(45.577207,-73.584957),\n\t\t\to={zoom:14,center:new google.maps.LatLng(45.577207,-73.584957),\n\t\t\tmapTypeId:google.maps.MapTypeId.ROADMAP,\n\t\t\tmapTypeControl:!1,\n\t\t\tscrollwheel:!1,\n\t\t\tdraggable:!0,\n\t\t\tnavigationControl:!1\n\t\t\t},\n\t\t\tn=new google.maps.Map(document.getElementById(\"google_map\"),o);\n\t\t\tgoogle.maps.event.addDomListener(window,\"resize\",function(){var e=n.getCenter();\n\t\t\tgoogle.maps.event.trigger(n,\"resize\"),n.setCenter(e)});\n\t\t\t\n\t\t\tvar g='<div class=\"map-tooltip\"><h6>LMCC<\/h6><\/div>',a=new google.maps.InfoWindow({content:g})\n\t\t\t,t=new google.maps.MarkerImage(\"https:\/\/lmaccareercentre.com\/wp-content\/uploads\/2014\/11\/map-pin.png\",new google.maps.Size(40,70),\n\t\t\tnew google.maps.Point(0,0),new google.maps.Point(20,55)),\n\t\t\ti=new google.maps.LatLng(45.577207,-73.584957),\n\t\t\tp=new google.maps.Marker({position:i,map:n,icon:t,zIndex:3});\n\t\t\tgoogle.maps.event.addListener(p,\"click\",function(){a.open(n,p)});\n\n\t\t\t\t\t\t\n\t\t\t\t$(\".button-map\").click(function(){$(\"#google_map\").slideToggle(300,function(){google.maps.event.trigger(n,\"resize\"),n.setCenter(e)}),\n\t\t\t\t$(this).toggleClass(\"close-map show-map\")});\n\t\t\t\n\t\t})(jQuery);\n\t<\/script>\n\n[\/vc_column][\/vc_row]<\/p>\n","protected":false},"excerpt":{"rendered":"<p>[vc_row fullwidth=&#8221;yes&#8221;][vc_column][\/vc_column][\/vc_row][vc_row wrap_class=&#8221;yes&#8221; css=&#8221;.vc_custom_1548971971292{padding-top: 160px !important;padding-bottom: 120px !important;background-image: url(http:\/\/lmaccareercentre.ca\/wp-content\/uploads\/2018\/12\/5.jpg?id=3674) !important;background-position: center !important;background-repeat: no-repeat !important;background-size: cover !important;}&#8221;][vc_column][vc_column_text css_animation=&#8221;fadeInDown&#8221; el_class=&#8221;top_parallax_body_text&#8221;] M\u00c9CANIQUE DE V\u00c9HICULES \u00c9LECTRIQUES \u2013 OBJECTIFS DU PROGRAMME Le programme pr\u00e9pare \u00e0 l&#8217;exercice de la profession de m\u00e9canicien de v\u00e9hicules \u00e9lectriques. Les m\u00e9caniciennes et les m\u00e9caniciens de v\u00e9hicules automobiles, lorsqu\u2019ils sont appel\u00e9s \u00e0 \u0153uvrer sur des v\u00e9hicules [&hellip;]<\/p>\n","protected":false},"author":6,"featured_media":0,"parent":0,"menu_order":0,"comment_status":"closed","ping_status":"closed","template":"page-templates\/template-canvas.php","meta":{"_bbp_topic_count":0,"_bbp_reply_count":0,"_bbp_total_topic_count":0,"_bbp_total_reply_count":0,"_bbp_voice_count":0,"_bbp_anonymous_reply_count":0,"_bbp_topic_count_hidden":0,"_bbp_reply_count_hidden":0,"_bbp_forum_subforum_count":0,"footnotes":""},"class_list":["post-6611","page","type-page","status-publish","hentry"],"yoast_head":"<!-- This site is optimized with the Yoast SEO plugin v25.8 - https:\/\/yoast.com\/wordpress\/plugins\/seo\/ -->\n<title>Electric Automobile Mechanics Program<\/title>\n<meta name=\"description\" content=\"Learn the skills you need to become a auto mechanic through our career training automobile mechanics program. The program will prepare you to be job ready.\" \/>\n<meta name=\"robots\" content=\"index, follow, max-snippet:-1, max-image-preview:large, max-video-preview:-1\" \/>\n<link rel=\"canonical\" href=\"https:\/\/lmaccareercentre.com\/fr\/mecanique-de-vehicules-electriques\/\" \/>\n<meta property=\"og:locale\" content=\"fr_FR\" \/>\n<meta property=\"og:type\" content=\"article\" \/>\n<meta property=\"og:title\" content=\"Electric Automobile Mechanics Program\" \/>\n<meta property=\"og:description\" content=\"Learn the skills you need to become a auto mechanic through our career training automobile mechanics program. The program will prepare you to be job ready.\" \/>\n<meta property=\"og:url\" content=\"https:\/\/lmaccareercentre.com\/fr\/mecanique-de-vehicules-electriques\/\" \/>\n<meta property=\"og:site_name\" content=\"Centre Laurier MacDonald\" \/>\n<meta property=\"article:publisher\" content=\"https:\/\/www.facebook.com\/LaurierMacdonaldCareerCentre\" \/>\n<meta property=\"article:modified_time\" content=\"2024-06-12T14:25:39+00:00\" \/>\n<meta name=\"twitter:card\" content=\"summary_large_image\" \/>\n<meta name=\"twitter:site\" content=\"@lmaccareer\" \/>\n<meta name=\"twitter:label1\" content=\"Dur\u00e9e de lecture estim\u00e9e\" \/>\n\t<meta name=\"twitter:data1\" content=\"2 minutes\" \/>\n<script type=\"application\/ld+json\" class=\"yoast-schema-graph\">{\"@context\":\"https:\/\/schema.org\",\"@graph\":[{\"@type\":\"WebPage\",\"@id\":\"https:\/\/lmaccareercentre.com\/fr\/mecanique-de-vehicules-electriques\/\",\"url\":\"https:\/\/lmaccareercentre.com\/fr\/mecanique-de-vehicules-electriques\/\",\"name\":\"Electric Automobile Mechanics Program\",\"isPartOf\":{\"@id\":\"https:\/\/lmaccareercentre.com\/fr\/#website\"},\"datePublished\":\"2020-03-06T19:52:49+00:00\",\"dateModified\":\"2024-06-12T14:25:39+00:00\",\"description\":\"Learn the skills you need to become a auto mechanic through our career training automobile mechanics program. The program will prepare you to be job ready.\",\"inLanguage\":\"fr-FR\",\"potentialAction\":[{\"@type\":\"ReadAction\",\"target\":[\"https:\/\/lmaccareercentre.com\/fr\/mecanique-de-vehicules-electriques\/\"]}]},{\"@type\":\"WebSite\",\"@id\":\"https:\/\/lmaccareercentre.com\/fr\/#website\",\"url\":\"https:\/\/lmaccareercentre.com\/fr\/\",\"name\":\"Centre Laurier MacDonald\",\"description\":\"Centre de formation professionnelle\",\"publisher\":{\"@id\":\"https:\/\/lmaccareercentre.com\/fr\/#organization\"},\"potentialAction\":[{\"@type\":\"SearchAction\",\"target\":{\"@type\":\"EntryPoint\",\"urlTemplate\":\"https:\/\/lmaccareercentre.com\/fr\/?s={search_term_string}\"},\"query-input\":{\"@type\":\"PropertyValueSpecification\",\"valueRequired\":true,\"valueName\":\"search_term_string\"}}],\"inLanguage\":\"fr-FR\"},{\"@type\":\"Organization\",\"@id\":\"https:\/\/lmaccareercentre.com\/fr\/#organization\",\"name\":\"Centre Laurier MacDonald\",\"url\":\"https:\/\/lmaccareercentre.com\/fr\/\",\"logo\":{\"@type\":\"ImageObject\",\"inLanguage\":\"fr-FR\",\"@id\":\"https:\/\/lmaccareercentre.com\/fr\/#\/schema\/logo\/image\/\",\"url\":\"https:\/\/lmaccareercentre.com\/wp-content\/uploads\/2018\/11\/logo-inv.png\",\"contentUrl\":\"https:\/\/lmaccareercentre.com\/wp-content\/uploads\/2018\/11\/logo-inv.png\",\"width\":606,\"height\":606,\"caption\":\"Centre Laurier MacDonald\"},\"image\":{\"@id\":\"https:\/\/lmaccareercentre.com\/fr\/#\/schema\/logo\/image\/\"},\"sameAs\":[\"https:\/\/www.facebook.com\/LaurierMacdonaldCareerCentre\",\"https:\/\/x.com\/lmaccareer\",\"https:\/\/www.instagram.com\/lauriermaccareercentre\/\"]}]}<\/script>\n<!-- \/ Yoast SEO plugin. -->","yoast_head_json":{"title":"Electric Automobile Mechanics Program","description":"Learn the skills you need to become a auto mechanic through our career training automobile mechanics program. The program will prepare you to be job ready.","robots":{"index":"index","follow":"follow","max-snippet":"max-snippet:-1","max-image-preview":"max-image-preview:large","max-video-preview":"max-video-preview:-1"},"canonical":"https:\/\/lmaccareercentre.com\/fr\/mecanique-de-vehicules-electriques\/","og_locale":"fr_FR","og_type":"article","og_title":"Electric Automobile Mechanics Program","og_description":"Learn the skills you need to become a auto mechanic through our career training automobile mechanics program. The program will prepare you to be job ready.","og_url":"https:\/\/lmaccareercentre.com\/fr\/mecanique-de-vehicules-electriques\/","og_site_name":"Centre Laurier MacDonald","article_publisher":"https:\/\/www.facebook.com\/LaurierMacdonaldCareerCentre","article_modified_time":"2024-06-12T14:25:39+00:00","twitter_card":"summary_large_image","twitter_site":"@lmaccareer","twitter_misc":{"Dur\u00e9e de lecture estim\u00e9e":"2 minutes"},"schema":{"@context":"https:\/\/schema.org","@graph":[{"@type":"WebPage","@id":"https:\/\/lmaccareercentre.com\/fr\/mecanique-de-vehicules-electriques\/","url":"https:\/\/lmaccareercentre.com\/fr\/mecanique-de-vehicules-electriques\/","name":"Electric Automobile Mechanics Program","isPartOf":{"@id":"https:\/\/lmaccareercentre.com\/fr\/#website"},"datePublished":"2020-03-06T19:52:49+00:00","dateModified":"2024-06-12T14:25:39+00:00","description":"Learn the skills you need to become a auto mechanic through our career training automobile mechanics program. The program will prepare you to be job ready.","inLanguage":"fr-FR","potentialAction":[{"@type":"ReadAction","target":["https:\/\/lmaccareercentre.com\/fr\/mecanique-de-vehicules-electriques\/"]}]},{"@type":"WebSite","@id":"https:\/\/lmaccareercentre.com\/fr\/#website","url":"https:\/\/lmaccareercentre.com\/fr\/","name":"Centre Laurier MacDonald","description":"Centre de formation professionnelle","publisher":{"@id":"https:\/\/lmaccareercentre.com\/fr\/#organization"},"potentialAction":[{"@type":"SearchAction","target":{"@type":"EntryPoint","urlTemplate":"https:\/\/lmaccareercentre.com\/fr\/?s={search_term_string}"},"query-input":{"@type":"PropertyValueSpecification","valueRequired":true,"valueName":"search_term_string"}}],"inLanguage":"fr-FR"},{"@type":"Organization","@id":"https:\/\/lmaccareercentre.com\/fr\/#organization","name":"Centre Laurier MacDonald","url":"https:\/\/lmaccareercentre.com\/fr\/","logo":{"@type":"ImageObject","inLanguage":"fr-FR","@id":"https:\/\/lmaccareercentre.com\/fr\/#\/schema\/logo\/image\/","url":"https:\/\/lmaccareercentre.com\/wp-content\/uploads\/2018\/11\/logo-inv.png","contentUrl":"https:\/\/lmaccareercentre.com\/wp-content\/uploads\/2018\/11\/logo-inv.png","width":606,"height":606,"caption":"Centre Laurier MacDonald"},"image":{"@id":"https:\/\/lmaccareercentre.com\/fr\/#\/schema\/logo\/image\/"},"sameAs":["https:\/\/www.facebook.com\/LaurierMacdonaldCareerCentre","https:\/\/x.com\/lmaccareer","https:\/\/www.instagram.com\/lauriermaccareercentre\/"]}]}},"_links":{"self":[{"href":"https:\/\/lmaccareercentre.com\/fr\/wp-json\/wp\/v2\/pages\/6611","targetHints":{"allow":["GET"]}}],"collection":[{"href":"https:\/\/lmaccareercentre.com\/fr\/wp-json\/wp\/v2\/pages"}],"about":[{"href":"https:\/\/lmaccareercentre.com\/fr\/wp-json\/wp\/v2\/types\/page"}],"author":[{"embeddable":true,"href":"https:\/\/lmaccareercentre.com\/fr\/wp-json\/wp\/v2\/users\/6"}],"replies":[{"embeddable":true,"href":"https:\/\/lmaccareercentre.com\/fr\/wp-json\/wp\/v2\/comments?post=6611"}],"version-history":[{"count":6,"href":"https:\/\/lmaccareercentre.com\/fr\/wp-json\/wp\/v2\/pages\/6611\/revisions"}],"predecessor-version":[{"id":6903,"href":"https:\/\/lmaccareercentre.com\/fr\/wp-json\/wp\/v2\/pages\/6611\/revisions\/6903"}],"wp:attachment":[{"href":"https:\/\/lmaccareercentre.com\/fr\/wp-json\/wp\/v2\/media?parent=6611"}],"curies":[{"name":"wp","href":"https:\/\/api.w.org\/{rel}","templated":true}]}}