{"id":6607,"date":"2021-07-22T14:05:04","date_gmt":"2021-07-22T14:05:04","guid":{"rendered":"https:\/\/lmaccareercentre.com\/automotive-detailling\/"},"modified":"2022-05-04T20:08:25","modified_gmt":"2022-05-04T20:08:25","slug":"esthetique-de-lautomobile","status":"publish","type":"page","link":"https:\/\/lmaccareercentre.com\/fr\/esthetique-de-lautomobile\/","title":{"rendered":"Esth\u00e9tique de l&#8217;automobile"},"content":{"rendered":"<p>[vc_row fullwidth=&#8221;yes&#8221;][vc_column]\t\n\t<div class=\"social-top\">\n\t\t<ul class=\"list-social\">\n\t\t\t\t\t\t\t<li class=\"icon-soc tipped\" data-title=\"twitter\"  data-tipper-options='{\"direction\":\"top\",\"follow\":\"true\"}'>\n\t\t\t\t\t<a target=\"_self\" href=\"https:\/\/twitter.com\/lmaccareer\"><i class=\"fa fa-twitter\"><\/i><\/a>\n\t\t\t\t<\/li>\n\t\t\t\t\t\t\t\t\t\t<li class=\"icon-soc tipped\" data-title=\"facebook\"  data-tipper-options='{\"direction\":\"top\",\"follow\":\"true\"}'>\n\t\t\t\t\t<a target=\"_self\" href=\"https:\/\/www.facebook.com\/LaurierMacdonaldCareerCentre\"><i class=\"fa fa-facebook\"><\/i><\/a>\n\t\t\t\t<\/li>\n\t\t\t\t\t\t\t\t\t\t\t\t\t\t<\/ul>\t\n\t<\/div>\n\n[\/vc_column][\/vc_row][vc_row wrap_class=&#8221;yes&#8221; css=&#8221;.vc_custom_1546878854975{padding-top: 160px !important;padding-bottom: 120px !important;background-image: url(http:\/\/lmaccareercentre.ca\/wp-content\/uploads\/2018\/12\/4.jpg?id=3673) !important;background-position: center !important;background-repeat: no-repeat !important;background-size: cover !important;}&#8221;][vc_column][vc_column_text css_animation=&#8221;fadeInDown&#8221; el_class=&#8221;top_parallax_body_text&#8221;]<\/p>\n<div class=\"top col-sm-9 text-left\">\n<div class=\"top\">\n<h1 class=\"unique\">ESTH\u00c9TIQUE DE L&#8217;AUTOMOBILE<\/h1>\n<\/div>\n<\/div>\n<p>Acqu\u00e9rir les connaissances, les habilet\u00e9s et les aptitudes n\u00e9cessaires pour effectuer diverses t\u00e2ches de nettoyage et de restauration de l\u2019int\u00e9rieur et de l\u2019ext\u00e9rieur d\u2019un v\u00e9hicule, dans le but de le remettre \u00e0 l\u2019\u00e9tat neuf. Il peut s\u2019agir, notamment, de faire l\u2019inspection compl\u00e8te du v\u00e9hicule, l\u2019entretien de certaines composantes, l\u2019entretien et le marquage de certains accessoires, l\u2019entretien du compartiment moteur et du coffre arri\u00e8re, la pose d\u2019antivol, le lavage int\u00e9rieur et ext\u00e9rieur, le d\u00e9tachage et la teinture des tissus et du cuir, l\u2019application des protections pr\u00e9ventives, le scellage et le polissage du tableau de bord, le cirage et le polissage des surfaces, les retouches manuelles de peinture, l\u2019application d\u2019antirouille, etc.<\/p>\n<table border=\"0\">\n<tbody>\n<tr>\n<td>Code<\/td>\n<td>4708<\/td>\n<\/tr>\n<tr>\n<td>Sanction<\/td>\n<td>AEP<\/td>\n<\/tr>\n<tr>\n<td>Secteur<\/td>\n<td>Entretien d&#8217;\u00e9quipement motoris\u00e9 (10)<\/td>\n<\/tr>\n<tr>\n<td>Nombre d&#8217;unit\u00e9s<\/td>\n<td>38<\/td>\n<\/tr>\n<tr>\n<td>Dur\u00e9e totale<\/td>\n<td>570 heures<\/td>\n<\/tr>\n<\/tbody>\n<\/table>\n<p>[\/vc_column_text][vc_row_inner][vc_column_inner width=&#8221;1\/2&#8243;][vc_btn title=&#8221;DEMANDE D&#8217;INFORMATIONS&#8221; style=&#8221;classic&#8221; color=&#8221;black&#8221; align=&#8221;center&#8221; css=&#8221;.vc_custom_1650562255601{padding-right: 30px !important;padding-left: 30px !important;}&#8221; link=&#8221;url:%2Ffr%2Fdemande-dinformations%2F|||&#8221; el_class=&#8221;buttons&#8221;][\/vc_column_inner][vc_column_inner width=&#8221;1\/2&#8243;][vc_btn title=&#8221;INSCRIVEZ-VOUS D\u00c8S MAINTENANT&#8221; style=&#8221;classic&#8221; color=&#8221;black&#8221; align=&#8221;center&#8221; css=&#8221;.vc_custom_1650562273891{padding-right: 30px !important;padding-left: 30px !important;}&#8221; link=&#8221;url:https%3A%2F%2Fwww.inforoutefpt.org%2Forganismes-niveau-secondaire%2Fcentres-formation-professionnelle%2F887406%2Fgroupes||target:%20_blank|&#8221; el_class=&#8221;buttons&#8221;][\/vc_column_inner][\/vc_row_inner][vc_column_text css_animation=&#8221;fadeInDown&#8221; el_class=&#8221;top_parallax_body_text beauty_body_text admission_body&#8221;]<\/p>\n<h1 class=\"text-center\">CONDITIONS D&#8217;ADMISSION<\/h1>\n<p>Pour \u00eatre admis \u00e0 ce programme, il suffit de satisfaire \u00e0 l&#8217;une des conditions suivantes :<\/p>\n<p>La personne a obtenu les unit\u00e9s de 3e secondaire ou l&#8217;\u00e9quivalent en langue d&#8217;enseignement, en langue seconde et en math\u00e9matiques.<\/p>\n<p>OU<\/p>\n<p>La personne d\u00e9tient une attestation d&#8217;\u00e9quivalence d&#8217;\u00e9tudes secondaires (AESS).<\/p>\n<p>OU<\/p>\n<p>La personne a r\u00e9ussi le test de d\u00e9veloppement g\u00e9n\u00e9ral (TDG) sans conditions pr\u00e9alables sp\u00e9cifiques.<br \/>\nLa personne est \u00e2g\u00e9e d&#8217;au moins 18 ans.<\/p>\n<p>OU<\/p>\n<p>La personne r\u00e9pond aux crit\u00e8res d&#8217;admissibilit\u00e9 de la Mesure de formation de la main-d&#8217;\u0153uvre d&#8217;Emploi-Qu\u00e9bec.[\/vc_column_text][vc_row_inner content_placement=&#8221;middle&#8221; css=&#8221;.vc_custom_1546617696713{margin-top: -50px !important;}&#8221;][vc_column_inner width=&#8221;1\/2&#8243;][vc_btn title=&#8221;DEMANDE D&#8217;INFORMATIONS&#8221; style=&#8221;classic&#8221; color=&#8221;black&#8221; align=&#8221;center&#8221; css=&#8221;.vc_custom_1650562322457{padding-right: 30px !important;padding-left: 30px !important;}&#8221; link=&#8221;url:%2Ffr%2Fdemande-dinformations%2F|||&#8221; el_class=&#8221;buttons&#8221;][\/vc_column_inner][vc_column_inner width=&#8221;1\/2&#8243;][vc_btn title=&#8221;INSCRIVEZ-VOUS D\u00c8S MAINTENANT&#8221; style=&#8221;classic&#8221; color=&#8221;black&#8221; align=&#8221;center&#8221; css=&#8221;.vc_custom_1650562285789{padding-right: 30px !important;padding-left: 30px !important;}&#8221; link=&#8221;url:https%3A%2F%2Fwww.inforoutefpt.org%2Forganismes-niveau-secondaire%2Fcentres-formation-professionnelle%2F887406%2Fgroupes||target:%20_blank|&#8221; el_class=&#8221;buttons&#8221;][\/vc_column_inner][\/vc_row_inner][vc_column_text css_animation=&#8221;fadeIn&#8221; el_class=&#8221;top_parallax_body_text beauty_body_text&#8221;]<\/p>\n<h1 class=\"text-center\">CONTENU DU PROGRAMME<\/h1>\n<table border=\"1\">\n<tbody align=\"center\">\n<tr>\n<th scope=\"col\"><span style=\"font-weight: 400;\">Code<\/span><\/th>\n<th scope=\"col\"><span style=\"font-weight: 400;\">\u00c9nonc\u00e9 de la comp\u00e9tence<\/span><\/th>\n<th scope=\"col\"><span style=\"font-weight: 400;\">Heures<\/span><\/th>\n<th scope=\"col\"><span style=\"font-weight: 400;\">Unit\u00e9s<\/span><\/th>\n<\/tr>\n<tr>\n<td width=\"60px\">STC-801<\/td>\n<td>Se situer au regard du m\u00e9tier et de la d\u00e9marche de formation<\/td>\n<td>15<\/td>\n<td>1<\/td>\n<\/tr>\n<tr>\n<td width=\"60px\">STC-802<\/td>\n<td>Appliquer des notions relatives au travail g\u00e9n\u00e9ral d\u2019atelier<\/td>\n<td>45<\/td>\n<td>3<\/td>\n<\/tr>\n<tr>\n<td>STC-803<\/td>\n<td>Se situer au regard de l\u2019approche qualit\u00e9 et aux respects des modes d\u2019organisation du travail<\/td>\n<td>30<\/td>\n<td>2<\/td>\n<\/tr>\n<tr>\n<td>STC-804<\/td>\n<td>Nettoyer l\u2019int\u00e9rieur, l\u2019ext\u00e9rieur et le compartiment moteur d\u2019un v\u00e9hicule<\/td>\n<td>105<\/td>\n<td>7<\/td>\n<\/tr>\n<tr>\n<td>STC-805<\/td>\n<td>Entretenir les charni\u00e8res, serrures, caoutchoucs d\u2019\u00e9tanch\u00e9it\u00e9, moulures et bandes d\u00e9coratives<\/td>\n<td>30<\/td>\n<td>2<\/td>\n<\/tr>\n<tr>\n<td>STC-806<\/td>\n<td>Appliquer une protection contre la rouille<\/td>\n<td>30<\/td>\n<td>2<\/td>\n<\/tr>\n<tr>\n<td>STC-807<\/td>\n<td>Remettre en \u00e9tat des surfaces peintes<\/td>\n<td>105<\/td>\n<td>7<\/td>\n<\/tr>\n<tr>\n<td>STC-808<\/td>\n<td>Faire les retouches de peinture<\/td>\n<td>30<\/td>\n<td>2<\/td>\n<\/tr>\n<tr>\n<td>STC-809<\/td>\n<td>R\u00e9parer la sellerie d\u2019un v\u00e9hicule<\/td>\n<td>30<\/td>\n<td>2<\/td>\n<\/tr>\n<tr>\n<td>STC-810<\/td>\n<td>Poser des accessoires<\/td>\n<td>30<\/td>\n<td>2<\/td>\n<\/tr>\n<tr>\n<td>STC-811<\/td>\n<td>Mesurer et contr\u00f4ler la qualit\u00e9 du travail<\/td>\n<td>30<\/td>\n<td>2<\/td>\n<\/tr>\n<tr>\n<td>STC-812<\/td>\n<td>Utiliser des moyens de recherche d\u2019un milieu de travail<\/td>\n<td>30<\/td>\n<td>2<\/td>\n<\/tr>\n<tr>\n<td>STC-813<\/td>\n<td>S\u2019int\u00e9grer au milieu du travail<\/td>\n<td>60<\/td>\n<td>4<\/td>\n<\/tr>\n<tr>\n<td>Total<\/td>\n<td><\/td>\n<td>570<\/td>\n<td>38<\/td>\n<\/tr>\n<\/tbody>\n<\/table>\n<p>[\/vc_column_text][vc_row_inner content_placement=&#8221;middle&#8221; el_class=&#8221;section-dark&#8221; css=&#8221;.vc_custom_1626359642229{padding-top: 50px !important;}&#8221;][vc_column_inner width=&#8221;1\/2&#8243;][vc_column_text]<\/p>\n<h3 style=\"text-align: left;\">NOUS OFFRONS LA RAC<\/h3>\n<p>&nbsp;<\/p>\n<h4 style=\"text-align: left;\">DE QUOI S\u2019AGIT-IL ?<\/h4>\n<p>&nbsp;<\/p>\n<p style=\"font-size: 18px; color: #ebebeb;\">La reconnaissance des acquis et des comp\u00e9tences (RAC) est une d\u00e9marche qui permet d\u2019identifier, de documenter, de faire \u00e9valuer et reconna\u00eetre officiellement vos apprentissages et comp\u00e9tences afin de d\u00e9terminer la formation manquante \u00e0 acqu\u00e9rir, ce qui permet d\u2019acc\u00e9l\u00e9rer l\u2019obtention d\u2019un dipl\u00f4me ou d\u2019y acc\u00e9der directement.<\/p>\n<p>[\/vc_column_text][vc_btn title=&#8221;EN SAVOIR PLUS&#8221; color=&#8221;black&#8221; el_class=&#8221;dark-btn&#8221; link=&#8221;url:https%3A%2F%2Fwww.emsb.qc.ca%2Ffr-ca%2Fcsem%2Fecoles%2Fformation-professionnelle%2Frac||target:%20_blank|&#8221;][\/vc_column_inner][vc_column_inner width=&#8221;1\/2&#8243;][vc_video link=&#8221;https:\/\/vimeo.com\/511160993&#8243;][\/vc_column_inner][\/vc_row_inner][\/vc_column][\/vc_row][vc_row extra_id=&#8221;contact&#8221; ses_title=&#8221;NOUS JOINDRE&#8221; ses_sub_title=&#8221;EXPLOREZ LES MEILLEURS CHOIX DE CARRI\u00c8RE QUI S\u2019OFFRENT \u00c0 VOUS&#8221;][vc_column width=&#8221;1\/3&#8243;]\t\n\t<div class=\"contact-wrap\">\n\t\t<p><i class=\"fa fa-phone\"><\/i><span>Appelez-nous<\/span> <\/p>\n<p>+1 514-374-4278<br \/>\n<small><em>Du lundi au vendredi | 8h\u201321h<\/em><\/small><\/p>\n<p><\/p>\t\n\t<\/div>\n\n[\/vc_column][vc_column width=&#8221;1\/3&#8243;]\t\n\t<div class=\"contact-wrap\">\n\t\t<p><i class=\"fa fa-envelope\"><\/i><span>Courriel<\/span> <\/p>\n<p>lmacadult@emsb.qc.ca<\/p>\n<p><\/p>\t\n\t<\/div>\n\n[\/vc_column][vc_column width=&#8221;1\/3&#8243;]\t\n\t<div class=\"contact-wrap\">\n\t\t<p><i class=\"fa fa-map-marker\"><\/i><span>Visitez-nous<\/span> <\/p>\n<p>5025, rue Jean-Talon Est,<br \/>\nSaint-L\u00e9onard (Qu\u00e9bec) H1S 3G6<\/p>\n<p><\/p>\t\n\t<\/div>\n\n[\/vc_column][\/vc_row][vc_row fullwidth=&#8221;yes&#8221; css=&#8221;.vc_custom_1415971339059{padding-bottom: 60px !important;}&#8221;][vc_column]\t\t\t<div class=\"container\">\n\t\t\t<div class=\"twelve columns\" data-scrollreveal=\"enter bottom and move 150px over 1s\">\t\n\t\t\t\t<a class=\"button-map close-map\"><span>Nous trouver<\/span><\/a>\n\t\t\t<\/div>\n\t\t<\/div>\n\t\t\n\t<div id=\"google_map\"  ><\/div>\n\n\t<script type=\"text\/javascript\">\n\t\t(function($) { \"use strict\"\n\t\t\tvar e=new google.maps.LatLng(45.577207,-73.584957),\n\t\t\to={zoom:14,center:new google.maps.LatLng(45.577207,-73.584957),\n\t\t\tmapTypeId:google.maps.MapTypeId.ROADMAP,\n\t\t\tmapTypeControl:!1,\n\t\t\tscrollwheel:!1,\n\t\t\tdraggable:!0,\n\t\t\tnavigationControl:!1\n\t\t\t},\n\t\t\tn=new google.maps.Map(document.getElementById(\"google_map\"),o);\n\t\t\tgoogle.maps.event.addDomListener(window,\"resize\",function(){var e=n.getCenter();\n\t\t\tgoogle.maps.event.trigger(n,\"resize\"),n.setCenter(e)});\n\t\t\t\n\t\t\tvar g='<div class=\"map-tooltip\"><h6>LMCC<\/h6><\/div>',a=new google.maps.InfoWindow({content:g})\n\t\t\t,t=new google.maps.MarkerImage(\"https:\/\/lmaccareercentre.com\/wp-content\/uploads\/2014\/11\/map-pin.png\",new google.maps.Size(40,70),\n\t\t\tnew google.maps.Point(0,0),new google.maps.Point(20,55)),\n\t\t\ti=new google.maps.LatLng(45.577207,-73.584957),\n\t\t\tp=new google.maps.Marker({position:i,map:n,icon:t,zIndex:3});\n\t\t\tgoogle.maps.event.addListener(p,\"click\",function(){a.open(n,p)});\n\n\t\t\t\t\t\t\n\t\t\t\t$(\".button-map\").click(function(){$(\"#google_map\").slideToggle(300,function(){google.maps.event.trigger(n,\"resize\"),n.setCenter(e)}),\n\t\t\t\t$(this).toggleClass(\"close-map show-map\")});\n\t\t\t\n\t\t})(jQuery);\n\t<\/script>\n\n[\/vc_column][\/vc_row]<\/p>\n","protected":false},"excerpt":{"rendered":"<p>[vc_row fullwidth=&#8221;yes&#8221;][vc_column][\/vc_column][\/vc_row][vc_row wrap_class=&#8221;yes&#8221; css=&#8221;.vc_custom_1546878854975{padding-top: 160px !important;padding-bottom: 120px !important;background-image: url(http:\/\/lmaccareercentre.ca\/wp-content\/uploads\/2018\/12\/4.jpg?id=3673) !important;background-position: center !important;background-repeat: no-repeat !important;background-size: cover !important;}&#8221;][vc_column][vc_column_text css_animation=&#8221;fadeInDown&#8221; el_class=&#8221;top_parallax_body_text&#8221;] ESTH\u00c9TIQUE DE L&#8217;AUTOMOBILE Acqu\u00e9rir les connaissances, les habilet\u00e9s et les aptitudes n\u00e9cessaires pour effectuer diverses t\u00e2ches de nettoyage et de restauration de l\u2019int\u00e9rieur et de l\u2019ext\u00e9rieur d\u2019un v\u00e9hicule, dans le but de le remettre \u00e0 l\u2019\u00e9tat neuf. [&hellip;]<\/p>\n","protected":false},"author":6,"featured_media":0,"parent":0,"menu_order":0,"comment_status":"closed","ping_status":"closed","template":"page-templates\/template-canvas.php","meta":{"_bbp_topic_count":0,"_bbp_reply_count":0,"_bbp_total_topic_count":0,"_bbp_total_reply_count":0,"_bbp_voice_count":0,"_bbp_anonymous_reply_count":0,"_bbp_topic_count_hidden":0,"_bbp_reply_count_hidden":0,"_bbp_forum_subforum_count":0,"footnotes":""},"class_list":["post-6607","page","type-page","status-publish","hentry"],"yoast_head":"<!-- This site is optimized with the Yoast SEO plugin v25.8 - https:\/\/yoast.com\/wordpress\/plugins\/seo\/ -->\n<title>Automotive Detailling | Laurier Macdonald Vocational Centre<\/title>\n<meta name=\"description\" content=\"A great hairdressing program designed to help you accomplish tasks such as cutting, setting and hair styling, to accomplish complimentary tasks.\" \/>\n<meta name=\"robots\" content=\"index, follow, max-snippet:-1, max-image-preview:large, max-video-preview:-1\" \/>\n<link rel=\"canonical\" href=\"https:\/\/lmaccareercentre.com\/fr\/esthetique-de-lautomobile\/\" \/>\n<meta property=\"og:locale\" content=\"fr_FR\" \/>\n<meta property=\"og:type\" content=\"article\" \/>\n<meta property=\"og:title\" content=\"Automotive Detailling | Laurier Macdonald Vocational Centre\" \/>\n<meta property=\"og:description\" content=\"A great hairdressing program designed to help you accomplish tasks such as cutting, setting and hair styling, to accomplish complimentary tasks.\" \/>\n<meta property=\"og:url\" content=\"https:\/\/lmaccareercentre.com\/fr\/esthetique-de-lautomobile\/\" \/>\n<meta property=\"og:site_name\" content=\"Centre Laurier MacDonald\" \/>\n<meta property=\"article:publisher\" content=\"https:\/\/www.facebook.com\/LaurierMacdonaldCareerCentre\" \/>\n<meta property=\"article:modified_time\" content=\"2022-05-04T20:08:25+00:00\" \/>\n<meta name=\"twitter:card\" content=\"summary_large_image\" \/>\n<meta name=\"twitter:site\" content=\"@lmaccareer\" \/>\n<meta name=\"twitter:label1\" content=\"Dur\u00e9e de lecture estim\u00e9e\" \/>\n\t<meta name=\"twitter:data1\" content=\"5 minutes\" \/>\n<script type=\"application\/ld+json\" class=\"yoast-schema-graph\">{\"@context\":\"https:\/\/schema.org\",\"@graph\":[{\"@type\":\"WebPage\",\"@id\":\"https:\/\/lmaccareercentre.com\/fr\/esthetique-de-lautomobile\/\",\"url\":\"https:\/\/lmaccareercentre.com\/fr\/esthetique-de-lautomobile\/\",\"name\":\"Automotive Detailling | Laurier Macdonald Vocational Centre\",\"isPartOf\":{\"@id\":\"https:\/\/lmaccareercentre.com\/fr\/#website\"},\"datePublished\":\"2021-07-22T14:05:04+00:00\",\"dateModified\":\"2022-05-04T20:08:25+00:00\",\"description\":\"A great hairdressing program designed to help you accomplish tasks such as cutting, setting and hair styling, to accomplish complimentary tasks.\",\"inLanguage\":\"fr-FR\",\"potentialAction\":[{\"@type\":\"ReadAction\",\"target\":[\"https:\/\/lmaccareercentre.com\/fr\/esthetique-de-lautomobile\/\"]}]},{\"@type\":\"WebSite\",\"@id\":\"https:\/\/lmaccareercentre.com\/fr\/#website\",\"url\":\"https:\/\/lmaccareercentre.com\/fr\/\",\"name\":\"Centre Laurier MacDonald\",\"description\":\"Centre de formation professionnelle\",\"publisher\":{\"@id\":\"https:\/\/lmaccareercentre.com\/fr\/#organization\"},\"potentialAction\":[{\"@type\":\"SearchAction\",\"target\":{\"@type\":\"EntryPoint\",\"urlTemplate\":\"https:\/\/lmaccareercentre.com\/fr\/?s={search_term_string}\"},\"query-input\":{\"@type\":\"PropertyValueSpecification\",\"valueRequired\":true,\"valueName\":\"search_term_string\"}}],\"inLanguage\":\"fr-FR\"},{\"@type\":\"Organization\",\"@id\":\"https:\/\/lmaccareercentre.com\/fr\/#organization\",\"name\":\"Centre Laurier MacDonald\",\"url\":\"https:\/\/lmaccareercentre.com\/fr\/\",\"logo\":{\"@type\":\"ImageObject\",\"inLanguage\":\"fr-FR\",\"@id\":\"https:\/\/lmaccareercentre.com\/fr\/#\/schema\/logo\/image\/\",\"url\":\"https:\/\/lmaccareercentre.com\/wp-content\/uploads\/2018\/11\/logo-inv.png\",\"contentUrl\":\"https:\/\/lmaccareercentre.com\/wp-content\/uploads\/2018\/11\/logo-inv.png\",\"width\":606,\"height\":606,\"caption\":\"Centre Laurier MacDonald\"},\"image\":{\"@id\":\"https:\/\/lmaccareercentre.com\/fr\/#\/schema\/logo\/image\/\"},\"sameAs\":[\"https:\/\/www.facebook.com\/LaurierMacdonaldCareerCentre\",\"https:\/\/x.com\/lmaccareer\",\"https:\/\/www.instagram.com\/lauriermaccareercentre\/\"]}]}<\/script>\n<!-- \/ Yoast SEO plugin. -->","yoast_head_json":{"title":"Automotive Detailling | Laurier Macdonald Vocational Centre","description":"A great hairdressing program designed to help you accomplish tasks such as cutting, setting and hair styling, to accomplish complimentary tasks.","robots":{"index":"index","follow":"follow","max-snippet":"max-snippet:-1","max-image-preview":"max-image-preview:large","max-video-preview":"max-video-preview:-1"},"canonical":"https:\/\/lmaccareercentre.com\/fr\/esthetique-de-lautomobile\/","og_locale":"fr_FR","og_type":"article","og_title":"Automotive Detailling | Laurier Macdonald Vocational Centre","og_description":"A great hairdressing program designed to help you accomplish tasks such as cutting, setting and hair styling, to accomplish complimentary tasks.","og_url":"https:\/\/lmaccareercentre.com\/fr\/esthetique-de-lautomobile\/","og_site_name":"Centre Laurier MacDonald","article_publisher":"https:\/\/www.facebook.com\/LaurierMacdonaldCareerCentre","article_modified_time":"2022-05-04T20:08:25+00:00","twitter_card":"summary_large_image","twitter_site":"@lmaccareer","twitter_misc":{"Dur\u00e9e de lecture estim\u00e9e":"5 minutes"},"schema":{"@context":"https:\/\/schema.org","@graph":[{"@type":"WebPage","@id":"https:\/\/lmaccareercentre.com\/fr\/esthetique-de-lautomobile\/","url":"https:\/\/lmaccareercentre.com\/fr\/esthetique-de-lautomobile\/","name":"Automotive Detailling | Laurier Macdonald Vocational Centre","isPartOf":{"@id":"https:\/\/lmaccareercentre.com\/fr\/#website"},"datePublished":"2021-07-22T14:05:04+00:00","dateModified":"2022-05-04T20:08:25+00:00","description":"A great hairdressing program designed to help you accomplish tasks such as cutting, setting and hair styling, to accomplish complimentary tasks.","inLanguage":"fr-FR","potentialAction":[{"@type":"ReadAction","target":["https:\/\/lmaccareercentre.com\/fr\/esthetique-de-lautomobile\/"]}]},{"@type":"WebSite","@id":"https:\/\/lmaccareercentre.com\/fr\/#website","url":"https:\/\/lmaccareercentre.com\/fr\/","name":"Centre Laurier MacDonald","description":"Centre de formation professionnelle","publisher":{"@id":"https:\/\/lmaccareercentre.com\/fr\/#organization"},"potentialAction":[{"@type":"SearchAction","target":{"@type":"EntryPoint","urlTemplate":"https:\/\/lmaccareercentre.com\/fr\/?s={search_term_string}"},"query-input":{"@type":"PropertyValueSpecification","valueRequired":true,"valueName":"search_term_string"}}],"inLanguage":"fr-FR"},{"@type":"Organization","@id":"https:\/\/lmaccareercentre.com\/fr\/#organization","name":"Centre Laurier MacDonald","url":"https:\/\/lmaccareercentre.com\/fr\/","logo":{"@type":"ImageObject","inLanguage":"fr-FR","@id":"https:\/\/lmaccareercentre.com\/fr\/#\/schema\/logo\/image\/","url":"https:\/\/lmaccareercentre.com\/wp-content\/uploads\/2018\/11\/logo-inv.png","contentUrl":"https:\/\/lmaccareercentre.com\/wp-content\/uploads\/2018\/11\/logo-inv.png","width":606,"height":606,"caption":"Centre Laurier MacDonald"},"image":{"@id":"https:\/\/lmaccareercentre.com\/fr\/#\/schema\/logo\/image\/"},"sameAs":["https:\/\/www.facebook.com\/LaurierMacdonaldCareerCentre","https:\/\/x.com\/lmaccareer","https:\/\/www.instagram.com\/lauriermaccareercentre\/"]}]}},"_links":{"self":[{"href":"https:\/\/lmaccareercentre.com\/fr\/wp-json\/wp\/v2\/pages\/6607","targetHints":{"allow":["GET"]}}],"collection":[{"href":"https:\/\/lmaccareercentre.com\/fr\/wp-json\/wp\/v2\/pages"}],"about":[{"href":"https:\/\/lmaccareercentre.com\/fr\/wp-json\/wp\/v2\/types\/page"}],"author":[{"embeddable":true,"href":"https:\/\/lmaccareercentre.com\/fr\/wp-json\/wp\/v2\/users\/6"}],"replies":[{"embeddable":true,"href":"https:\/\/lmaccareercentre.com\/fr\/wp-json\/wp\/v2\/comments?post=6607"}],"version-history":[{"count":3,"href":"https:\/\/lmaccareercentre.com\/fr\/wp-json\/wp\/v2\/pages\/6607\/revisions"}],"predecessor-version":[{"id":6672,"href":"https:\/\/lmaccareercentre.com\/fr\/wp-json\/wp\/v2\/pages\/6607\/revisions\/6672"}],"wp:attachment":[{"href":"https:\/\/lmaccareercentre.com\/fr\/wp-json\/wp\/v2\/media?parent=6607"}],"curies":[{"name":"wp","href":"https:\/\/api.w.org\/{rel}","templated":true}]}}