{"id":6603,"date":"2019-01-03T17:55:25","date_gmt":"2019-01-03T17:55:25","guid":{"rendered":"https:\/\/lmaccareercentre.com\/automobile-mechanics\/"},"modified":"2024-06-12T14:12:08","modified_gmt":"2024-06-12T14:12:08","slug":"mecanique-automobile","status":"publish","type":"page","link":"https:\/\/lmaccareercentre.com\/fr\/mecanique-automobile\/","title":{"rendered":"M\u00e9canique Automobile"},"content":{"rendered":"<p>[vc_row fullwidth=&#8221;yes&#8221;][vc_column]\t\n\t<div class=\"social-top\">\n\t\t<ul class=\"list-social\">\n\t\t\t\t\t\t\t<li class=\"icon-soc tipped\" data-title=\"twitter\"  data-tipper-options='{\"direction\":\"top\",\"follow\":\"true\"}'>\n\t\t\t\t\t<a target=\"_self\" href=\"https:\/\/twitter.com\/lmaccareer\"><i class=\"fa fa-twitter\"><\/i><\/a>\n\t\t\t\t<\/li>\n\t\t\t\t\t\t\t\t\t\t<li class=\"icon-soc tipped\" data-title=\"facebook\"  data-tipper-options='{\"direction\":\"top\",\"follow\":\"true\"}'>\n\t\t\t\t\t<a target=\"_self\" href=\"https:\/\/www.facebook.com\/LaurierMacdonaldCareerCentre\"><i class=\"fa fa-facebook\"><\/i><\/a>\n\t\t\t\t<\/li>\n\t\t\t\t\t\t\t\t\t\t\t\t\t\t<\/ul>\t\n\t<\/div>\n\n[\/vc_column][\/vc_row][vc_row wrap_class=&#8221;yes&#8221; css=&#8221;.vc_custom_1548971971292{padding-top: 160px !important;padding-bottom: 120px !important;background-image: url(http:\/\/lmaccareercentre.ca\/wp-content\/uploads\/2018\/12\/5.jpg?id=3674) !important;background-position: center !important;background-repeat: no-repeat !important;background-size: cover !important;}&#8221;][vc_column][vc_column_text css_animation=&#8221;fadeInDown&#8221; el_class=&#8221;top_parallax_body_text&#8221;]<\/p>\n<h1 class=\"text-center\">M\u00c9CANIQUE AUTOMOBILE \u2013 OBJECTIFS DU PROGRAMME<\/h1>\n<p>Effectuer des travaux de m\u00e9canique pr\u00e9ventive et corrective, v\u00e9rifier des v\u00e9hicules dans le but de cerner des probl\u00e8mes de fonctionnement, en rechercher la cause et en localiser la source; effectuer des r\u00e9parations, des remplacements et des r\u00e9glages sur les diff\u00e9rents syst\u00e8mes du v\u00e9hicule, proc\u00e9der \u00e0 des essais de fonctionnement, proc\u00e9der \u00e0 l\u2019installation d\u2019accessoires et d\u2019\u00e9quipements optionnels et appliquer les lois et les r\u00e8glements relatifs \u00e0 la sant\u00e9, \u00e0 la s\u00e9curit\u00e9 et \u00e0 la protection de l\u2019environnement.<\/p>\n<table border=\"0\">\n<tbody>\n<tr>\n<td>Code<\/td>\n<td>5798<\/td>\n<\/tr>\n<tr>\n<td>Sanction<\/td>\n<td>DEP<\/td>\n<\/tr>\n<tr>\n<td>Secteur<\/td>\n<td>Entretien d&#8217;\u00e9quipement motoris\u00e9 (10)<\/td>\n<\/tr>\n<tr>\n<td>Nombre d&#8217;unit\u00e9s<\/td>\n<td>120<\/td>\n<\/tr>\n<tr>\n<td>Dur\u00e9e totale<\/td>\n<td>1 800 heures<\/td>\n<\/tr>\n<\/tbody>\n<\/table>\n<p>[\/vc_column_text][vc_row_inner][vc_column_inner width=&#8221;1\/2&#8243;][vc_btn title=&#8221;DEMANDE D&#8217;INFORMATIONS&#8221; style=&#8221;classic&#8221; color=&#8221;black&#8221; align=&#8221;center&#8221; css=&#8221;.vc_custom_1650561418995{padding-right: 30px !important;padding-left: 30px !important;}&#8221; link=&#8221;url:%2Ffr%2Fdemande-dinformations%2F|||&#8221; el_class=&#8221;buttons&#8221;][\/vc_column_inner][vc_column_inner width=&#8221;1\/2&#8243;][vc_btn title=&#8221;INSCRIVEZ-VOUS D\u00c8S MAINTENANT&#8221; style=&#8221;classic&#8221; color=&#8221;black&#8221; align=&#8221;center&#8221; css=&#8221;.vc_custom_1650561436558{padding-right: 30px !important;padding-left: 30px !important;}&#8221; link=&#8221;url:https%3A%2F%2Fwww.inforoutefpt.org%2Forganismes-niveau-secondaire%2Fcentres-formation-professionnelle%2F887406%2Fgroupes||target:%20_blank|&#8221; el_class=&#8221;buttons&#8221;][\/vc_column_inner][\/vc_row_inner][vc_column_text css_animation=&#8221;fadeInDown&#8221; el_class=&#8221;top_parallax_body_text&#8221; css=&#8221;.vc_custom_1650561534542{margin-bottom: 80px !important;}&#8221;]<\/p>\n<h1 class=\"text-center\">CONDITIONS D&#8217;ADMISSION<\/h1>\n<p>Pour \u00eatre admis \u00e0 ce programme, il suffit de satisfaire \u00e0 l\u2019une des conditions suivantes :<\/p>\n<p>La personne est titulaire du dipl\u00f4me d\u2019\u00e9tudes secondaires ou de son \u00e9quivalent reconnu (ex. : attestation d\u2019\u00e9quivalence de niveau de scolarit\u00e9) ou d\u2019un dipl\u00f4me d\u2019\u00e9tudes sup\u00e9rieures, comme le dipl\u00f4me d\u2019\u00e9tudes coll\u00e9giales ou le baccalaur\u00e9at.<\/p>\n<p>OU<\/p>\n<p>La personne est \u00e2g\u00e9e d\u2019au moins 16 ans au 30 septembre de l\u2019ann\u00e9e scolaire au cours de laquelle elle commence sa formation et a obtenu les unit\u00e9s de 4e secondaire en langue d\u2019enseignement, en langue seconde et en math\u00e9matique dans des programmes d\u2019\u00e9tudes \u00e9tablis par le ministre ou a r\u00e9alis\u00e9 des apprentissages reconnus comme \u00e9tant \u00e9quivalents.<\/p>\n<p>OU<\/p>\n<p>La personne est \u00e2g\u00e9e d\u2019au moins 18 ans au moment d\u2019entreprendre sa formation et poss\u00e8de les pr\u00e9alables fonctionnels, soit la r\u00e9ussite du test de d\u00e9veloppement g\u00e9n\u00e9ral ainsi que les pr\u00e9alables sp\u00e9cifiques, ou a r\u00e9alis\u00e9 des apprentissages reconnus comme \u00e9tant \u00e9quivalents.<\/p>\n<p>OU<\/p>\n<p>La personne a obtenu les unit\u00e9s de 3e secondaire en langue d\u2019enseignement, en langue seconde et en math\u00e9matique dans des programmes d\u2019\u00e9tudes \u00e9tablis par le ministre et poursuivra sa formation g\u00e9n\u00e9rale en concomitance avec sa formation professionnelle pour obtenir les unit\u00e9s de 4e secondaire qui lui manquent en langue d\u2019enseignement, en langue seconde et en math\u00e9matique dans des programmes d\u2019\u00e9tudes \u00e9tablis par le ministre.[\/vc_column_text][vc_row_inner content_placement=&#8221;middle&#8221; css=&#8221;.vc_custom_1546617696713{margin-top: -50px !important;}&#8221;][vc_column_inner width=&#8221;1\/2&#8243;][vc_btn title=&#8221;DEMANDE D&#8217;INFORMATIONS&#8221; style=&#8221;classic&#8221; color=&#8221;black&#8221; align=&#8221;center&#8221; css=&#8221;.vc_custom_1650561468563{padding-right: 30px !important;padding-left: 30px !important;}&#8221; link=&#8221;url:%2Ffr%2Fdemande-dinformations%2F|||&#8221; el_class=&#8221;buttons&#8221;][\/vc_column_inner][vc_column_inner width=&#8221;1\/2&#8243;][vc_btn title=&#8221;INSCRIVEZ-VOUS D\u00c8S MAINTENANT&#8221; style=&#8221;classic&#8221; color=&#8221;black&#8221; align=&#8221;center&#8221; css=&#8221;.vc_custom_1650561445814{padding-right: 30px !important;padding-left: 30px !important;}&#8221; link=&#8221;url:https%3A%2F%2Fwww.inforoutefpt.org%2Forganismes-niveau-secondaire%2Fcentres-formation-professionnelle%2F887406%2Fgroupes||target:%20_blank|&#8221; el_class=&#8221;buttons&#8221;][\/vc_column_inner][\/vc_row_inner][vc_column_text css_animation=&#8221;fadeIn&#8221; el_class=&#8221;top_parallax_body_text beauty_body_text&#8221;]<\/p>\n<h1 class=\"text-center\">CONTENU DU PROGRAMME<\/h1>\n<p>&nbsp;<\/p>\n<table border=\"1\">\n<tbody align=\"center\">\n<tr>\n<th scope=\"col\"><strong>Code<\/strong><\/th>\n<th scope=\"col\">\u00c9nonc\u00e9 de la comp\u00e9tence<\/th>\n<th scope=\"col\"><strong>Heures<\/strong><\/th>\n<th scope=\"col\"><strong>Unit\u00e9s<\/strong><\/th>\n<\/tr>\n<tr>\n<td width=\"60px\">843-401<\/td>\n<td>Se situer au regard du m\u00e9tier et de la d\u00e9marche de formation<\/td>\n<td>15<\/td>\n<td>1<\/td>\n<\/tr>\n<tr>\n<td width=\"60px\">843-412<\/td>\n<td>Pr\u00e9venir les risques en mati\u00e8re de sant\u00e9, de s\u00e9curit\u00e9 au travail et de protection de l\u2019environnement<\/td>\n<td>30<\/td>\n<td>2<\/td>\n<\/tr>\n<tr>\n<td>843-423<\/td>\n<td>Rechercher de l\u2019information technique sur les v\u00e9hicules automobiles<\/td>\n<td>45<\/td>\n<td>3<\/td>\n<\/tr>\n<tr>\n<td>843-433<\/td>\n<td>Effectuer des travaux de chauffe, de soudage et de coupage<\/td>\n<td>45<\/td>\n<td>3<\/td>\n<\/tr>\n<tr>\n<td>843-445<\/td>\n<td>Effectuer des travaux d\u2019atelier<\/td>\n<td>75<\/td>\n<td>5<\/td>\n<\/tr>\n<tr>\n<td>843-452<\/td>\n<td>\u00c9tablir des relations interpersonnelles au travail<\/td>\n<td>30<\/td>\n<td>2<\/td>\n<\/tr>\n<tr>\n<td>843-465<\/td>\n<td>V\u00e9rifier l\u2019\u00e9tat g\u00e9n\u00e9ral de moteurs \u00e0 combustion interne<\/td>\n<td>75<\/td>\n<td>5<\/td>\n<\/tr>\n<tr>\n<td>843-476<\/td>\n<td>R\u00e9parer des moteurs \u00e0 combustion interne<\/td>\n<td>90<\/td>\n<td>6<\/td>\n<\/tr>\n<tr>\n<td>843-484<\/td>\n<td>V\u00e9rifier le fonctionnement de syst\u00e8mes li\u00e9s \u00e0 la tenue de route<\/td>\n<td>60<\/td>\n<td>4<\/td>\n<\/tr>\n<tr>\n<td>843-496<\/td>\n<td>R\u00e9parer des syst\u00e8mes li\u00e9s \u00e0 la tenue de route<\/td>\n<td>90<\/td>\n<td>6<\/td>\n<\/tr>\n<tr>\n<td>843-506<\/td>\n<td>V\u00e9rifier le fonctionnement de syst\u00e8mes \u00e9lectriques et \u00e9lectroniques<\/td>\n<td>90<\/td>\n<td>6<\/td>\n<\/tr>\n<tr>\n<td>843-514<\/td>\n<td>R\u00e9parer des syst\u00e8mes d\u2019\u00e9clairage<\/td>\n<td>60<\/td>\n<td>4<\/td>\n<\/tr>\n<tr>\n<td>843-524<\/td>\n<td>V\u00e9rifier le fonctionnement de syst\u00e8mes de base command\u00e9s par ordinateur<\/td>\n<td>60<\/td>\n<td>4<\/td>\n<\/tr>\n<tr>\n<td>843-536<\/td>\n<td>V\u00e9rifier le fonctionnement de syst\u00e8mes de transmission de pouvoir<\/td>\n<td>90<\/td>\n<td>6<\/td>\n<\/tr>\n<tr>\n<td>843-547<\/td>\n<td>R\u00e9parer des syst\u00e8mes de transmission de pouvoir<\/td>\n<td>105<\/td>\n<td>7<\/td>\n<\/tr>\n<tr>\n<td>843-555<\/td>\n<td>V\u00e9rifier le fonctionnement de syst\u00e8mes de d\u00e9marrage, de charge et des accessoires \u00e9lectromagn\u00e9tiques<\/td>\n<td>75<\/td>\n<td>5<\/td>\n<\/tr>\n<tr>\n<td>843-565<\/td>\n<td>R\u00e9parer des syst\u00e8mes de d\u00e9marrage, de charge et des accessoires \u00e9lectromagn\u00e9tiques<\/td>\n<td>75<\/td>\n<td>5<\/td>\n<\/tr>\n<tr>\n<td>843-573<\/td>\n<td>V\u00e9rifier le fonctionnement de syst\u00e8mes li\u00e9s \u00e0 la temp\u00e9rature du moteur et de l\u2019habitacle<\/td>\n<td>45<\/td>\n<td>3<\/td>\n<\/tr>\n<tr>\n<td>843-583<\/td>\n<td>Effectuer l\u2019entretien et la r\u00e9paration des syst\u00e8mes li\u00e9s \u00e0 la temp\u00e9rature du moteur et de l\u2019habitacle<\/td>\n<td>45<\/td>\n<td>3<\/td>\n<\/tr>\n<tr>\n<td>843-593<\/td>\n<td>V\u00e9rifier le fonctionnement de syst\u00e8mes de s\u00e9curit\u00e9 actifs et passifs<\/td>\n<td>45<\/td>\n<td>3<\/td>\n<\/tr>\n<tr>\n<td>843-604<\/td>\n<td>R\u00e9parer des syst\u00e8mes de s\u00e9curit\u00e9 actifs et passifs<\/td>\n<td>60<\/td>\n<td>4<\/td>\n<\/tr>\n<tr>\n<td>843-614<\/td>\n<td>Effectuer l\u2019entretien g\u00e9n\u00e9ral d\u2019un v\u00e9hicule automobile<\/td>\n<td>60<\/td>\n<td>4<\/td>\n<\/tr>\n<tr>\n<td>843-624<\/td>\n<td>V\u00e9rifier le fonctionnement de syst\u00e8mes d\u2019allumage \u00e9lectronique<\/td>\n<td>60<\/td>\n<td>4<\/td>\n<\/tr>\n<tr>\n<td>843-634<\/td>\n<td>R\u00e9parer des syst\u00e8mes d\u2019allumage \u00e9lectronique<\/td>\n<td>60<\/td>\n<td>4<\/td>\n<\/tr>\n<tr>\n<td>843-644<\/td>\n<td>V\u00e9rifier le fonctionnement de syst\u00e8mes d\u2019injection \u00e9lectronique et antipollution<\/td>\n<td>60<\/td>\n<td>4<\/td>\n<\/tr>\n<tr>\n<td>843-655<\/td>\n<td>Effectuer l\u2019entretien et la r\u00e9paration de syst\u00e8mes d\u2019injection \u00e9lectronique et antipollution<\/td>\n<td>75<\/td>\n<td>5<\/td>\n<\/tr>\n<tr>\n<td>843-665<\/td>\n<td>V\u00e9rifier le fonctionnement du groupe motopropulseur<\/td>\n<td>75<\/td>\n<td>5<\/td>\n<\/tr>\n<tr>\n<td>843-671<\/td>\n<td>Effectuer une d\u00e9marche de recherche d\u2019emploi<\/td>\n<td>15<\/td>\n<td>1<\/td>\n<\/tr>\n<tr>\n<td>843-686<\/td>\n<td>S\u2019int\u00e9grer au milieu de travail<\/td>\n<td>90<\/td>\n<td>6<\/td>\n<\/tr>\n<tr>\n<td><strong>Total<\/strong><\/td>\n<td><\/td>\n<td><strong>1800<\/strong><\/td>\n<td><strong>120<\/strong><\/td>\n<\/tr>\n<\/tbody>\n<\/table>\n<p>[\/vc_column_text][vc_row_inner content_placement=&#8221;middle&#8221; el_class=&#8221;section-dark&#8221; css=&#8221;.vc_custom_1626359605534{padding-top: 50px !important;}&#8221;][vc_column_inner width=&#8221;1\/2&#8243;][vc_column_text]<\/p>\n<h3 style=\"text-align: left;\">NOUS OFFRONS LA RAC<\/h3>\n<p>&nbsp;<\/p>\n<h4 style=\"text-align: left;\">DE QUOI S\u2019AGIT-IL ?<\/h4>\n<p>&nbsp;<\/p>\n<p style=\"font-size: 18px; color: #ebebeb;\">La reconnaissance des acquis et des comp\u00e9tences (RAC) est une d\u00e9marche qui permet d\u2019identifier, de documenter, de faire \u00e9valuer et reconna\u00eetre officiellement vos apprentissages et comp\u00e9tences afin de d\u00e9terminer la formation manquante \u00e0 acqu\u00e9rir, ce qui permet d\u2019acc\u00e9l\u00e9rer l\u2019obtention d\u2019un dipl\u00f4me ou d\u2019y acc\u00e9der directement.<\/p>\n<p>[\/vc_column_text][vc_btn title=&#8221;EN SAVOIR PLUS&#8221; color=&#8221;black&#8221; link=&#8221;url:https%3A%2F%2Fwww.emsb.qc.ca%2Ffr-ca%2Fcsem%2Fecoles%2Fformation-professionnelle%2Frac||target:%20_blank|&#8221; el_class=&#8221;dark-btn&#8221;][\/vc_column_inner][vc_column_inner width=&#8221;1\/2&#8243;][vc_video link=&#8221;https:\/\/vimeo.com\/511160993&#8243;][\/vc_column_inner][\/vc_row_inner][\/vc_column][\/vc_row][vc_row ses_title=&#8221;Galerie&#8221; fullwidth=&#8221;yes&#8221; css=&#8221;.vc_custom_1650561880046{margin-top: 30px !important;margin-bottom: 30px !important;}&#8221;][vc_column][vc_column_text][ess_grid alias=&#8221;Automobile Mechanics&#8221;][\/vc_column_text][vc_media_grid element_width=&#8221;3&#8243; gap=&#8221;0&#8243; grid_id=&#8221;vc_gid:1718201487660-8e4555f2-c8b6-10&#8243; include=&#8221;6488,6487,6336,6395&#8243;][\/vc_column][\/vc_row][vc_row extra_id=&#8221;contact&#8221; ses_title=&#8221;NOUS JOINDRE&#8221; ses_sub_title=&#8221;EXPLOREZ LES MEILLEURS CHOIX DE CARRI\u00c8RE QUI S\u2019OFFRENT \u00c0 VOUS&#8221;][vc_column width=&#8221;1\/3&#8243;]\t\n\t<div class=\"contact-wrap\">\n\t\t<p><i class=\"fa fa-phone\"><\/i><span>APPELEZ-NOUS<\/span> +1 514-374-4278<br \/>\n<small><em>Du lundi au vendredi | 8h\u201321h<\/em><\/small><\/p>\t\n\t<\/div>\n\n[\/vc_column][vc_column width=&#8221;1\/3&#8243;]\t\n\t<div class=\"contact-wrap\">\n\t\t<p><i class=\"fa fa-envelope\"><\/i><span>Courriel<\/span> lmacadult@emsb.qc.ca<\/p>\t\n\t<\/div>\n\n[\/vc_column][vc_column width=&#8221;1\/3&#8243;]\t\n\t<div class=\"contact-wrap\">\n\t\t<p><i class=\"fa fa-map-marker\"><\/i><span>Visitez-nous<\/span> 5025, rue Jean-Talon Est,<br \/>\nSaint-L\u00e9onard (Qu\u00e9bec) H1S 3G6<\/p>\t\n\t<\/div>\n\n[\/vc_column][\/vc_row][vc_row fullwidth=&#8221;yes&#8221; css=&#8221;.vc_custom_1415971339059{padding-bottom: 60px !important;}&#8221;][vc_column]\t\t\t<div class=\"container\">\n\t\t\t<div class=\"twelve columns\" data-scrollreveal=\"enter bottom and move 150px over 1s\">\t\n\t\t\t\t<a class=\"button-map close-map\"><span>Nous trouver<\/span><\/a>\n\t\t\t<\/div>\n\t\t<\/div>\n\t\t\n\t<div id=\"google_map\"  ><\/div>\n\n\t<script type=\"text\/javascript\">\n\t\t(function($) { \"use strict\"\n\t\t\tvar e=new google.maps.LatLng(45.577207,-73.584957),\n\t\t\to={zoom:14,center:new google.maps.LatLng(45.577207,-73.584957),\n\t\t\tmapTypeId:google.maps.MapTypeId.ROADMAP,\n\t\t\tmapTypeControl:!1,\n\t\t\tscrollwheel:!1,\n\t\t\tdraggable:!0,\n\t\t\tnavigationControl:!1\n\t\t\t},\n\t\t\tn=new google.maps.Map(document.getElementById(\"google_map\"),o);\n\t\t\tgoogle.maps.event.addDomListener(window,\"resize\",function(){var e=n.getCenter();\n\t\t\tgoogle.maps.event.trigger(n,\"resize\"),n.setCenter(e)});\n\t\t\t\n\t\t\tvar g='<div class=\"map-tooltip\"><h6>LMCC<\/h6><\/div>',a=new google.maps.InfoWindow({content:g})\n\t\t\t,t=new google.maps.MarkerImage(\"https:\/\/lmaccareercentre.com\/wp-content\/uploads\/2014\/11\/map-pin.png\",new google.maps.Size(40,70),\n\t\t\tnew google.maps.Point(0,0),new google.maps.Point(20,55)),\n\t\t\ti=new google.maps.LatLng(45.577207,-73.584957),\n\t\t\tp=new google.maps.Marker({position:i,map:n,icon:t,zIndex:3});\n\t\t\tgoogle.maps.event.addListener(p,\"click\",function(){a.open(n,p)});\n\n\t\t\t\t\t\t\n\t\t\t\t$(\".button-map\").click(function(){$(\"#google_map\").slideToggle(300,function(){google.maps.event.trigger(n,\"resize\"),n.setCenter(e)}),\n\t\t\t\t$(this).toggleClass(\"close-map show-map\")});\n\t\t\t\n\t\t})(jQuery);\n\t<\/script>\n\n[\/vc_column][\/vc_row]<\/p>\n","protected":false},"excerpt":{"rendered":"<p>[vc_row fullwidth=&#8221;yes&#8221;][vc_column][\/vc_column][\/vc_row][vc_row wrap_class=&#8221;yes&#8221; css=&#8221;.vc_custom_1548971971292{padding-top: 160px !important;padding-bottom: 120px !important;background-image: url(http:\/\/lmaccareercentre.ca\/wp-content\/uploads\/2018\/12\/5.jpg?id=3674) !important;background-position: center !important;background-repeat: no-repeat !important;background-size: cover !important;}&#8221;][vc_column][vc_column_text css_animation=&#8221;fadeInDown&#8221; el_class=&#8221;top_parallax_body_text&#8221;] M\u00c9CANIQUE AUTOMOBILE \u2013 OBJECTIFS DU PROGRAMME Effectuer des travaux de m\u00e9canique pr\u00e9ventive et corrective, v\u00e9rifier des v\u00e9hicules dans le but de cerner des probl\u00e8mes de fonctionnement, en rechercher la cause et en localiser la source; effectuer des [&hellip;]<\/p>\n","protected":false},"author":6,"featured_media":0,"parent":0,"menu_order":0,"comment_status":"closed","ping_status":"closed","template":"page-templates\/template-canvas.php","meta":{"_bbp_topic_count":0,"_bbp_reply_count":0,"_bbp_total_topic_count":0,"_bbp_total_reply_count":0,"_bbp_voice_count":0,"_bbp_anonymous_reply_count":0,"_bbp_topic_count_hidden":0,"_bbp_reply_count_hidden":0,"_bbp_forum_subforum_count":0,"footnotes":""},"class_list":["post-6603","page","type-page","status-publish","hentry"],"yoast_head":"<!-- This site is optimized with the Yoast SEO plugin v25.8 - https:\/\/yoast.com\/wordpress\/plugins\/seo\/ -->\n<title>Automobile Mechanics Program<\/title>\n<meta name=\"description\" content=\"Learn the skills you need to become a auto mechanic through our career training automobile mechanics program. The program will prepare you to be job ready.\" \/>\n<meta name=\"robots\" content=\"index, follow, max-snippet:-1, max-image-preview:large, max-video-preview:-1\" \/>\n<link rel=\"canonical\" href=\"https:\/\/lmaccareercentre.com\/fr\/mecanique-automobile\/\" \/>\n<meta property=\"og:locale\" content=\"fr_FR\" \/>\n<meta property=\"og:type\" content=\"article\" \/>\n<meta property=\"og:title\" content=\"Automobile Mechanics Program\" \/>\n<meta property=\"og:description\" content=\"Learn the skills you need to become a auto mechanic through our career training automobile mechanics program. The program will prepare you to be job ready.\" \/>\n<meta property=\"og:url\" content=\"https:\/\/lmaccareercentre.com\/fr\/mecanique-automobile\/\" \/>\n<meta property=\"og:site_name\" content=\"Centre Laurier MacDonald\" \/>\n<meta property=\"article:publisher\" content=\"https:\/\/www.facebook.com\/LaurierMacdonaldCareerCentre\" \/>\n<meta property=\"article:modified_time\" content=\"2024-06-12T14:12:08+00:00\" \/>\n<meta name=\"twitter:card\" content=\"summary_large_image\" \/>\n<meta name=\"twitter:site\" content=\"@lmaccareer\" \/>\n<meta name=\"twitter:label1\" content=\"Dur\u00e9e de lecture estim\u00e9e\" \/>\n\t<meta name=\"twitter:data1\" content=\"4 minutes\" \/>\n<script type=\"application\/ld+json\" class=\"yoast-schema-graph\">{\"@context\":\"https:\/\/schema.org\",\"@graph\":[{\"@type\":\"WebPage\",\"@id\":\"https:\/\/lmaccareercentre.com\/fr\/mecanique-automobile\/\",\"url\":\"https:\/\/lmaccareercentre.com\/fr\/mecanique-automobile\/\",\"name\":\"Automobile Mechanics Program\",\"isPartOf\":{\"@id\":\"https:\/\/lmaccareercentre.com\/fr\/#website\"},\"datePublished\":\"2019-01-03T17:55:25+00:00\",\"dateModified\":\"2024-06-12T14:12:08+00:00\",\"description\":\"Learn the skills you need to become a auto mechanic through our career training automobile mechanics program. The program will prepare you to be job ready.\",\"inLanguage\":\"fr-FR\",\"potentialAction\":[{\"@type\":\"ReadAction\",\"target\":[\"https:\/\/lmaccareercentre.com\/fr\/mecanique-automobile\/\"]}]},{\"@type\":\"WebSite\",\"@id\":\"https:\/\/lmaccareercentre.com\/fr\/#website\",\"url\":\"https:\/\/lmaccareercentre.com\/fr\/\",\"name\":\"Centre Laurier MacDonald\",\"description\":\"Centre de formation professionnelle\",\"publisher\":{\"@id\":\"https:\/\/lmaccareercentre.com\/fr\/#organization\"},\"potentialAction\":[{\"@type\":\"SearchAction\",\"target\":{\"@type\":\"EntryPoint\",\"urlTemplate\":\"https:\/\/lmaccareercentre.com\/fr\/?s={search_term_string}\"},\"query-input\":{\"@type\":\"PropertyValueSpecification\",\"valueRequired\":true,\"valueName\":\"search_term_string\"}}],\"inLanguage\":\"fr-FR\"},{\"@type\":\"Organization\",\"@id\":\"https:\/\/lmaccareercentre.com\/fr\/#organization\",\"name\":\"Centre Laurier MacDonald\",\"url\":\"https:\/\/lmaccareercentre.com\/fr\/\",\"logo\":{\"@type\":\"ImageObject\",\"inLanguage\":\"fr-FR\",\"@id\":\"https:\/\/lmaccareercentre.com\/fr\/#\/schema\/logo\/image\/\",\"url\":\"https:\/\/lmaccareercentre.com\/wp-content\/uploads\/2018\/11\/logo-inv.png\",\"contentUrl\":\"https:\/\/lmaccareercentre.com\/wp-content\/uploads\/2018\/11\/logo-inv.png\",\"width\":606,\"height\":606,\"caption\":\"Centre Laurier MacDonald\"},\"image\":{\"@id\":\"https:\/\/lmaccareercentre.com\/fr\/#\/schema\/logo\/image\/\"},\"sameAs\":[\"https:\/\/www.facebook.com\/LaurierMacdonaldCareerCentre\",\"https:\/\/x.com\/lmaccareer\",\"https:\/\/www.instagram.com\/lauriermaccareercentre\/\"]}]}<\/script>\n<!-- \/ Yoast SEO plugin. -->","yoast_head_json":{"title":"Automobile Mechanics Program","description":"Learn the skills you need to become a auto mechanic through our career training automobile mechanics program. The program will prepare you to be job ready.","robots":{"index":"index","follow":"follow","max-snippet":"max-snippet:-1","max-image-preview":"max-image-preview:large","max-video-preview":"max-video-preview:-1"},"canonical":"https:\/\/lmaccareercentre.com\/fr\/mecanique-automobile\/","og_locale":"fr_FR","og_type":"article","og_title":"Automobile Mechanics Program","og_description":"Learn the skills you need to become a auto mechanic through our career training automobile mechanics program. The program will prepare you to be job ready.","og_url":"https:\/\/lmaccareercentre.com\/fr\/mecanique-automobile\/","og_site_name":"Centre Laurier MacDonald","article_publisher":"https:\/\/www.facebook.com\/LaurierMacdonaldCareerCentre","article_modified_time":"2024-06-12T14:12:08+00:00","twitter_card":"summary_large_image","twitter_site":"@lmaccareer","twitter_misc":{"Dur\u00e9e de lecture estim\u00e9e":"4 minutes"},"schema":{"@context":"https:\/\/schema.org","@graph":[{"@type":"WebPage","@id":"https:\/\/lmaccareercentre.com\/fr\/mecanique-automobile\/","url":"https:\/\/lmaccareercentre.com\/fr\/mecanique-automobile\/","name":"Automobile Mechanics Program","isPartOf":{"@id":"https:\/\/lmaccareercentre.com\/fr\/#website"},"datePublished":"2019-01-03T17:55:25+00:00","dateModified":"2024-06-12T14:12:08+00:00","description":"Learn the skills you need to become a auto mechanic through our career training automobile mechanics program. The program will prepare you to be job ready.","inLanguage":"fr-FR","potentialAction":[{"@type":"ReadAction","target":["https:\/\/lmaccareercentre.com\/fr\/mecanique-automobile\/"]}]},{"@type":"WebSite","@id":"https:\/\/lmaccareercentre.com\/fr\/#website","url":"https:\/\/lmaccareercentre.com\/fr\/","name":"Centre Laurier MacDonald","description":"Centre de formation professionnelle","publisher":{"@id":"https:\/\/lmaccareercentre.com\/fr\/#organization"},"potentialAction":[{"@type":"SearchAction","target":{"@type":"EntryPoint","urlTemplate":"https:\/\/lmaccareercentre.com\/fr\/?s={search_term_string}"},"query-input":{"@type":"PropertyValueSpecification","valueRequired":true,"valueName":"search_term_string"}}],"inLanguage":"fr-FR"},{"@type":"Organization","@id":"https:\/\/lmaccareercentre.com\/fr\/#organization","name":"Centre Laurier MacDonald","url":"https:\/\/lmaccareercentre.com\/fr\/","logo":{"@type":"ImageObject","inLanguage":"fr-FR","@id":"https:\/\/lmaccareercentre.com\/fr\/#\/schema\/logo\/image\/","url":"https:\/\/lmaccareercentre.com\/wp-content\/uploads\/2018\/11\/logo-inv.png","contentUrl":"https:\/\/lmaccareercentre.com\/wp-content\/uploads\/2018\/11\/logo-inv.png","width":606,"height":606,"caption":"Centre Laurier MacDonald"},"image":{"@id":"https:\/\/lmaccareercentre.com\/fr\/#\/schema\/logo\/image\/"},"sameAs":["https:\/\/www.facebook.com\/LaurierMacdonaldCareerCentre","https:\/\/x.com\/lmaccareer","https:\/\/www.instagram.com\/lauriermaccareercentre\/"]}]}},"_links":{"self":[{"href":"https:\/\/lmaccareercentre.com\/fr\/wp-json\/wp\/v2\/pages\/6603","targetHints":{"allow":["GET"]}}],"collection":[{"href":"https:\/\/lmaccareercentre.com\/fr\/wp-json\/wp\/v2\/pages"}],"about":[{"href":"https:\/\/lmaccareercentre.com\/fr\/wp-json\/wp\/v2\/types\/page"}],"author":[{"embeddable":true,"href":"https:\/\/lmaccareercentre.com\/fr\/wp-json\/wp\/v2\/users\/6"}],"replies":[{"embeddable":true,"href":"https:\/\/lmaccareercentre.com\/fr\/wp-json\/wp\/v2\/comments?post=6603"}],"version-history":[{"count":6,"href":"https:\/\/lmaccareercentre.com\/fr\/wp-json\/wp\/v2\/pages\/6603\/revisions"}],"predecessor-version":[{"id":6893,"href":"https:\/\/lmaccareercentre.com\/fr\/wp-json\/wp\/v2\/pages\/6603\/revisions\/6893"}],"wp:attachment":[{"href":"https:\/\/lmaccareercentre.com\/fr\/wp-json\/wp\/v2\/media?parent=6603"}],"curies":[{"name":"wp","href":"https:\/\/api.w.org\/{rel}","templated":true}]}}