{"id":6542,"date":"2019-01-03T15:26:29","date_gmt":"2019-01-03T15:26:29","guid":{"rendered":"https:\/\/lmaccareercentre.com\/about-laurier-macdonald\/"},"modified":"2022-05-04T20:19:14","modified_gmt":"2022-05-04T20:19:14","slug":"a-propos","status":"publish","type":"page","link":"https:\/\/lmaccareercentre.com\/fr\/a-propos\/","title":{"rendered":"\u00c0 Propos"},"content":{"rendered":"<p>[vc_row wrap_class=&#8221;yes&#8221; css=&#8221;.vc_custom_1546535432554{padding-top: 160px !important;padding-bottom: 120px !important;background-image: url(http:\/\/lmaccareercentre.ca\/wp-content\/uploads\/2018\/12\/4.jpg?id=3673) !important;background-position: center !important;background-repeat: no-repeat !important;background-size: cover !important;}&#8221;][vc_column][vc_column_text css_animation=&#8221;fadeInLeft&#8221; el_class=&#8221;top_parallax_body_text&#8221;]<\/p>\n<h1 class=\"text-center\">\u00c0 PROPOS DE NOUS<\/h1>\n<p>Le Centre de formation professionnelle Laurier Macdonald (CFPLM) est situ\u00e9 dans l&#8217;arrondissement de Saint-L\u00e9onard \u00e0 Montr\u00e9al. Nous nous sommes b\u00e2ti une r\u00e9putation de leader dans le domaine de l&#8217;automobile et de la beaut\u00e9. Nos programmes conduisent \u00e0 un dipl\u00f4me d\u2019\u00e9tudes professionnelles (DEP) ou une attestation de sp\u00e9cialisation professionnelle (ASP) d\u00e9livr\u00e9s par le minist\u00e8re de l&#8217;\u00c9ducation du Qu\u00e9bec. Nos enseignants sont exp\u00e9riment\u00e9s et d\u00e9vou\u00e9s.<\/p>\n<p>Au CFPLM, nous sommes conscients des d\u00e9fis inh\u00e9rents \u00e0 l&#8217;apprentissage des comp\u00e9tences requises dans l\u2019industrie du soudage-montage, de l&#8217;automobile et de la beaut\u00e9. Notre renomm\u00e9e en tant que centre de formation professionnelle en soudage-montage, m\u00e9canique automobile, coiffure et esth\u00e9tique est fond\u00e9e sur l&#8217;exp\u00e9rience. Notre engagement \u00e0 offrir des cours et des programmes pertinents et de pointe, dispens\u00e9s par des sp\u00e9cialistes respect\u00e9s dans leur milieu respectif, procure \u00e0 chaque \u00e9l\u00e8ve un environnement inspirant, accessible et favorable \u00e0 l\u2019apprentissage pratique.<\/p>\n<p>Nous nous conformons aux crit\u00e8res et normes de l&#8217;industrie afin de bien pr\u00e9parer nos dipl\u00f4m\u00e9s \u00e0 \u00e9voluer dans un milieu de travail des plus exigeants. Nous vous invitons \u00e0 nous rendre visite et \u00e0 vous entretenir avec l\u2019un de nos conseillers pour explorer les multiples possibilit\u00e9s offertes dans le cadre de nos programmes.[\/vc_column_text][vc_row_inner][vc_column_inner width=&#8221;1\/2&#8243;][vc_btn title=&#8221;DEMANDE D&#8217;INFORMATIONS&#8221; style=&#8221;flat&#8221; color=&#8221;black&#8221; size=&#8221;lg&#8221; align=&#8221;center&#8221; el_class=&#8221;buttons&#8221; link=&#8221;url:%2Frequest-info%2F|||&#8221;][\/vc_column_inner][vc_column_inner width=&#8221;1\/2&#8243;][vc_btn title=&#8221;INSCRIVEZ-VOUS D\u00c8S MAINTENANT&#8221; style=&#8221;flat&#8221; color=&#8221;black&#8221; size=&#8221;lg&#8221; align=&#8221;center&#8221; el_class=&#8221;buttons&#8221; link=&#8221;url:https%3A%2F%2Fwww.inforoutefpt.org%2ForgSecOffres.aspx%3Fcode%3D887406%26type%3D2%26langue%3Den|||&#8221;][\/vc_column_inner][\/vc_row_inner][\/vc_column][\/vc_row][vc_row][vc_column][vc_raw_html]JTNDZGl2JTIwY2xhc3MlM0QlMjJ2aWRlb19ib3glMjB2aWRlb18yJTIyJTNFJTBBJTIwJTIwJTIwJTIwJTIwJTNDZGl2JTIwY2xhc3MlM0QlMjJlbWJlZC1yZXNwb25zaXZlJTIwZW1iZWQtcmVzcG9uc2l2ZS0xNmJ5OSUyMiUzRSUwQSUwOSUyMCUyMCUyMCUyMCUyMCUyMCUyMCUyMCUyMCUyMCUyMCUyMCUzQ3ZpZGVvJTIwaWQlM0QlMjJleHBvcmV2aWRlbyUyMiUyMGNsYXNzJTNEJTIyZW1iZWQtcmVzcG9uc2l2ZS1pdGVtJTIyJTIwd2lkdGglM0QlMjIxMDAlMjUlMjIlMjBwb3N0ZXIlM0QlMjIlMkZ3cC1jb250ZW50JTJGdXBsb2FkcyUyRjIwMTklMkYwMSUyRnBvc3Rlci5qcGclMjIlMjBwbGF5c2lubGluZSUzRCUyMiUyMiUyMGNvbnRyb2xzJTNEJTIyJTIyJTNFJTBBJTIwJTIwJTIwJTIwJTIwJTIwJTIwJTIwJTIwJTIwJTIwJTIwJTIwJTIwJTIwJTIwJTIwJTIwJTIwJTIwJTNDc291cmNlJTIwc3JjJTNEJTIyJTJGd3AtY29udGVudCUyRnVwbG9hZHMlMkYyMDE4JTJGMTIlMkZMYXVyaWVyX01hY2RvbmFsZF9Wb2NhdGlvbmFsX0NlbnRyZS5tcDQlMjIlMjB0eXBlJTNEJTIydmlkZW8lMkZtcDQlMjIlM0UlMEElMDklMDklMDklMDklMDklM0Nzb3VyY2UlMjBzcmMlM0QlMjIlMkZ3cC1jb250ZW50JTJGdXBsb2FkcyUyRjIwMTglMkYxMiUyRkxhdXJpZXJfTWFjZG9uYWxkX1ZvY2F0aW9uYWxfQ2VudHJlLm1wNCUyMiUyMHR5cGUlM0QlMjJ2aWRlbyUyRm9nZyUyMiUzRSUwQSUwOSUwOSUwOSUwOSUwOSUzQ3NvdXJjZSUyMHNyYyUzRCUyMiUyRndwLWNvbnRlbnQlMkZ1cGxvYWRzJTJGMjAxOCUyRjEyJTJGTGF1cmllcl9NYWNkb25hbGRfVm9jYXRpb25hbF9DZW50cmUubXA0JTIyJTIwdHlwZSUzRCUyMnZpZGVvJTJGd2VibSUyMiUzRSUwQSUyMCUyMCUyMCUyMCUyMCUyMCUyMCUyMCUyMCUyMCUyMCUyMCUyMCUyMCUyMCUyMCUzQyUyRnZpZGVvJTNFJTIwJTIwJTIwJTIwJTIwJTBBJTIwJTIwJTIwJTIwJTIwJTNDJTJGZGl2JTNFJTIwJTIwJTBBJTIwJTIwJTIwJTIwJTIwJTIwJTNDJTJGZGl2JTNF[\/vc_raw_html][\/vc_column][\/vc_row][vc_row ses_sub_title=&#8221;LE CENTRE DE FORMATION PROFESSIONNELLE LAURIER MACDONALD EST SITU\u00c9 DANS L&#8217;ARRONDISSEMENT DE SAINT-L\u00c9ONARD \u00c0 MONTR\u00c9AL.&#8221; css=&#8221;.vc_custom_1647615800426{background-color: #292929 !important;}&#8221;][vc_column width=&#8221;1\/3&#8243; el_class=&#8221;one-third&#8221;][vc_column_text css_animation=&#8221;fadeInLeft&#8221;]<\/p>\n<div class=\"icon-left1\"><i id=\"stay\" class=\"fas fa-graduation-cap\">\u00a0<\/i><\/div>\n<h5>DIPL\u00d4ME<\/h5>\n<p>Nos programmes conduisent \u00e0 un DEP ou une ASP d\u00e9livr\u00e9s par le minist\u00e8re de l&#8217;\u00c9ducation du Qu\u00e9bec. Notre personnel est exp\u00e9riment\u00e9 et d\u00e9vou\u00e9.[\/vc_column_text][\/vc_column][vc_column width=&#8221;1\/3&#8243; el_class=&#8221;one-third&#8221;][vc_column_text css_animation=&#8221;fadeInUp&#8221;]<\/p>\n<div class=\"icon-left1\">\uf080<\/div>\n<h5>HISTORIQUE<\/h5>\n<p>Notre r\u00e9putation en tant que centre de formation professionnelle en soudage-montage, m\u00e9canique automobile, coiffure et esth\u00e9tique est fond\u00e9e sur l&#8217;exp\u00e9rience.[\/vc_column_text][\/vc_column][vc_column width=&#8221;1\/3&#8243; el_class=&#8221;one-third&#8221;][vc_column_text css_animation=&#8221;fadeInRight&#8221;]<\/p>\n<div class=\"icon-left1\">\uf0b1<\/div>\n<h5>PARTENARIATS<\/h5>\n<p>Nous nous conformons aux crit\u00e8res et normes de l&#8217;industrie afin de bien pr\u00e9parer nos dipl\u00f4m\u00e9s \u00e0 \u00e9voluer dans un milieu de travail des plus exigeants.[\/vc_column_text][\/vc_column][\/vc_row][vc_row extra_id=&#8221;contact&#8221; ses_title=&#8221;NOUS JOINDRE&#8221; ses_sub_title=&#8221;EXPLOREZ LES MEILLEURS CHOIX DE CARRI\u00c8RE QUI S\u2019OFFRENT \u00c0 VOUS&#8221; css=&#8221;.vc_custom_1647615874797{background-color: #323232 !important;}&#8221;][vc_column width=&#8221;1\/3&#8243; column_effect=&#8221;bottommove&#8221;]\t\n\t<div class=\"contact-wrap\">\n\t\t<p><i class=\"fa fa-phone\"><\/i><span>APPELEZ-NOUS<\/span> <\/p>\n<p>+1 514-374-4278<br \/>\n<small><em>Du lundi au vendredi | 8h\u201321h<\/em><\/small><\/p>\n<p><\/p>\t\n\t<\/div>\n\n[\/vc_column][vc_column width=&#8221;1\/3&#8243; column_effect=&#8221;topmove&#8221;]\t\n\t<div class=\"contact-wrap\">\n\t\t<p><i class=\"fa fa-envelope\"><\/i><span>Courriel<\/span> <\/p>\n<p>lmacadult@emsb.qc.ca<\/p>\n<p><\/p>\t\n\t<\/div>\n\n[\/vc_column][vc_column width=&#8221;1\/3&#8243; column_effect=&#8221;bottommove&#8221;]\t\n\t<div class=\"contact-wrap\">\n\t\t<p><i class=\"fa fa-map-marker\"><\/i><span>VISITEZ-NOUS<\/span> <\/p>\n<p>5025, rue Jean-Talon Est,<br \/>\nSaint-L\u00e9onard (Qu\u00e9bec) H1S 3G6<\/p>\n<p><\/p>\t\n\t<\/div>\n\n[\/vc_column][\/vc_row][vc_row fullwidth=&#8221;yes&#8221; css=&#8221;.vc_custom_1415971339059{padding-bottom: 60px !important;}&#8221;][vc_column]\t\t\t<div class=\"container\">\n\t\t\t<div class=\"twelve columns\" data-scrollreveal=\"enter bottom and move 150px over 1s\">\t\n\t\t\t\t<a class=\"button-map close-map\"><span>Nous Trouver<\/span><\/a>\n\t\t\t<\/div>\n\t\t<\/div>\n\t\t\n\t<div id=\"google_map\"  ><\/div>\n\n\t<script type=\"text\/javascript\">\n\t\t(function($) { \"use strict\"\n\t\t\tvar e=new google.maps.LatLng(45.577207,-73.584957),\n\t\t\to={zoom:14,center:new google.maps.LatLng(45.577207,-73.584957),\n\t\t\tmapTypeId:google.maps.MapTypeId.ROADMAP,\n\t\t\tmapTypeControl:!1,\n\t\t\tscrollwheel:!1,\n\t\t\tdraggable:!0,\n\t\t\tnavigationControl:!1\n\t\t\t},\n\t\t\tn=new google.maps.Map(document.getElementById(\"google_map\"),o);\n\t\t\tgoogle.maps.event.addDomListener(window,\"resize\",function(){var e=n.getCenter();\n\t\t\tgoogle.maps.event.trigger(n,\"resize\"),n.setCenter(e)});\n\t\t\t\n\t\t\tvar g='<div class=\"map-tooltip\"><h6>LMCC<\/h6><\/div>',a=new google.maps.InfoWindow({content:g})\n\t\t\t,t=new google.maps.MarkerImage(\"https:\/\/lmaccareercentre.com\/wp-content\/uploads\/2014\/11\/map-pin.png\",new google.maps.Size(40,70),\n\t\t\tnew google.maps.Point(0,0),new google.maps.Point(20,55)),\n\t\t\ti=new google.maps.LatLng(45.577207,-73.584957),\n\t\t\tp=new google.maps.Marker({position:i,map:n,icon:t,zIndex:3});\n\t\t\tgoogle.maps.event.addListener(p,\"click\",function(){a.open(n,p)});\n\n\t\t\t\t\t\t\n\t\t\t\t$(\".button-map\").click(function(){$(\"#google_map\").slideToggle(300,function(){google.maps.event.trigger(n,\"resize\"),n.setCenter(e)}),\n\t\t\t\t$(this).toggleClass(\"close-map show-map\")});\n\t\t\t\n\t\t})(jQuery);\n\t<\/script>\n\n[\/vc_column][\/vc_row]<\/p>\n","protected":false},"excerpt":{"rendered":"<p>[vc_row wrap_class=&#8221;yes&#8221; css=&#8221;.vc_custom_1546535432554{padding-top: 160px !important;padding-bottom: 120px !important;background-image: url(http:\/\/lmaccareercentre.ca\/wp-content\/uploads\/2018\/12\/4.jpg?id=3673) !important;background-position: center !important;background-repeat: no-repeat !important;background-size: cover !important;}&#8221;][vc_column][vc_column_text css_animation=&#8221;fadeInLeft&#8221; el_class=&#8221;top_parallax_body_text&#8221;] \u00c0 PROPOS DE NOUS Le Centre de formation professionnelle Laurier Macdonald (CFPLM) est situ\u00e9 dans l&#8217;arrondissement de Saint-L\u00e9onard \u00e0 Montr\u00e9al. Nous nous sommes b\u00e2ti une r\u00e9putation de leader dans le domaine de l&#8217;automobile et de la beaut\u00e9. Nos [&hellip;]<\/p>\n","protected":false},"author":6,"featured_media":0,"parent":0,"menu_order":0,"comment_status":"closed","ping_status":"closed","template":"page-templates\/template-canvas.php","meta":{"_bbp_topic_count":0,"_bbp_reply_count":0,"_bbp_total_topic_count":0,"_bbp_total_reply_count":0,"_bbp_voice_count":0,"_bbp_anonymous_reply_count":0,"_bbp_topic_count_hidden":0,"_bbp_reply_count_hidden":0,"_bbp_forum_subforum_count":0,"footnotes":""},"class_list":["post-6542","page","type-page","status-publish","hentry"],"yoast_head":"<!-- This site is optimized with the Yoast SEO plugin v25.8 - https:\/\/yoast.com\/wordpress\/plugins\/seo\/ -->\n<title>About Laurier Macdonald Career Centre<\/title>\n<meta name=\"robots\" content=\"index, follow, max-snippet:-1, max-image-preview:large, max-video-preview:-1\" \/>\n<link rel=\"canonical\" href=\"https:\/\/lmaccareercentre.com\/fr\/a-propos\/\" \/>\n<meta property=\"og:locale\" content=\"fr_FR\" \/>\n<meta property=\"og:type\" content=\"article\" \/>\n<meta property=\"og:title\" content=\"About Laurier Macdonald Career Centre\" \/>\n<meta property=\"og:description\" content=\"[vc_row wrap_class=&#8221;yes&#8221; css=&#8221;.vc_custom_1546535432554{padding-top: 160px !important;padding-bottom: 120px !important;background-image: url(http:\/\/lmaccareercentre.ca\/wp-content\/uploads\/2018\/12\/4.jpg?id=3673) !important;background-position: center !important;background-repeat: no-repeat !important;background-size: cover !important;}&#8221;][vc_column][vc_column_text css_animation=&#8221;fadeInLeft&#8221; el_class=&#8221;top_parallax_body_text&#8221;] \u00c0 PROPOS DE NOUS Le Centre de formation professionnelle Laurier Macdonald (CFPLM) est situ\u00e9 dans l&#8217;arrondissement de Saint-L\u00e9onard \u00e0 Montr\u00e9al. Nous nous sommes b\u00e2ti une r\u00e9putation de leader dans le domaine de l&#8217;automobile et de la beaut\u00e9. Nos [&hellip;]\" \/>\n<meta property=\"og:url\" content=\"https:\/\/lmaccareercentre.com\/fr\/a-propos\/\" \/>\n<meta property=\"og:site_name\" content=\"Centre Laurier MacDonald\" \/>\n<meta property=\"article:publisher\" content=\"https:\/\/www.facebook.com\/LaurierMacdonaldCareerCentre\" \/>\n<meta property=\"article:modified_time\" content=\"2022-05-04T20:19:14+00:00\" \/>\n<meta name=\"twitter:card\" content=\"summary_large_image\" \/>\n<meta name=\"twitter:site\" content=\"@lmaccareer\" \/>\n<meta name=\"twitter:label1\" content=\"Dur\u00e9e de lecture estim\u00e9e\" \/>\n\t<meta name=\"twitter:data1\" content=\"4 minutes\" \/>\n<script type=\"application\/ld+json\" class=\"yoast-schema-graph\">{\"@context\":\"https:\/\/schema.org\",\"@graph\":[{\"@type\":\"WebPage\",\"@id\":\"https:\/\/lmaccareercentre.com\/fr\/a-propos\/\",\"url\":\"https:\/\/lmaccareercentre.com\/fr\/a-propos\/\",\"name\":\"About Laurier Macdonald Career Centre\",\"isPartOf\":{\"@id\":\"https:\/\/lmaccareercentre.com\/fr\/#website\"},\"datePublished\":\"2019-01-03T15:26:29+00:00\",\"dateModified\":\"2022-05-04T20:19:14+00:00\",\"inLanguage\":\"fr-FR\",\"potentialAction\":[{\"@type\":\"ReadAction\",\"target\":[\"https:\/\/lmaccareercentre.com\/fr\/a-propos\/\"]}]},{\"@type\":\"WebSite\",\"@id\":\"https:\/\/lmaccareercentre.com\/fr\/#website\",\"url\":\"https:\/\/lmaccareercentre.com\/fr\/\",\"name\":\"Centre Laurier MacDonald\",\"description\":\"Centre de formation professionnelle\",\"publisher\":{\"@id\":\"https:\/\/lmaccareercentre.com\/fr\/#organization\"},\"potentialAction\":[{\"@type\":\"SearchAction\",\"target\":{\"@type\":\"EntryPoint\",\"urlTemplate\":\"https:\/\/lmaccareercentre.com\/fr\/?s={search_term_string}\"},\"query-input\":{\"@type\":\"PropertyValueSpecification\",\"valueRequired\":true,\"valueName\":\"search_term_string\"}}],\"inLanguage\":\"fr-FR\"},{\"@type\":\"Organization\",\"@id\":\"https:\/\/lmaccareercentre.com\/fr\/#organization\",\"name\":\"Centre Laurier MacDonald\",\"url\":\"https:\/\/lmaccareercentre.com\/fr\/\",\"logo\":{\"@type\":\"ImageObject\",\"inLanguage\":\"fr-FR\",\"@id\":\"https:\/\/lmaccareercentre.com\/fr\/#\/schema\/logo\/image\/\",\"url\":\"https:\/\/lmaccareercentre.com\/wp-content\/uploads\/2018\/11\/logo-inv.png\",\"contentUrl\":\"https:\/\/lmaccareercentre.com\/wp-content\/uploads\/2018\/11\/logo-inv.png\",\"width\":606,\"height\":606,\"caption\":\"Centre Laurier MacDonald\"},\"image\":{\"@id\":\"https:\/\/lmaccareercentre.com\/fr\/#\/schema\/logo\/image\/\"},\"sameAs\":[\"https:\/\/www.facebook.com\/LaurierMacdonaldCareerCentre\",\"https:\/\/x.com\/lmaccareer\",\"https:\/\/www.instagram.com\/lauriermaccareercentre\/\"]}]}<\/script>\n<!-- \/ Yoast SEO plugin. -->","yoast_head_json":{"title":"About Laurier Macdonald Career Centre","robots":{"index":"index","follow":"follow","max-snippet":"max-snippet:-1","max-image-preview":"max-image-preview:large","max-video-preview":"max-video-preview:-1"},"canonical":"https:\/\/lmaccareercentre.com\/fr\/a-propos\/","og_locale":"fr_FR","og_type":"article","og_title":"About Laurier Macdonald Career Centre","og_description":"[vc_row wrap_class=&#8221;yes&#8221; css=&#8221;.vc_custom_1546535432554{padding-top: 160px !important;padding-bottom: 120px !important;background-image: url(http:\/\/lmaccareercentre.ca\/wp-content\/uploads\/2018\/12\/4.jpg?id=3673) !important;background-position: center !important;background-repeat: no-repeat !important;background-size: cover !important;}&#8221;][vc_column][vc_column_text css_animation=&#8221;fadeInLeft&#8221; el_class=&#8221;top_parallax_body_text&#8221;] \u00c0 PROPOS DE NOUS Le Centre de formation professionnelle Laurier Macdonald (CFPLM) est situ\u00e9 dans l&#8217;arrondissement de Saint-L\u00e9onard \u00e0 Montr\u00e9al. Nous nous sommes b\u00e2ti une r\u00e9putation de leader dans le domaine de l&#8217;automobile et de la beaut\u00e9. Nos [&hellip;]","og_url":"https:\/\/lmaccareercentre.com\/fr\/a-propos\/","og_site_name":"Centre Laurier MacDonald","article_publisher":"https:\/\/www.facebook.com\/LaurierMacdonaldCareerCentre","article_modified_time":"2022-05-04T20:19:14+00:00","twitter_card":"summary_large_image","twitter_site":"@lmaccareer","twitter_misc":{"Dur\u00e9e de lecture estim\u00e9e":"4 minutes"},"schema":{"@context":"https:\/\/schema.org","@graph":[{"@type":"WebPage","@id":"https:\/\/lmaccareercentre.com\/fr\/a-propos\/","url":"https:\/\/lmaccareercentre.com\/fr\/a-propos\/","name":"About Laurier Macdonald Career Centre","isPartOf":{"@id":"https:\/\/lmaccareercentre.com\/fr\/#website"},"datePublished":"2019-01-03T15:26:29+00:00","dateModified":"2022-05-04T20:19:14+00:00","inLanguage":"fr-FR","potentialAction":[{"@type":"ReadAction","target":["https:\/\/lmaccareercentre.com\/fr\/a-propos\/"]}]},{"@type":"WebSite","@id":"https:\/\/lmaccareercentre.com\/fr\/#website","url":"https:\/\/lmaccareercentre.com\/fr\/","name":"Centre Laurier MacDonald","description":"Centre de formation professionnelle","publisher":{"@id":"https:\/\/lmaccareercentre.com\/fr\/#organization"},"potentialAction":[{"@type":"SearchAction","target":{"@type":"EntryPoint","urlTemplate":"https:\/\/lmaccareercentre.com\/fr\/?s={search_term_string}"},"query-input":{"@type":"PropertyValueSpecification","valueRequired":true,"valueName":"search_term_string"}}],"inLanguage":"fr-FR"},{"@type":"Organization","@id":"https:\/\/lmaccareercentre.com\/fr\/#organization","name":"Centre Laurier MacDonald","url":"https:\/\/lmaccareercentre.com\/fr\/","logo":{"@type":"ImageObject","inLanguage":"fr-FR","@id":"https:\/\/lmaccareercentre.com\/fr\/#\/schema\/logo\/image\/","url":"https:\/\/lmaccareercentre.com\/wp-content\/uploads\/2018\/11\/logo-inv.png","contentUrl":"https:\/\/lmaccareercentre.com\/wp-content\/uploads\/2018\/11\/logo-inv.png","width":606,"height":606,"caption":"Centre Laurier MacDonald"},"image":{"@id":"https:\/\/lmaccareercentre.com\/fr\/#\/schema\/logo\/image\/"},"sameAs":["https:\/\/www.facebook.com\/LaurierMacdonaldCareerCentre","https:\/\/x.com\/lmaccareer","https:\/\/www.instagram.com\/lauriermaccareercentre\/"]}]}},"_links":{"self":[{"href":"https:\/\/lmaccareercentre.com\/fr\/wp-json\/wp\/v2\/pages\/6542","targetHints":{"allow":["GET"]}}],"collection":[{"href":"https:\/\/lmaccareercentre.com\/fr\/wp-json\/wp\/v2\/pages"}],"about":[{"href":"https:\/\/lmaccareercentre.com\/fr\/wp-json\/wp\/v2\/types\/page"}],"author":[{"embeddable":true,"href":"https:\/\/lmaccareercentre.com\/fr\/wp-json\/wp\/v2\/users\/6"}],"replies":[{"embeddable":true,"href":"https:\/\/lmaccareercentre.com\/fr\/wp-json\/wp\/v2\/comments?post=6542"}],"version-history":[{"count":4,"href":"https:\/\/lmaccareercentre.com\/fr\/wp-json\/wp\/v2\/pages\/6542\/revisions"}],"predecessor-version":[{"id":6680,"href":"https:\/\/lmaccareercentre.com\/fr\/wp-json\/wp\/v2\/pages\/6542\/revisions\/6680"}],"wp:attachment":[{"href":"https:\/\/lmaccareercentre.com\/fr\/wp-json\/wp\/v2\/media?parent=6542"}],"curies":[{"name":"wp","href":"https:\/\/api.w.org\/{rel}","templated":true}]}}